{"id":128,"date":"2020-03-01T14:32:18","date_gmt":"2020-03-01T13:32:18","guid":{"rendered":"http:\/\/www.foixeauvive.com\/?page_id=128"},"modified":"2025-04-28T11:05:48","modified_gmt":"2025-04-28T09:05:48","slug":"nos-tarifs-rafting-foix-ariege","status":"publish","type":"page","link":"https:\/\/www.foixeauvive.com\/en\/nos-tarifs-rafting-foix-ariege\/","title":{"rendered":"Nos tarifs"},"content":{"rendered":"<div class=\"yoast-breadcrumbs\"><span><span><a href=\"https:\/\/www.foixeauvive.com\/en\/\">Accueil<\/a><\/span> \u00bb <span class=\"breadcrumb_last\" aria-current=\"page\"><strong>Nos tarifs<\/strong><\/span><\/span><\/div>\n\n\n<div style=\"height:20px\" aria-hidden=\"true\" class=\"wp-block-spacer\"><\/div>\n\n\n<div class=\"wp-block-image is-resized\">\n<figure class=\"aligncenter\"><img data-recalc-dims=\"1\" loading=\"lazy\" decoding=\"async\" width=\"481\" height=\"456\" src=\"https:\/\/i0.wp.com\/www.foixeauvive.com\/wp-content\/uploads\/2019\/06\/FCKEV_Rafting-et-Canoe-Kayak2.png?resize=481%2C456\" alt=\"logo Foix Cano\u00eb Kayak Rafting \u00e0 Foix en Ari\u00e8ge\" class=\"wp-image-97\" style=\"width:228px;height:auto\" srcset=\"https:\/\/i0.wp.com\/www.foixeauvive.com\/wp-content\/uploads\/2019\/06\/FCKEV_Rafting-et-Canoe-Kayak2.png?w=481&amp;ssl=1 481w, https:\/\/i0.wp.com\/www.foixeauvive.com\/wp-content\/uploads\/2019\/06\/FCKEV_Rafting-et-Canoe-Kayak2.png?resize=300%2C284&amp;ssl=1 300w\" sizes=\"auto, (max-width: 481px) 100vw, 481px\" \/><\/figure><\/div>\n\n\n<div style=\"height:25px\" aria-hidden=\"true\" class=\"wp-block-spacer\"><\/div>\n\n\n\n<p class=\"has-text-align-left justify has-medium-font-size\">We offer several rafting routes at the Foix whitewater rafting stadium in Ari\u00e8ge and the surrounding area. We're open year-round, but don't forget to call ahead to book!<\/p>\n\n\n\n<p class=\"has-medium-font-size\">Consult <a href=\"http:\/\/www.foixeauvive.com\/en\/le-rafting-descente-de-lariege-a-foix\/\">Our routes<\/a> and <a href=\"http:\/\/www.foixeauvive.com\/en\/infos-pratique-rafting-foix-ariege\/\">Practical informations<\/a> for more details.<\/p>\n\n\n\n<div style=\"height:40px\" aria-hidden=\"true\" class=\"wp-block-spacer\"><\/div>\n\n\n\n<table id=\"tablepress-2\" class=\"tablepress tablepress-id-2\">\n<thead>\n<tr class=\"row-1\">\n\t<th class=\"column-1\"><center><strong>Parcours  Eau Vive<\/strong><\/center><\/th><th class=\"column-2\"><center><strong>Parcours D\u00e9couverte<\/strong><\/center><\/th><th class=\"column-3\"><center><strong>Parcours Famille<\/strong><\/center><\/th><th class=\"column-4\"><center><strong>Parcours Aventure<\/strong><\/center><\/th>\n<\/tr>\n<\/thead>\n<tbody class=\"row-striping\">\n<tr class=\"row-2\">\n\t<td class=\"column-1\"><img data-recalc-dims=\"1\" loading=\"lazy\" decoding=\"async\" src=\"https:\/\/i0.wp.com\/www.foixeauvive.com\/wp-content\/uploads\/2025\/03\/Descente-Ariege-Foix-Canoe-Kayak-Eau-Vive-FCKEV-parcours-eau-vive.webp?resize=285%2C190&#038;ssl=1\" alt=\"Descente Ari\u00e8ge - Foix Cano\u00eb Kayak Eau Vive - FCKEV - parcours eau vive\" width=\"285\" height=\"190\" class=\"alignnone size-medium wp-image-2218\" srcset=\"https:\/\/i0.wp.com\/www.foixeauvive.com\/wp-content\/uploads\/2025\/03\/Descente-Ariege-Foix-Canoe-Kayak-Eau-Vive-FCKEV-parcours-eau-vive.webp?resize=300%2C200&amp;ssl=1 300w, https:\/\/i0.wp.com\/www.foixeauvive.com\/wp-content\/uploads\/2025\/03\/Descente-Ariege-Foix-Canoe-Kayak-Eau-Vive-FCKEV-parcours-eau-vive.webp?resize=768%2C511&amp;ssl=1 768w, https:\/\/i0.wp.com\/www.foixeauvive.com\/wp-content\/uploads\/2025\/03\/Descente-Ariege-Foix-Canoe-Kayak-Eau-Vive-FCKEV-parcours-eau-vive.webp?resize=18%2C12&amp;ssl=1 18w, https:\/\/i0.wp.com\/www.foixeauvive.com\/wp-content\/uploads\/2025\/03\/Descente-Ariege-Foix-Canoe-Kayak-Eau-Vive-FCKEV-parcours-eau-vive.webp?w=1024&amp;ssl=1 1024w\" sizes=\"auto, (max-width: 285px) 100vw, 285px\" \/><\/td><td class=\"column-2\"><img data-recalc-dims=\"1\" loading=\"lazy\" decoding=\"async\" src=\"https:\/\/i0.wp.com\/www.foixeauvive.com\/wp-content\/uploads\/2025\/03\/Descente-Ariege-Foix-Canoe-Kayak-Eau-Vive-FCKEV-parcours-decouverte.webp?resize=285%2C190&#038;ssl=1\" alt=\"Descente Ari\u00e8ge - Foix Cano\u00eb Kayak Eau Vive - FCKEV - parcours d\u00e9couverte\" width=\"285\" height=\"190\" class=\"alignnone size-medium wp-image-2217\" srcset=\"https:\/\/i0.wp.com\/www.foixeauvive.com\/wp-content\/uploads\/2025\/03\/Descente-Ariege-Foix-Canoe-Kayak-Eau-Vive-FCKEV-parcours-decouverte.webp?resize=300%2C200&amp;ssl=1 300w, https:\/\/i0.wp.com\/www.foixeauvive.com\/wp-content\/uploads\/2025\/03\/Descente-Ariege-Foix-Canoe-Kayak-Eau-Vive-FCKEV-parcours-decouverte.webp?resize=768%2C511&amp;ssl=1 768w, https:\/\/i0.wp.com\/www.foixeauvive.com\/wp-content\/uploads\/2025\/03\/Descente-Ariege-Foix-Canoe-Kayak-Eau-Vive-FCKEV-parcours-decouverte.webp?resize=18%2C12&amp;ssl=1 18w, https:\/\/i0.wp.com\/www.foixeauvive.com\/wp-content\/uploads\/2025\/03\/Descente-Ariege-Foix-Canoe-Kayak-Eau-Vive-FCKEV-parcours-decouverte.webp?w=1024&amp;ssl=1 1024w\" sizes=\"auto, (max-width: 285px) 100vw, 285px\" \/><\/td><td class=\"column-3\"><img data-recalc-dims=\"1\" loading=\"lazy\" decoding=\"async\" src=\"https:\/\/i0.wp.com\/www.foixeauvive.com\/wp-content\/uploads\/2025\/03\/Descente-Ariege-Foix-Canoe-Kayak-Eau-Vive-FCKEV-parcours-famille.webp?resize=285%2C190&#038;ssl=1\" alt=\"Descente Ari\u00e8ge - Foix Cano\u00eb Kayak Eau Vive - FCKEV - parcours famille\" width=\"285\" height=\"190\" class=\"alignnone size-medium wp-image-2219\" srcset=\"https:\/\/i0.wp.com\/www.foixeauvive.com\/wp-content\/uploads\/2025\/03\/Descente-Ariege-Foix-Canoe-Kayak-Eau-Vive-FCKEV-parcours-famille.webp?resize=300%2C200&amp;ssl=1 300w, https:\/\/i0.wp.com\/www.foixeauvive.com\/wp-content\/uploads\/2025\/03\/Descente-Ariege-Foix-Canoe-Kayak-Eau-Vive-FCKEV-parcours-famille.webp?resize=768%2C511&amp;ssl=1 768w, https:\/\/i0.wp.com\/www.foixeauvive.com\/wp-content\/uploads\/2025\/03\/Descente-Ariege-Foix-Canoe-Kayak-Eau-Vive-FCKEV-parcours-famille.webp?resize=18%2C12&amp;ssl=1 18w, https:\/\/i0.wp.com\/www.foixeauvive.com\/wp-content\/uploads\/2025\/03\/Descente-Ariege-Foix-Canoe-Kayak-Eau-Vive-FCKEV-parcours-famille.webp?w=1024&amp;ssl=1 1024w\" sizes=\"auto, (max-width: 285px) 100vw, 285px\" \/><\/td><td class=\"column-4\"><img data-recalc-dims=\"1\" loading=\"lazy\" decoding=\"async\" src=\"https:\/\/i0.wp.com\/www.foixeauvive.com\/wp-content\/uploads\/2025\/03\/Descente-Ariege-Foix-Canoe-Kayak-Eau-Vive-FCKEV-parcours-aventure.webp?resize=285%2C190&#038;ssl=1\" alt=\"Descente Ari\u00e8ge - Foix Cano\u00eb Kayak Eau Vive - FCKEV - parcours aventure\" width=\"285\" height=\"190\" class=\"size-medium wp-image-2216\" srcset=\"https:\/\/i0.wp.com\/www.foixeauvive.com\/wp-content\/uploads\/2025\/03\/Descente-Ariege-Foix-Canoe-Kayak-Eau-Vive-FCKEV-parcours-aventure.webp?resize=16%2C12&amp;ssl=1 16w, https:\/\/i0.wp.com\/www.foixeauvive.com\/wp-content\/uploads\/2025\/03\/Descente-Ariege-Foix-Canoe-Kayak-Eau-Vive-FCKEV-parcours-aventure.webp?zoom=2&amp;resize=285%2C190&amp;ssl=1 570w, https:\/\/i0.wp.com\/www.foixeauvive.com\/wp-content\/uploads\/2025\/03\/Descente-Ariege-Foix-Canoe-Kayak-Eau-Vive-FCKEV-parcours-aventure.webp?zoom=3&amp;resize=285%2C190&amp;ssl=1 855w\" sizes=\"auto, (max-width: 285px) 100vw, 285px\" \/><\/td>\n<\/tr>\n<tr class=\"row-3\">\n\t<td class=\"column-1\">Ferri\u00e8re &rarr; Foix (club)<br \/> + Whitewater stadium bonus<\/td><td class=\"column-2\">Ferri\u00e8re &rarr; Foix (club)<\/td><td class=\"column-3\">Ferri\u00e8re &rarr; Foix (Bruilhos)<\/td><td class=\"column-4\">Mercus &rarr; Foix (club)<\/td>\n<\/tr>\n<tr class=\"row-4\">\n\t<td class=\"column-1\">3 Km<br \/> +<strong> Whitewater stadium bonus<\/strong><\/td><td class=\"column-2\">3 Km<\/td><td class=\"column-3\">6 Km<\/td><td class=\"column-4\">9 Km<\/td>\n<\/tr>\n<tr class=\"row-5\">\n\t<td class=\"column-1\">1 hour of rafting<br \/> <strong>+ 30 min <br \/>\nof inflatable Canoe-Kayak<\/strong><\/td><td class=\"column-2\">Raft ou<br \/>Inflatable Canoe-Kayak<\/td><td class=\"column-3\">Raft ou<br \/>Inflatable Canoe-Kayak<\/td><td class=\"column-4\">Inflatable Canoe-Kayak<\/td>\n<\/tr>\n<tr class=\"row-6\">\n\t<td class=\"column-1\"><strong>Target audience<\/strong><\/td><td class=\"column-2\"><strong>Target audience<\/strong><\/td><td class=\"column-3\"><strong>Target audience<\/strong><\/td><td class=\"column-4\"><strong>Target audience<\/strong><\/td>\n<\/tr>\n<tr class=\"row-7\">\n\t<td class=\"column-1\">Know how to swim<\/td><td class=\"column-2\">Know how to swim<\/td><td class=\"column-3\">Know how to swim<\/td><td class=\"column-4\">Know how to swim<\/td>\n<\/tr>\n<tr class=\"row-8\">\n\t<td class=\"column-1\">From 12 years old<\/td><td class=\"column-2\">From 8 years old<\/td><td class=\"column-3\">From 8 years old<\/td><td class=\"column-4\">From 12 years old<\/td>\n<\/tr>\n<tr class=\"row-9\">\n\t<td class=\"column-1\"><strong>Duration<\/strong><\/td><td class=\"column-2\"><strong>Duration<\/strong><\/td><td class=\"column-3\"><strong>Duration<\/strong><\/td><td class=\"column-4\"><strong>Duration<\/strong><\/td>\n<\/tr>\n<tr class=\"row-10\">\n\t<td class=\"column-1\">1h30 to 2 hours of activity<\/td><td class=\"column-2\">1 hour of activity<\/td><td class=\"column-3\">1h30 to 2 hours of activity<\/td><td class=\"column-4\">2h30 to 3 hours of activity<\/td>\n<\/tr>\n<tr class=\"row-11\">\n\t<td class=\"column-1\">3 hours all logistics included<\/td><td class=\"column-2\">2 hours all logistics included<\/td><td class=\"column-3\">3 hours all logistics included<\/td><td class=\"column-4\">4 hours all logistics included<\/td>\n<\/tr>\n<tr class=\"row-12\">\n\t<td class=\"column-1\"><strong>Prices<\/strong><\/td><td class=\"column-2\"><strong>Prices<\/strong><\/td><td class=\"column-3\"><strong>Prices<\/strong><\/td><td class=\"column-4\"><strong>Prices<\/strong><\/td>\n<\/tr>\n<tr class=\"row-13\">\n\t<td class=\"column-1\">35\u20ac per person<\/td><td class=\"column-2\">30\u20ac per person<\/td><td class=\"column-3\">35\u20ac per person<\/td><td class=\"column-4\">50\u20ac per person<\/td>\n<\/tr>\n<tr class=\"row-14\">\n\t<td class=\"column-1\">Group of 8 people: \u20ac33<\/td><td class=\"column-2\">Group of 8 people: \u20ac27<\/td><td class=\"column-3\">Group of 8 people: \u20ac33<\/td><td class=\"column-4\">Group of 8 people: \u20ac47<\/td>\n<\/tr>\n<tr class=\"row-15\">\n\t<td class=\"column-1\">Group of 15 people: \u20ac31<\/td><td class=\"column-2\">Group of 15 people: \u20ac25<\/td><td class=\"column-3\">Group of 15 people: \u20ac31<\/td><td class=\"column-4\"><\/td>\n<\/tr>\n<tr class=\"row-16\">\n\t<td class=\"column-1\">Group of 30 people: \u20ac29<\/td><td class=\"column-2\">Group of 30 people: \u20ac23<\/td><td class=\"column-3\">Group of 30 people: \u20ac29<\/td><td class=\"column-4\"><\/td>\n<\/tr>\n<\/tbody>\n<\/table>\n<!-- #tablepress-2 from cache -->\n\n\n\n<div style=\"height:100px\" aria-hidden=\"true\" class=\"wp-block-spacer\"><\/div>","protected":false},"excerpt":{"rendered":"<p>Nous proposons plusieurs parcours de rafting sur le stade d\u2019eau vive de Foix en Ari\u00e8ge et aux alentours. Nous sommes ouverts toute l&rsquo;ann\u00e9e mais n\u2019oubliez pas de t\u00e9l\u00e9phoner pour r\u00e9server<\/p>\n<div><a class=\"btn-filled btn\" href=\"https:\/\/www.foixeauvive.com\/en\/nos-tarifs-rafting-foix-ariege\/\" title=\"Nos tarifs\">Read More<\/a><\/div>","protected":false},"author":6,"featured_media":0,"parent":0,"menu_order":0,"comment_status":"closed","ping_status":"closed","template":"page-templates\/full-width.php","meta":{"footnotes":""},"class_list":["post-128","page","type-page","status-publish","hentry"],"yoast_head":"<!-- This site is optimized with the Yoast SEO plugin v26.8 - https:\/\/yoast.com\/product\/yoast-seo-wordpress\/ -->\n<title>Nos tarifs - Rafting et Kayak en Ari\u00e8ge<\/title>\n<meta name=\"description\" content=\"Regardez les tarifs propos\u00e9 pour faire du rafting \u00e0 Foix en Ari\u00e8ge et sur l&#039;Ari\u00e8ge.\" \/>\n<meta name=\"robots\" content=\"index, follow, max-snippet:-1, max-image-preview:large, max-video-preview:-1\" \/>\n<link rel=\"canonical\" href=\"https:\/\/www.foixeauvive.com\/en\/nos-tarifs-rafting-foix-ariege\/\" \/>\n<meta property=\"og:locale\" content=\"en_GB\" \/>\n<meta property=\"og:type\" content=\"article\" \/>\n<meta property=\"og:title\" content=\"Nos tarifs - Rafting et Kayak en Ari\u00e8ge\" \/>\n<meta property=\"og:description\" content=\"Regardez les tarifs propos\u00e9 pour faire du rafting \u00e0 Foix en Ari\u00e8ge et sur l&#039;Ari\u00e8ge.\" \/>\n<meta property=\"og:url\" content=\"https:\/\/www.foixeauvive.com\/en\/nos-tarifs-rafting-foix-ariege\/\" \/>\n<meta property=\"og:site_name\" content=\"Rafting et Kayak en Ari\u00e8ge\" \/>\n<meta property=\"article:modified_time\" content=\"2025-04-28T09:05:48+00:00\" \/>\n<meta property=\"og:image\" content=\"http:\/\/www.foixeauvive.com\/wp-content\/uploads\/2019\/06\/FCKEV_Rafting-et-Canoe-Kayak2.png\" \/>\n<meta name=\"twitter:card\" content=\"summary_large_image\" \/>\n<meta name=\"twitter:label1\" content=\"Estimated reading time\" \/>\n\t<meta name=\"twitter:data1\" content=\"1 minute\" \/>\n<script type=\"application\/ld+json\" class=\"yoast-schema-graph\">{\"@context\":\"https:\/\/schema.org\",\"@graph\":[{\"@type\":\"WebPage\",\"@id\":\"https:\/\/www.foixeauvive.com\/nos-tarifs-rafting-foix-ariege\/\",\"url\":\"https:\/\/www.foixeauvive.com\/nos-tarifs-rafting-foix-ariege\/\",\"name\":\"Nos tarifs - Rafting et Kayak en Ari\u00e8ge\",\"isPartOf\":{\"@id\":\"https:\/\/www.foixeauvive.com\/#website\"},\"primaryImageOfPage\":{\"@id\":\"https:\/\/www.foixeauvive.com\/nos-tarifs-rafting-foix-ariege\/#primaryimage\"},\"image\":{\"@id\":\"https:\/\/www.foixeauvive.com\/nos-tarifs-rafting-foix-ariege\/#primaryimage\"},\"thumbnailUrl\":\"http:\/\/www.foixeauvive.com\/wp-content\/uploads\/2019\/06\/FCKEV_Rafting-et-Canoe-Kayak2.png\",\"datePublished\":\"2020-03-01T13:32:18+00:00\",\"dateModified\":\"2025-04-28T09:05:48+00:00\",\"description\":\"Regardez les tarifs propos\u00e9 pour faire du rafting \u00e0 Foix en Ari\u00e8ge et sur l'Ari\u00e8ge.\",\"breadcrumb\":{\"@id\":\"https:\/\/www.foixeauvive.com\/nos-tarifs-rafting-foix-ariege\/#breadcrumb\"},\"inLanguage\":\"en-GB\",\"potentialAction\":[{\"@type\":\"ReadAction\",\"target\":[\"https:\/\/www.foixeauvive.com\/nos-tarifs-rafting-foix-ariege\/\"]}]},{\"@type\":\"ImageObject\",\"inLanguage\":\"en-GB\",\"@id\":\"https:\/\/www.foixeauvive.com\/nos-tarifs-rafting-foix-ariege\/#primaryimage\",\"url\":\"http:\/\/www.foixeauvive.com\/wp-content\/uploads\/2019\/06\/FCKEV_Rafting-et-Canoe-Kayak2.png\",\"contentUrl\":\"http:\/\/www.foixeauvive.com\/wp-content\/uploads\/2019\/06\/FCKEV_Rafting-et-Canoe-Kayak2.png\"},{\"@type\":\"BreadcrumbList\",\"@id\":\"https:\/\/www.foixeauvive.com\/nos-tarifs-rafting-foix-ariege\/#breadcrumb\",\"itemListElement\":[{\"@type\":\"ListItem\",\"position\":1,\"name\":\"Accueil\",\"item\":\"https:\/\/www.foixeauvive.com\/\"},{\"@type\":\"ListItem\",\"position\":2,\"name\":\"Nos tarifs\"}]},{\"@type\":\"WebSite\",\"@id\":\"https:\/\/www.foixeauvive.com\/#website\",\"url\":\"https:\/\/www.foixeauvive.com\/\",\"name\":\"Rafting et Kayak en Ari\u00e8ge\",\"description\":\"Rafting, kayak et cano\u00eb sur Ari\u00e8ge \u00e0 Foix\",\"publisher\":{\"@id\":\"https:\/\/www.foixeauvive.com\/#organization\"},\"potentialAction\":[{\"@type\":\"SearchAction\",\"target\":{\"@type\":\"EntryPoint\",\"urlTemplate\":\"https:\/\/www.foixeauvive.com\/?s={search_term_string}\"},\"query-input\":{\"@type\":\"PropertyValueSpecification\",\"valueRequired\":true,\"valueName\":\"search_term_string\"}}],\"inLanguage\":\"en-GB\"},{\"@type\":\"Organization\",\"@id\":\"https:\/\/www.foixeauvive.com\/#organization\",\"name\":\"Rafting et Kayak en Ari\u00e8ge\",\"url\":\"https:\/\/www.foixeauvive.com\/\",\"logo\":{\"@type\":\"ImageObject\",\"inLanguage\":\"en-GB\",\"@id\":\"https:\/\/www.foixeauvive.com\/#\/schema\/logo\/image\/\",\"url\":\"https:\/\/i0.wp.com\/www.foixeauvive.com\/wp-content\/uploads\/2025\/03\/cropped-Logo_FCKEV_Foix-Canoe-Kayak-eau-Vive-200.png?fit=200%2C148&ssl=1\",\"contentUrl\":\"https:\/\/i0.wp.com\/www.foixeauvive.com\/wp-content\/uploads\/2025\/03\/cropped-Logo_FCKEV_Foix-Canoe-Kayak-eau-Vive-200.png?fit=200%2C148&ssl=1\",\"width\":200,\"height\":148,\"caption\":\"Rafting et Kayak en Ari\u00e8ge\"},\"image\":{\"@id\":\"https:\/\/www.foixeauvive.com\/#\/schema\/logo\/image\/\"}}]}<\/script>\n<!-- \/ Yoast SEO plugin. -->","yoast_head_json":{"title":"Nos tarifs - Rafting et Kayak en Ari\u00e8ge","description":"Regardez les tarifs propos\u00e9 pour faire du rafting \u00e0 Foix en Ari\u00e8ge et sur l'Ari\u00e8ge.","robots":{"index":"index","follow":"follow","max-snippet":"max-snippet:-1","max-image-preview":"max-image-preview:large","max-video-preview":"max-video-preview:-1"},"canonical":"https:\/\/www.foixeauvive.com\/en\/nos-tarifs-rafting-foix-ariege\/","og_locale":"en_GB","og_type":"article","og_title":"Nos tarifs - Rafting et Kayak en Ari\u00e8ge","og_description":"Regardez les tarifs propos\u00e9 pour faire du rafting \u00e0 Foix en Ari\u00e8ge et sur l'Ari\u00e8ge.","og_url":"https:\/\/www.foixeauvive.com\/en\/nos-tarifs-rafting-foix-ariege\/","og_site_name":"Rafting et Kayak en Ari\u00e8ge","article_modified_time":"2025-04-28T09:05:48+00:00","og_image":[{"url":"http:\/\/www.foixeauvive.com\/wp-content\/uploads\/2019\/06\/FCKEV_Rafting-et-Canoe-Kayak2.png","type":"","width":"","height":""}],"twitter_card":"summary_large_image","twitter_misc":{"Estimated reading time":"1 minute"},"schema":{"@context":"https:\/\/schema.org","@graph":[{"@type":"WebPage","@id":"https:\/\/www.foixeauvive.com\/nos-tarifs-rafting-foix-ariege\/","url":"https:\/\/www.foixeauvive.com\/nos-tarifs-rafting-foix-ariege\/","name":"Nos tarifs - Rafting et Kayak en Ari\u00e8ge","isPartOf":{"@id":"https:\/\/www.foixeauvive.com\/#website"},"primaryImageOfPage":{"@id":"https:\/\/www.foixeauvive.com\/nos-tarifs-rafting-foix-ariege\/#primaryimage"},"image":{"@id":"https:\/\/www.foixeauvive.com\/nos-tarifs-rafting-foix-ariege\/#primaryimage"},"thumbnailUrl":"http:\/\/www.foixeauvive.com\/wp-content\/uploads\/2019\/06\/FCKEV_Rafting-et-Canoe-Kayak2.png","datePublished":"2020-03-01T13:32:18+00:00","dateModified":"2025-04-28T09:05:48+00:00","description":"Regardez les tarifs propos\u00e9 pour faire du rafting \u00e0 Foix en Ari\u00e8ge et sur l'Ari\u00e8ge.","breadcrumb":{"@id":"https:\/\/www.foixeauvive.com\/nos-tarifs-rafting-foix-ariege\/#breadcrumb"},"inLanguage":"en-GB","potentialAction":[{"@type":"ReadAction","target":["https:\/\/www.foixeauvive.com\/nos-tarifs-rafting-foix-ariege\/"]}]},{"@type":"ImageObject","inLanguage":"en-GB","@id":"https:\/\/www.foixeauvive.com\/nos-tarifs-rafting-foix-ariege\/#primaryimage","url":"http:\/\/www.foixeauvive.com\/wp-content\/uploads\/2019\/06\/FCKEV_Rafting-et-Canoe-Kayak2.png","contentUrl":"http:\/\/www.foixeauvive.com\/wp-content\/uploads\/2019\/06\/FCKEV_Rafting-et-Canoe-Kayak2.png"},{"@type":"BreadcrumbList","@id":"https:\/\/www.foixeauvive.com\/nos-tarifs-rafting-foix-ariege\/#breadcrumb","itemListElement":[{"@type":"ListItem","position":1,"name":"Accueil","item":"https:\/\/www.foixeauvive.com\/"},{"@type":"ListItem","position":2,"name":"Nos tarifs"}]},{"@type":"WebSite","@id":"https:\/\/www.foixeauvive.com\/#website","url":"https:\/\/www.foixeauvive.com\/","name":"Rafting et Kayak en Ari\u00e8ge","description":"Rafting, kayak et cano\u00eb sur Ari\u00e8ge \u00e0 Foix","publisher":{"@id":"https:\/\/www.foixeauvive.com\/#organization"},"potentialAction":[{"@type":"SearchAction","target":{"@type":"EntryPoint","urlTemplate":"https:\/\/www.foixeauvive.com\/?s={search_term_string}"},"query-input":{"@type":"PropertyValueSpecification","valueRequired":true,"valueName":"search_term_string"}}],"inLanguage":"en-GB"},{"@type":"Organization","@id":"https:\/\/www.foixeauvive.com\/#organization","name":"Rafting et Kayak en Ari\u00e8ge","url":"https:\/\/www.foixeauvive.com\/","logo":{"@type":"ImageObject","inLanguage":"en-GB","@id":"https:\/\/www.foixeauvive.com\/#\/schema\/logo\/image\/","url":"https:\/\/i0.wp.com\/www.foixeauvive.com\/wp-content\/uploads\/2025\/03\/cropped-Logo_FCKEV_Foix-Canoe-Kayak-eau-Vive-200.png?fit=200%2C148&ssl=1","contentUrl":"https:\/\/i0.wp.com\/www.foixeauvive.com\/wp-content\/uploads\/2025\/03\/cropped-Logo_FCKEV_Foix-Canoe-Kayak-eau-Vive-200.png?fit=200%2C148&ssl=1","width":200,"height":148,"caption":"Rafting et Kayak en Ari\u00e8ge"},"image":{"@id":"https:\/\/www.foixeauvive.com\/#\/schema\/logo\/image\/"}}]}},"jetpack_sharing_enabled":true,"_links":{"self":[{"href":"https:\/\/www.foixeauvive.com\/en\/wp-json\/wp\/v2\/pages\/128","targetHints":{"allow":["GET"]}}],"collection":[{"href":"https:\/\/www.foixeauvive.com\/en\/wp-json\/wp\/v2\/pages"}],"about":[{"href":"https:\/\/www.foixeauvive.com\/en\/wp-json\/wp\/v2\/types\/page"}],"author":[{"embeddable":true,"href":"https:\/\/www.foixeauvive.com\/en\/wp-json\/wp\/v2\/users\/6"}],"replies":[{"embeddable":true,"href":"https:\/\/www.foixeauvive.com\/en\/wp-json\/wp\/v2\/comments?post=128"}],"version-history":[{"count":0,"href":"https:\/\/www.foixeauvive.com\/en\/wp-json\/wp\/v2\/pages\/128\/revisions"}],"wp:attachment":[{"href":"https:\/\/www.foixeauvive.com\/en\/wp-json\/wp\/v2\/media?parent=128"}],"curies":[{"name":"wp","href":"https:\/\/api.w.org\/{rel}","templated":true}]}}