{"id":135,"date":"2020-03-01T14:48:39","date_gmt":"2020-03-01T13:48:39","guid":{"rendered":"http:\/\/www.foixeauvive.com\/?page_id=135"},"modified":"2025-04-02T01:24:17","modified_gmt":"2025-04-01T23:24:17","slug":"infos-pratique-rafting-foix-ariege","status":"publish","type":"page","link":"https:\/\/www.foixeauvive.com\/en\/infos-pratique-rafting-foix-ariege\/","title":{"rendered":"Infos pratiques"},"content":{"rendered":"<div class=\"yoast-breadcrumbs\"><span><span><a href=\"https:\/\/www.foixeauvive.com\/en\/\">Accueil<\/a><\/span> \u00bb <span class=\"breadcrumb_last\" aria-current=\"page\"><strong>Infos pratiques<\/strong><\/span><\/span><\/div>\n\n\n<div style=\"height:20px\" aria-hidden=\"true\" class=\"wp-block-spacer\"><\/div>\n\n\n\n<div class=\"wp-block-cover aligncenter is-light has-custom-content-position is-position-bottom-right border-grey shadow-box wp-duotone-grayscale\" style=\"min-height:530px;aspect-ratio:unset;\"><span aria-hidden=\"true\" class=\"wp-block-cover__background has-background-dim-0 has-background-dim\" style=\"background-color:#a4a59e\"><\/span><img data-recalc-dims=\"1\" loading=\"lazy\" decoding=\"async\" width=\"1140\" height=\"749\" class=\"wp-block-cover__image-background wp-image-666\" alt=\"\" src=\"https:\/\/i0.wp.com\/www.foixeauvive.com\/wp-content\/uploads\/2021\/03\/photo-1.jpg?resize=1140%2C749&#038;ssl=1\" data-object-fit=\"cover\" srcset=\"https:\/\/i0.wp.com\/www.foixeauvive.com\/wp-content\/uploads\/2021\/03\/photo-1.jpg?w=1915&amp;ssl=1 1915w, https:\/\/i0.wp.com\/www.foixeauvive.com\/wp-content\/uploads\/2021\/03\/photo-1.jpg?resize=300%2C197&amp;ssl=1 300w, https:\/\/i0.wp.com\/www.foixeauvive.com\/wp-content\/uploads\/2021\/03\/photo-1.jpg?resize=1024%2C673&amp;ssl=1 1024w, https:\/\/i0.wp.com\/www.foixeauvive.com\/wp-content\/uploads\/2021\/03\/photo-1.jpg?resize=768%2C505&amp;ssl=1 768w, https:\/\/i0.wp.com\/www.foixeauvive.com\/wp-content\/uploads\/2021\/03\/photo-1.jpg?resize=1536%2C1009&amp;ssl=1 1536w\" sizes=\"auto, (max-width: 1140px) 100vw, 1140px\" \/><div class=\"wp-block-cover__inner-container is-layout-constrained wp-block-cover-is-layout-constrained\">\n<figure class=\"wp-block-image size-thumbnail is-style-default\"><img data-recalc-dims=\"1\" loading=\"lazy\" decoding=\"async\" width=\"150\" height=\"150\" src=\"https:\/\/i0.wp.com\/www.foixeauvive.com\/wp-content\/uploads\/2025\/03\/cropped-logo-fckev-Foix-Canoe-Kayak-Eau-Vive-5.png?resize=150%2C150&#038;ssl=1\" alt=\"logo fckev - Foix Cano\u00eb Kayak Eau Vive\" class=\"wp-image-2302\" style=\"object-fit:cover\" srcset=\"https:\/\/i0.wp.com\/www.foixeauvive.com\/wp-content\/uploads\/2025\/03\/cropped-logo-fckev-Foix-Canoe-Kayak-Eau-Vive-5.png?resize=150%2C150&amp;ssl=1 150w, https:\/\/i0.wp.com\/www.foixeauvive.com\/wp-content\/uploads\/2025\/03\/cropped-logo-fckev-Foix-Canoe-Kayak-Eau-Vive-5.png?resize=300%2C300&amp;ssl=1 300w, https:\/\/i0.wp.com\/www.foixeauvive.com\/wp-content\/uploads\/2025\/03\/cropped-logo-fckev-Foix-Canoe-Kayak-Eau-Vive-5.png?resize=12%2C12&amp;ssl=1 12w, https:\/\/i0.wp.com\/www.foixeauvive.com\/wp-content\/uploads\/2025\/03\/cropped-logo-fckev-Foix-Canoe-Kayak-Eau-Vive-5.png?resize=270%2C270&amp;ssl=1 270w, https:\/\/i0.wp.com\/www.foixeauvive.com\/wp-content\/uploads\/2025\/03\/cropped-logo-fckev-Foix-Canoe-Kayak-Eau-Vive-5.png?resize=192%2C192&amp;ssl=1 192w, https:\/\/i0.wp.com\/www.foixeauvive.com\/wp-content\/uploads\/2025\/03\/cropped-logo-fckev-Foix-Canoe-Kayak-Eau-Vive-5.png?resize=180%2C180&amp;ssl=1 180w, https:\/\/i0.wp.com\/www.foixeauvive.com\/wp-content\/uploads\/2025\/03\/cropped-logo-fckev-Foix-Canoe-Kayak-Eau-Vive-5.png?resize=32%2C32&amp;ssl=1 32w, https:\/\/i0.wp.com\/www.foixeauvive.com\/wp-content\/uploads\/2025\/03\/cropped-logo-fckev-Foix-Canoe-Kayak-Eau-Vive-5.png?w=512&amp;ssl=1 512w\" sizes=\"auto, (max-width: 150px) 100vw, 150px\" \/><\/figure>\n<\/div><\/div>\n\n\n\n<div style=\"height:40px\" aria-hidden=\"true\" class=\"wp-block-spacer\"><\/div>\n\n\n\n<div class=\"wp-block-columns is-layout-flex wp-container-core-columns-is-layout-1 wp-block-columns-is-layout-flex\">\n<div class=\"wp-block-column is-vertically-aligned-top is-layout-flow wp-block-column-is-layout-flow\" style=\"flex-basis:30%\">\n<h1 class=\"wp-block-heading has-text-align-center\">Opening periods<\/h1>\n\n\n\n<div style=\"height:10px\" aria-hidden=\"true\" class=\"wp-block-spacer\"><\/div>\n\n\n\n<p class=\"has-text-align-left justify has-medium-font-size\">The rafting and kayaking club welcomes you every day, all year round !&nbsp; <\/p>\n\n\n\n<p class=\"has-text-align-left justify has-medium-font-size\">Please call to book in advance.<\/p>\n\n\n\n<p class=\"has-text-align-left justify has-medium-font-size\">To enjoy the best water level conditions, we recommend coming in spring.<\/p>\n<\/div>\n\n\n\n<div class=\"wp-block-column is-vertically-aligned-top is-layout-flow wp-block-column-is-layout-flow\" style=\"flex-basis:30%\">\n<h2 class=\"wp-block-heading has-text-align-center\">At your disposal<\/h2>\n\n\n<div class=\"wp-block-image\">\n<figure class=\"aligncenter is-resized\"><img data-recalc-dims=\"1\" loading=\"lazy\" decoding=\"async\" width=\"636\" height=\"457\" src=\"https:\/\/i0.wp.com\/www.foixeauvive.com\/wp-content\/uploads\/2019\/05\/Sans-titre-1.png?resize=636%2C457\" alt=\"\" class=\"wp-image-50\" style=\"width:28px;height:19px\" srcset=\"https:\/\/i0.wp.com\/www.foixeauvive.com\/wp-content\/uploads\/2019\/05\/Sans-titre-1.png?w=636&amp;ssl=1 636w, https:\/\/i0.wp.com\/www.foixeauvive.com\/wp-content\/uploads\/2019\/05\/Sans-titre-1.png?resize=300%2C216&amp;ssl=1 300w\" sizes=\"auto, (max-width: 636px) 100vw, 636px\" \/><\/figure><\/div>\n\n\n<p class=\"has-text-align-center justify has-medium-font-size\">Picnic table nearby, parking, toilet, shower and changing room await you on site to offer you maximum comfort <\/p>\n<\/div>\n\n\n\n<div class=\"wp-block-column is-vertically-aligned-top is-layout-flow wp-block-column-is-layout-flow\" style=\"flex-basis:30%\">\n<h2 class=\"wp-block-heading has-text-align-center\">Payment methods<\/h2>\n\n\n<div class=\"wp-block-image\">\n<figure class=\"aligncenter is-resized\"><img data-recalc-dims=\"1\" loading=\"lazy\" decoding=\"async\" width=\"636\" height=\"457\" src=\"https:\/\/i0.wp.com\/www.foixeauvive.com\/wp-content\/uploads\/2019\/05\/Sans-titre-1.png?resize=636%2C457\" alt=\"\" class=\"wp-image-50\" style=\"width:28px;height:19px\" srcset=\"https:\/\/i0.wp.com\/www.foixeauvive.com\/wp-content\/uploads\/2019\/05\/Sans-titre-1.png?w=636&amp;ssl=1 636w, https:\/\/i0.wp.com\/www.foixeauvive.com\/wp-content\/uploads\/2019\/05\/Sans-titre-1.png?resize=300%2C216&amp;ssl=1 300w\" sizes=\"auto, (max-width: 636px) 100vw, 636px\" \/><\/figure><\/div>\n\n\n<p class=\"has-text-align-center justify has-medium-font-size\">We accept credit cards, checks, cash, holiday vouchers and sports vouchers.<\/p>\n<\/div>\n<\/div>\n\n\n\n<div style=\"height:60px\" aria-hidden=\"true\" class=\"wp-block-spacer\"><\/div>\n\n\n\n<div class=\"wp-block-columns is-layout-flex wp-container-core-columns-is-layout-2 wp-block-columns-is-layout-flex\">\n<div class=\"wp-block-column is-vertically-aligned-top is-layout-flow wp-block-column-is-layout-flow\" style=\"flex-basis:33.34%\">\n<h2 class=\"wp-block-heading has-text-align-center\">Things to expect<\/h2>\n\n\n<div class=\"wp-block-image\">\n<figure class=\"aligncenter is-resized\"><img data-recalc-dims=\"1\" loading=\"lazy\" decoding=\"async\" width=\"636\" height=\"457\" src=\"https:\/\/i0.wp.com\/www.foixeauvive.com\/wp-content\/uploads\/2019\/05\/Sans-titre-1.png?resize=636%2C457\" alt=\"\" class=\"wp-image-50\" style=\"width:28px;height:19px\" srcset=\"https:\/\/i0.wp.com\/www.foixeauvive.com\/wp-content\/uploads\/2019\/05\/Sans-titre-1.png?w=636&amp;ssl=1 636w, https:\/\/i0.wp.com\/www.foixeauvive.com\/wp-content\/uploads\/2019\/05\/Sans-titre-1.png?resize=300%2C216&amp;ssl=1 300w\" sizes=\"auto, (max-width: 636px) 100vw, 636px\" \/><\/figure><\/div>\n\n\n<p class=\"justify has-medium-font-size translation-block\">Swimsuit, towel and <strong><u>closed-toe shoes<\/u><\/strong> (sneakers type)<\/p>\n<\/div>\n\n\n\n<div class=\"wp-block-column is-layout-flow wp-block-column-is-layout-flow\" style=\"flex-basis:33.33%\">\n<h2 class=\"wp-block-heading has-text-align-center\">Equipment provided<\/h2>\n\n\n<div class=\"wp-block-image\">\n<figure class=\"aligncenter is-resized\"><img data-recalc-dims=\"1\" loading=\"lazy\" decoding=\"async\" width=\"636\" height=\"457\" src=\"https:\/\/i0.wp.com\/www.foixeauvive.com\/wp-content\/uploads\/2019\/05\/Sans-titre-1.png?resize=636%2C457\" alt=\"\" class=\"wp-image-50\" style=\"width:28px;height:19px\" srcset=\"https:\/\/i0.wp.com\/www.foixeauvive.com\/wp-content\/uploads\/2019\/05\/Sans-titre-1.png?w=636&amp;ssl=1 636w, https:\/\/i0.wp.com\/www.foixeauvive.com\/wp-content\/uploads\/2019\/05\/Sans-titre-1.png?resize=300%2C216&amp;ssl=1 300w\" sizes=\"auto, (max-width: 636px) 100vw, 636px\" \/><\/figure><\/div>\n\n\n<p class=\"has-text-align-center justify has-medium-font-size\">Neoprene wetsuit, raincoat, helmets, life jackets<\/p>\n<\/div>\n\n\n\n<div class=\"wp-block-column is-vertically-aligned-top is-layout-flow wp-block-column-is-layout-flow\" style=\"flex-basis:33.34%\">\n<h2 class=\"wp-block-heading has-text-align-center\">Prerequisites<\/h2>\n\n\n<div class=\"wp-block-image\">\n<figure class=\"aligncenter is-resized\"><img data-recalc-dims=\"1\" loading=\"lazy\" decoding=\"async\" width=\"636\" height=\"457\" src=\"https:\/\/i0.wp.com\/www.foixeauvive.com\/wp-content\/uploads\/2019\/05\/Sans-titre-1.png?resize=636%2C457\" alt=\"\" class=\"wp-image-50\" style=\"width:28px;height:19px\" srcset=\"https:\/\/i0.wp.com\/www.foixeauvive.com\/wp-content\/uploads\/2019\/05\/Sans-titre-1.png?w=636&amp;ssl=1 636w, https:\/\/i0.wp.com\/www.foixeauvive.com\/wp-content\/uploads\/2019\/05\/Sans-titre-1.png?resize=300%2C216&amp;ssl=1 300w\" sizes=\"auto, (max-width: 636px) 100vw, 636px\" \/><\/figure><\/div>\n\n\n<p class=\"has-text-align-center justify has-medium-font-size\">Be 8 years old and know how to swim<\/p>\n<\/div>\n<\/div>","protected":false},"excerpt":{"rendered":"<p>P\u00e9riodes d&rsquo;ouverture Le club de rafting et kayak vous accueille tous les jours et toute l&rsquo;ann\u00e9e !&nbsp; Merci de t\u00e9l\u00e9phoner pour r\u00e9server en amont Pour profiter des&nbsp;meilleures conditions de niveau<\/p>\n<div><a class=\"btn-filled btn\" href=\"https:\/\/www.foixeauvive.com\/en\/infos-pratique-rafting-foix-ariege\/\" title=\"Infos pratiques\">Read More<\/a><\/div>","protected":false},"author":6,"featured_media":0,"parent":0,"menu_order":0,"comment_status":"closed","ping_status":"closed","template":"page-templates\/full-width.php","meta":{"footnotes":""},"class_list":["post-135","page","type-page","status-publish","hentry"],"yoast_head":"<!-- This site is optimized with the Yoast SEO plugin v26.8 - https:\/\/yoast.com\/product\/yoast-seo-wordpress\/ -->\n<title>Infos pratiques - Rafting et Kayak en Ari\u00e8ge<\/title>\n<meta name=\"description\" content=\"Envie de rafting sur l&#039;Ari\u00e8ge \u00e0 Foix? Venez d\u00e9couvrir les infos pratique pour ce sport pleine nature!\" \/>\n<meta name=\"robots\" content=\"index, follow, max-snippet:-1, max-image-preview:large, max-video-preview:-1\" \/>\n<link rel=\"canonical\" href=\"https:\/\/www.foixeauvive.com\/en\/infos-pratique-rafting-foix-ariege\/\" \/>\n<meta property=\"og:locale\" content=\"en_GB\" \/>\n<meta property=\"og:type\" content=\"article\" \/>\n<meta property=\"og:title\" content=\"Infos pratiques - Rafting et Kayak en Ari\u00e8ge\" \/>\n<meta property=\"og:description\" content=\"Envie de rafting sur l&#039;Ari\u00e8ge \u00e0 Foix? Venez d\u00e9couvrir les infos pratique pour ce sport pleine nature!\" \/>\n<meta property=\"og:url\" content=\"https:\/\/www.foixeauvive.com\/en\/infos-pratique-rafting-foix-ariege\/\" \/>\n<meta property=\"og:site_name\" content=\"Rafting et Kayak en Ari\u00e8ge\" \/>\n<meta property=\"article:modified_time\" content=\"2025-04-01T23:24:17+00:00\" \/>\n<meta property=\"og:image\" content=\"https:\/\/www.foixeauvive.com\/wp-content\/uploads\/2021\/03\/photo-1.jpg\" \/>\n<meta name=\"twitter:card\" content=\"summary_large_image\" \/>\n<meta name=\"twitter:label1\" content=\"Estimated reading time\" \/>\n\t<meta name=\"twitter:data1\" content=\"2 minutes\" \/>\n<script type=\"application\/ld+json\" class=\"yoast-schema-graph\">{\"@context\":\"https:\/\/schema.org\",\"@graph\":[{\"@type\":\"WebPage\",\"@id\":\"https:\/\/www.foixeauvive.com\/infos-pratique-rafting-foix-ariege\/\",\"url\":\"https:\/\/www.foixeauvive.com\/infos-pratique-rafting-foix-ariege\/\",\"name\":\"Infos pratiques - Rafting et Kayak en Ari\u00e8ge\",\"isPartOf\":{\"@id\":\"https:\/\/www.foixeauvive.com\/#website\"},\"primaryImageOfPage\":{\"@id\":\"https:\/\/www.foixeauvive.com\/infos-pratique-rafting-foix-ariege\/#primaryimage\"},\"image\":{\"@id\":\"https:\/\/www.foixeauvive.com\/infos-pratique-rafting-foix-ariege\/#primaryimage\"},\"thumbnailUrl\":\"https:\/\/www.foixeauvive.com\/wp-content\/uploads\/2021\/03\/photo-1.jpg\",\"datePublished\":\"2020-03-01T13:48:39+00:00\",\"dateModified\":\"2025-04-01T23:24:17+00:00\",\"description\":\"Envie de rafting sur l'Ari\u00e8ge \u00e0 Foix? Venez d\u00e9couvrir les infos pratique pour ce sport pleine nature!\",\"breadcrumb\":{\"@id\":\"https:\/\/www.foixeauvive.com\/infos-pratique-rafting-foix-ariege\/#breadcrumb\"},\"inLanguage\":\"en-GB\",\"potentialAction\":[{\"@type\":\"ReadAction\",\"target\":[\"https:\/\/www.foixeauvive.com\/infos-pratique-rafting-foix-ariege\/\"]}]},{\"@type\":\"ImageObject\",\"inLanguage\":\"en-GB\",\"@id\":\"https:\/\/www.foixeauvive.com\/infos-pratique-rafting-foix-ariege\/#primaryimage\",\"url\":\"https:\/\/www.foixeauvive.com\/wp-content\/uploads\/2021\/03\/photo-1.jpg\",\"contentUrl\":\"https:\/\/www.foixeauvive.com\/wp-content\/uploads\/2021\/03\/photo-1.jpg\"},{\"@type\":\"BreadcrumbList\",\"@id\":\"https:\/\/www.foixeauvive.com\/infos-pratique-rafting-foix-ariege\/#breadcrumb\",\"itemListElement\":[{\"@type\":\"ListItem\",\"position\":1,\"name\":\"Accueil\",\"item\":\"https:\/\/www.foixeauvive.com\/\"},{\"@type\":\"ListItem\",\"position\":2,\"name\":\"Infos pratiques\"}]},{\"@type\":\"WebSite\",\"@id\":\"https:\/\/www.foixeauvive.com\/#website\",\"url\":\"https:\/\/www.foixeauvive.com\/\",\"name\":\"Rafting et Kayak en Ari\u00e8ge\",\"description\":\"Rafting, kayak et cano\u00eb sur Ari\u00e8ge \u00e0 Foix\",\"publisher\":{\"@id\":\"https:\/\/www.foixeauvive.com\/#organization\"},\"potentialAction\":[{\"@type\":\"SearchAction\",\"target\":{\"@type\":\"EntryPoint\",\"urlTemplate\":\"https:\/\/www.foixeauvive.com\/?s={search_term_string}\"},\"query-input\":{\"@type\":\"PropertyValueSpecification\",\"valueRequired\":true,\"valueName\":\"search_term_string\"}}],\"inLanguage\":\"en-GB\"},{\"@type\":\"Organization\",\"@id\":\"https:\/\/www.foixeauvive.com\/#organization\",\"name\":\"Rafting et Kayak en Ari\u00e8ge\",\"url\":\"https:\/\/www.foixeauvive.com\/\",\"logo\":{\"@type\":\"ImageObject\",\"inLanguage\":\"en-GB\",\"@id\":\"https:\/\/www.foixeauvive.com\/#\/schema\/logo\/image\/\",\"url\":\"https:\/\/i0.wp.com\/www.foixeauvive.com\/wp-content\/uploads\/2025\/03\/cropped-Logo_FCKEV_Foix-Canoe-Kayak-eau-Vive-200.png?fit=200%2C148&ssl=1\",\"contentUrl\":\"https:\/\/i0.wp.com\/www.foixeauvive.com\/wp-content\/uploads\/2025\/03\/cropped-Logo_FCKEV_Foix-Canoe-Kayak-eau-Vive-200.png?fit=200%2C148&ssl=1\",\"width\":200,\"height\":148,\"caption\":\"Rafting et Kayak en Ari\u00e8ge\"},\"image\":{\"@id\":\"https:\/\/www.foixeauvive.com\/#\/schema\/logo\/image\/\"}}]}<\/script>\n<!-- \/ Yoast SEO plugin. -->","yoast_head_json":{"title":"Infos pratiques - Rafting et Kayak en Ari\u00e8ge","description":"Envie de rafting sur l'Ari\u00e8ge \u00e0 Foix? Venez d\u00e9couvrir les infos pratique pour ce sport pleine nature!","robots":{"index":"index","follow":"follow","max-snippet":"max-snippet:-1","max-image-preview":"max-image-preview:large","max-video-preview":"max-video-preview:-1"},"canonical":"https:\/\/www.foixeauvive.com\/en\/infos-pratique-rafting-foix-ariege\/","og_locale":"en_GB","og_type":"article","og_title":"Infos pratiques - Rafting et Kayak en Ari\u00e8ge","og_description":"Envie de rafting sur l'Ari\u00e8ge \u00e0 Foix? Venez d\u00e9couvrir les infos pratique pour ce sport pleine nature!","og_url":"https:\/\/www.foixeauvive.com\/en\/infos-pratique-rafting-foix-ariege\/","og_site_name":"Rafting et Kayak en Ari\u00e8ge","article_modified_time":"2025-04-01T23:24:17+00:00","og_image":[{"url":"https:\/\/www.foixeauvive.com\/wp-content\/uploads\/2021\/03\/photo-1.jpg","type":"","width":"","height":""}],"twitter_card":"summary_large_image","twitter_misc":{"Estimated reading time":"2 minutes"},"schema":{"@context":"https:\/\/schema.org","@graph":[{"@type":"WebPage","@id":"https:\/\/www.foixeauvive.com\/infos-pratique-rafting-foix-ariege\/","url":"https:\/\/www.foixeauvive.com\/infos-pratique-rafting-foix-ariege\/","name":"Infos pratiques - Rafting et Kayak en Ari\u00e8ge","isPartOf":{"@id":"https:\/\/www.foixeauvive.com\/#website"},"primaryImageOfPage":{"@id":"https:\/\/www.foixeauvive.com\/infos-pratique-rafting-foix-ariege\/#primaryimage"},"image":{"@id":"https:\/\/www.foixeauvive.com\/infos-pratique-rafting-foix-ariege\/#primaryimage"},"thumbnailUrl":"https:\/\/www.foixeauvive.com\/wp-content\/uploads\/2021\/03\/photo-1.jpg","datePublished":"2020-03-01T13:48:39+00:00","dateModified":"2025-04-01T23:24:17+00:00","description":"Envie de rafting sur l'Ari\u00e8ge \u00e0 Foix? Venez d\u00e9couvrir les infos pratique pour ce sport pleine nature!","breadcrumb":{"@id":"https:\/\/www.foixeauvive.com\/infos-pratique-rafting-foix-ariege\/#breadcrumb"},"inLanguage":"en-GB","potentialAction":[{"@type":"ReadAction","target":["https:\/\/www.foixeauvive.com\/infos-pratique-rafting-foix-ariege\/"]}]},{"@type":"ImageObject","inLanguage":"en-GB","@id":"https:\/\/www.foixeauvive.com\/infos-pratique-rafting-foix-ariege\/#primaryimage","url":"https:\/\/www.foixeauvive.com\/wp-content\/uploads\/2021\/03\/photo-1.jpg","contentUrl":"https:\/\/www.foixeauvive.com\/wp-content\/uploads\/2021\/03\/photo-1.jpg"},{"@type":"BreadcrumbList","@id":"https:\/\/www.foixeauvive.com\/infos-pratique-rafting-foix-ariege\/#breadcrumb","itemListElement":[{"@type":"ListItem","position":1,"name":"Accueil","item":"https:\/\/www.foixeauvive.com\/"},{"@type":"ListItem","position":2,"name":"Infos pratiques"}]},{"@type":"WebSite","@id":"https:\/\/www.foixeauvive.com\/#website","url":"https:\/\/www.foixeauvive.com\/","name":"Rafting et Kayak en Ari\u00e8ge","description":"Rafting, kayak et cano\u00eb sur Ari\u00e8ge \u00e0 Foix","publisher":{"@id":"https:\/\/www.foixeauvive.com\/#organization"},"potentialAction":[{"@type":"SearchAction","target":{"@type":"EntryPoint","urlTemplate":"https:\/\/www.foixeauvive.com\/?s={search_term_string}"},"query-input":{"@type":"PropertyValueSpecification","valueRequired":true,"valueName":"search_term_string"}}],"inLanguage":"en-GB"},{"@type":"Organization","@id":"https:\/\/www.foixeauvive.com\/#organization","name":"Rafting et Kayak en Ari\u00e8ge","url":"https:\/\/www.foixeauvive.com\/","logo":{"@type":"ImageObject","inLanguage":"en-GB","@id":"https:\/\/www.foixeauvive.com\/#\/schema\/logo\/image\/","url":"https:\/\/i0.wp.com\/www.foixeauvive.com\/wp-content\/uploads\/2025\/03\/cropped-Logo_FCKEV_Foix-Canoe-Kayak-eau-Vive-200.png?fit=200%2C148&ssl=1","contentUrl":"https:\/\/i0.wp.com\/www.foixeauvive.com\/wp-content\/uploads\/2025\/03\/cropped-Logo_FCKEV_Foix-Canoe-Kayak-eau-Vive-200.png?fit=200%2C148&ssl=1","width":200,"height":148,"caption":"Rafting et Kayak en Ari\u00e8ge"},"image":{"@id":"https:\/\/www.foixeauvive.com\/#\/schema\/logo\/image\/"}}]}},"jetpack_sharing_enabled":true,"_links":{"self":[{"href":"https:\/\/www.foixeauvive.com\/en\/wp-json\/wp\/v2\/pages\/135","targetHints":{"allow":["GET"]}}],"collection":[{"href":"https:\/\/www.foixeauvive.com\/en\/wp-json\/wp\/v2\/pages"}],"about":[{"href":"https:\/\/www.foixeauvive.com\/en\/wp-json\/wp\/v2\/types\/page"}],"author":[{"embeddable":true,"href":"https:\/\/www.foixeauvive.com\/en\/wp-json\/wp\/v2\/users\/6"}],"replies":[{"embeddable":true,"href":"https:\/\/www.foixeauvive.com\/en\/wp-json\/wp\/v2\/comments?post=135"}],"version-history":[{"count":0,"href":"https:\/\/www.foixeauvive.com\/en\/wp-json\/wp\/v2\/pages\/135\/revisions"}],"wp:attachment":[{"href":"https:\/\/www.foixeauvive.com\/en\/wp-json\/wp\/v2\/media?parent=135"}],"curies":[{"name":"wp","href":"https:\/\/api.w.org\/{rel}","templated":true}]}}