{"id":141,"date":"2020-03-01T15:27:33","date_gmt":"2020-03-01T14:27:33","guid":{"rendered":"http:\/\/www.foixeauvive.com\/?page_id=141"},"modified":"2025-04-04T17:58:14","modified_gmt":"2025-04-04T15:58:14","slug":"nous-contacter","status":"publish","type":"page","link":"https:\/\/www.foixeauvive.com\/en\/nous-contacter\/","title":{"rendered":"Nous contacter"},"content":{"rendered":"<div class=\"yoast-breadcrumbs\"><span><span><a href=\"https:\/\/www.foixeauvive.com\/en\/\">Accueil<\/a><\/span> \u00bb <span class=\"breadcrumb_last\" aria-current=\"page\"><strong>Nous contacter<\/strong><\/span><\/span><\/div>\n\n\n<div style=\"height:20px\" aria-hidden=\"true\" class=\"wp-block-spacer\"><\/div>\n\n\n\n<div class=\"wp-block-columns is-layout-flex wp-container-core-columns-is-layout-1 wp-block-columns-is-layout-flex\">\n<div class=\"wp-block-column is-layout-flow wp-block-column-is-layout-flow\" style=\"flex-basis:50%\"><div class=\"wp-block-image image-contact\">\n<figure class=\"aligncenter size-full is-resized\"><a href=\"https:\/\/wa.me\/33652501022\/?text=Bonjour%20!%20J'aimerais%20r\u00e9server%20une%20descente%20en%20raft%20!\" target=\"_blank\" rel=\" noreferrer noopener nofollow\"><img data-recalc-dims=\"1\" loading=\"lazy\" decoding=\"async\" width=\"481\" height=\"456\" src=\"https:\/\/i0.wp.com\/www.foixeauvive.com\/wp-content\/uploads\/2019\/06\/FCKEV_Rafting-et-Canoe-Kayak2.png?resize=481%2C456&#038;ssl=1\" alt=\"Appeler le club avec WhatsApp !\" class=\"wp-image-97\" style=\"width:214px;height:auto\" srcset=\"https:\/\/i0.wp.com\/www.foixeauvive.com\/wp-content\/uploads\/2019\/06\/FCKEV_Rafting-et-Canoe-Kayak2.png?w=481&amp;ssl=1 481w, https:\/\/i0.wp.com\/www.foixeauvive.com\/wp-content\/uploads\/2019\/06\/FCKEV_Rafting-et-Canoe-Kayak2.png?resize=300%2C284&amp;ssl=1 300w\" sizes=\"auto, (max-width: 481px) 100vw, 481px\" \/><\/a><\/figure><\/div>\n\n\n<div class=\"wp-block-group is-content-justification-center is-nowrap is-layout-flex wp-container-core-group-is-layout-1 wp-block-group-is-layout-flex\" style=\"font-size:1rem\">\n<a href=\"https:\/\/wa.me\/33652501022\/?text=Bonjour%20!%20J%27aimerais%20r%C3%A9server%20une%20descente%20en%20raft%20!\" class=\"contact-item\"><i class=\"fa-brands fa-whatsapp fa-2xl\" style=\"color: #d98618;\"><\/i><\/a>\n\n\n\n<p class=\"has-text-color has-link-color has-medium-font-size wp-elements-ff41941cf3de1bb536692c876b463382\" style=\"color:#c63018\"><strong><a href=\"mailto:foixckev@gmail.com\" rel=\"nofollow\">foixckev@gmail.com<\/a><\/strong><\/p>\n<\/div>\n\n\n\n<div style=\"height:20px\" aria-hidden=\"true\" class=\"wp-block-spacer\"><\/div>\n\n\n<div class=\"wp-block-jetpack-contact-form is-style-animated border-gold\"><a href=\"https:\/\/www.foixeauvive.com\/en\/nous-contacter\/\" target=\"_blank\" rel=\"noopener noreferrer\">Submit a form.<\/a><\/div><\/div>\n\n\n\n<div class=\"wp-block-column is-layout-flow wp-block-column-is-layout-flow\" style=\"flex-basis:50%\">\n<center><figure><figure>\n<iframe \ntitle=\"location of the kayaking and rafting club - Foix, Ari\u00e8ge, France\"\nsrc=\"https:\/\/www.google.com\/maps\/embed?pb=!1m18!1m12!1m3!1d6945.232826104357!2d1.6164552345700025!3d42.95487168312474!2m3!1f0!2f0!3f0!3m2!1i1024!2i768!4f13.1!3m3!1m2!1s0x12af113d889ac133%3A0x631ba42a4d042fb0!2sFoix%20Canoe%20Kayak%20Eau%20Vive!5e0!3m2!1sfr!2sfr!4v1583072772316!5m2!1sfr!2sfr\" width=\"1200\" height=\"650\" allowfullscreen=\"\" class=\"border-gold\">\n<\/iframe><\/figure><\/figure><\/center>\n<\/div>\n<\/div>\n\n\n\n<p><\/p>","protected":false},"excerpt":{"rendered":"<p>foixckev@gmail.com<\/p>","protected":false},"author":6,"featured_media":0,"parent":0,"menu_order":0,"comment_status":"closed","ping_status":"closed","template":"page-templates\/full-width.php","meta":{"footnotes":""},"class_list":["post-141","page","type-page","status-publish","hentry"],"yoast_head":"<!-- This site is optimized with the Yoast SEO plugin v26.8 - https:\/\/yoast.com\/product\/yoast-seo-wordpress\/ -->\n<title>Nous contacter - Rafting et Kayak en Ari\u00e8ge<\/title>\n<meta name=\"robots\" content=\"index, follow, max-snippet:-1, max-image-preview:large, max-video-preview:-1\" \/>\n<link rel=\"canonical\" href=\"https:\/\/www.foixeauvive.com\/en\/nous-contacter\/\" \/>\n<meta property=\"og:locale\" content=\"en_GB\" \/>\n<meta property=\"og:type\" content=\"article\" \/>\n<meta property=\"og:title\" content=\"Nous contacter - Rafting et Kayak en Ari\u00e8ge\" \/>\n<meta property=\"og:description\" content=\"foixckev@gmail.com\" \/>\n<meta property=\"og:url\" content=\"https:\/\/www.foixeauvive.com\/en\/nous-contacter\/\" \/>\n<meta property=\"og:site_name\" content=\"Rafting et Kayak en Ari\u00e8ge\" \/>\n<meta property=\"article:modified_time\" content=\"2025-04-04T15:58:14+00:00\" \/>\n<meta property=\"og:image\" content=\"https:\/\/www.foixeauvive.com\/wp-content\/uploads\/2019\/06\/FCKEV_Rafting-et-Canoe-Kayak2.png\" \/>\n<meta name=\"twitter:card\" content=\"summary_large_image\" \/>\n<meta name=\"twitter:label1\" content=\"Estimated reading time\" \/>\n\t<meta name=\"twitter:data1\" content=\"1 minute\" \/>\n<script type=\"application\/ld+json\" class=\"yoast-schema-graph\">{\"@context\":\"https:\/\/schema.org\",\"@graph\":[{\"@type\":\"WebPage\",\"@id\":\"https:\/\/www.foixeauvive.com\/nous-contacter\/\",\"url\":\"https:\/\/www.foixeauvive.com\/nous-contacter\/\",\"name\":\"Nous contacter - Rafting et Kayak en Ari\u00e8ge\",\"isPartOf\":{\"@id\":\"https:\/\/www.foixeauvive.com\/#website\"},\"primaryImageOfPage\":{\"@id\":\"https:\/\/www.foixeauvive.com\/nous-contacter\/#primaryimage\"},\"image\":{\"@id\":\"https:\/\/www.foixeauvive.com\/nous-contacter\/#primaryimage\"},\"thumbnailUrl\":\"https:\/\/www.foixeauvive.com\/wp-content\/uploads\/2019\/06\/FCKEV_Rafting-et-Canoe-Kayak2.png\",\"datePublished\":\"2020-03-01T14:27:33+00:00\",\"dateModified\":\"2025-04-04T15:58:14+00:00\",\"breadcrumb\":{\"@id\":\"https:\/\/www.foixeauvive.com\/nous-contacter\/#breadcrumb\"},\"inLanguage\":\"en-GB\",\"potentialAction\":[{\"@type\":\"ReadAction\",\"target\":[\"https:\/\/www.foixeauvive.com\/nous-contacter\/\"]}]},{\"@type\":\"ImageObject\",\"inLanguage\":\"en-GB\",\"@id\":\"https:\/\/www.foixeauvive.com\/nous-contacter\/#primaryimage\",\"url\":\"https:\/\/www.foixeauvive.com\/wp-content\/uploads\/2019\/06\/FCKEV_Rafting-et-Canoe-Kayak2.png\",\"contentUrl\":\"https:\/\/www.foixeauvive.com\/wp-content\/uploads\/2019\/06\/FCKEV_Rafting-et-Canoe-Kayak2.png\"},{\"@type\":\"BreadcrumbList\",\"@id\":\"https:\/\/www.foixeauvive.com\/nous-contacter\/#breadcrumb\",\"itemListElement\":[{\"@type\":\"ListItem\",\"position\":1,\"name\":\"Accueil\",\"item\":\"https:\/\/www.foixeauvive.com\/\"},{\"@type\":\"ListItem\",\"position\":2,\"name\":\"Nous contacter\"}]},{\"@type\":\"WebSite\",\"@id\":\"https:\/\/www.foixeauvive.com\/#website\",\"url\":\"https:\/\/www.foixeauvive.com\/\",\"name\":\"Rafting et Kayak en Ari\u00e8ge\",\"description\":\"Rafting, kayak et cano\u00eb sur Ari\u00e8ge \u00e0 Foix\",\"publisher\":{\"@id\":\"https:\/\/www.foixeauvive.com\/#organization\"},\"potentialAction\":[{\"@type\":\"SearchAction\",\"target\":{\"@type\":\"EntryPoint\",\"urlTemplate\":\"https:\/\/www.foixeauvive.com\/?s={search_term_string}\"},\"query-input\":{\"@type\":\"PropertyValueSpecification\",\"valueRequired\":true,\"valueName\":\"search_term_string\"}}],\"inLanguage\":\"en-GB\"},{\"@type\":\"Organization\",\"@id\":\"https:\/\/www.foixeauvive.com\/#organization\",\"name\":\"Rafting et Kayak en Ari\u00e8ge\",\"url\":\"https:\/\/www.foixeauvive.com\/\",\"logo\":{\"@type\":\"ImageObject\",\"inLanguage\":\"en-GB\",\"@id\":\"https:\/\/www.foixeauvive.com\/#\/schema\/logo\/image\/\",\"url\":\"https:\/\/i0.wp.com\/www.foixeauvive.com\/wp-content\/uploads\/2025\/03\/cropped-Logo_FCKEV_Foix-Canoe-Kayak-eau-Vive-200.png?fit=200%2C148&ssl=1\",\"contentUrl\":\"https:\/\/i0.wp.com\/www.foixeauvive.com\/wp-content\/uploads\/2025\/03\/cropped-Logo_FCKEV_Foix-Canoe-Kayak-eau-Vive-200.png?fit=200%2C148&ssl=1\",\"width\":200,\"height\":148,\"caption\":\"Rafting et Kayak en Ari\u00e8ge\"},\"image\":{\"@id\":\"https:\/\/www.foixeauvive.com\/#\/schema\/logo\/image\/\"}}]}<\/script>\n<!-- \/ Yoast SEO plugin. -->","yoast_head_json":{"title":"Nous contacter - Rafting et Kayak en Ari\u00e8ge","robots":{"index":"index","follow":"follow","max-snippet":"max-snippet:-1","max-image-preview":"max-image-preview:large","max-video-preview":"max-video-preview:-1"},"canonical":"https:\/\/www.foixeauvive.com\/en\/nous-contacter\/","og_locale":"en_GB","og_type":"article","og_title":"Nous contacter - Rafting et Kayak en Ari\u00e8ge","og_description":"foixckev@gmail.com","og_url":"https:\/\/www.foixeauvive.com\/en\/nous-contacter\/","og_site_name":"Rafting et Kayak en Ari\u00e8ge","article_modified_time":"2025-04-04T15:58:14+00:00","og_image":[{"url":"https:\/\/www.foixeauvive.com\/wp-content\/uploads\/2019\/06\/FCKEV_Rafting-et-Canoe-Kayak2.png","type":"","width":"","height":""}],"twitter_card":"summary_large_image","twitter_misc":{"Estimated reading time":"1 minute"},"schema":{"@context":"https:\/\/schema.org","@graph":[{"@type":"WebPage","@id":"https:\/\/www.foixeauvive.com\/nous-contacter\/","url":"https:\/\/www.foixeauvive.com\/nous-contacter\/","name":"Nous contacter - Rafting et Kayak en Ari\u00e8ge","isPartOf":{"@id":"https:\/\/www.foixeauvive.com\/#website"},"primaryImageOfPage":{"@id":"https:\/\/www.foixeauvive.com\/nous-contacter\/#primaryimage"},"image":{"@id":"https:\/\/www.foixeauvive.com\/nous-contacter\/#primaryimage"},"thumbnailUrl":"https:\/\/www.foixeauvive.com\/wp-content\/uploads\/2019\/06\/FCKEV_Rafting-et-Canoe-Kayak2.png","datePublished":"2020-03-01T14:27:33+00:00","dateModified":"2025-04-04T15:58:14+00:00","breadcrumb":{"@id":"https:\/\/www.foixeauvive.com\/nous-contacter\/#breadcrumb"},"inLanguage":"en-GB","potentialAction":[{"@type":"ReadAction","target":["https:\/\/www.foixeauvive.com\/nous-contacter\/"]}]},{"@type":"ImageObject","inLanguage":"en-GB","@id":"https:\/\/www.foixeauvive.com\/nous-contacter\/#primaryimage","url":"https:\/\/www.foixeauvive.com\/wp-content\/uploads\/2019\/06\/FCKEV_Rafting-et-Canoe-Kayak2.png","contentUrl":"https:\/\/www.foixeauvive.com\/wp-content\/uploads\/2019\/06\/FCKEV_Rafting-et-Canoe-Kayak2.png"},{"@type":"BreadcrumbList","@id":"https:\/\/www.foixeauvive.com\/nous-contacter\/#breadcrumb","itemListElement":[{"@type":"ListItem","position":1,"name":"Accueil","item":"https:\/\/www.foixeauvive.com\/"},{"@type":"ListItem","position":2,"name":"Nous contacter"}]},{"@type":"WebSite","@id":"https:\/\/www.foixeauvive.com\/#website","url":"https:\/\/www.foixeauvive.com\/","name":"Rafting et Kayak en Ari\u00e8ge","description":"Rafting, kayak et cano\u00eb sur Ari\u00e8ge \u00e0 Foix","publisher":{"@id":"https:\/\/www.foixeauvive.com\/#organization"},"potentialAction":[{"@type":"SearchAction","target":{"@type":"EntryPoint","urlTemplate":"https:\/\/www.foixeauvive.com\/?s={search_term_string}"},"query-input":{"@type":"PropertyValueSpecification","valueRequired":true,"valueName":"search_term_string"}}],"inLanguage":"en-GB"},{"@type":"Organization","@id":"https:\/\/www.foixeauvive.com\/#organization","name":"Rafting et Kayak en Ari\u00e8ge","url":"https:\/\/www.foixeauvive.com\/","logo":{"@type":"ImageObject","inLanguage":"en-GB","@id":"https:\/\/www.foixeauvive.com\/#\/schema\/logo\/image\/","url":"https:\/\/i0.wp.com\/www.foixeauvive.com\/wp-content\/uploads\/2025\/03\/cropped-Logo_FCKEV_Foix-Canoe-Kayak-eau-Vive-200.png?fit=200%2C148&ssl=1","contentUrl":"https:\/\/i0.wp.com\/www.foixeauvive.com\/wp-content\/uploads\/2025\/03\/cropped-Logo_FCKEV_Foix-Canoe-Kayak-eau-Vive-200.png?fit=200%2C148&ssl=1","width":200,"height":148,"caption":"Rafting et Kayak en Ari\u00e8ge"},"image":{"@id":"https:\/\/www.foixeauvive.com\/#\/schema\/logo\/image\/"}}]}},"jetpack_sharing_enabled":true,"_links":{"self":[{"href":"https:\/\/www.foixeauvive.com\/en\/wp-json\/wp\/v2\/pages\/141","targetHints":{"allow":["GET"]}}],"collection":[{"href":"https:\/\/www.foixeauvive.com\/en\/wp-json\/wp\/v2\/pages"}],"about":[{"href":"https:\/\/www.foixeauvive.com\/en\/wp-json\/wp\/v2\/types\/page"}],"author":[{"embeddable":true,"href":"https:\/\/www.foixeauvive.com\/en\/wp-json\/wp\/v2\/users\/6"}],"replies":[{"embeddable":true,"href":"https:\/\/www.foixeauvive.com\/en\/wp-json\/wp\/v2\/comments?post=141"}],"version-history":[{"count":0,"href":"https:\/\/www.foixeauvive.com\/en\/wp-json\/wp\/v2\/pages\/141\/revisions"}],"wp:attachment":[{"href":"https:\/\/www.foixeauvive.com\/en\/wp-json\/wp\/v2\/media?parent=141"}],"curies":[{"name":"wp","href":"https:\/\/api.w.org\/{rel}","templated":true}]}}