{"id":164,"date":"2020-05-14T17:30:26","date_gmt":"2020-05-14T15:30:26","guid":{"rendered":"http:\/\/www.foixeauvive.com\/?page_id=164"},"modified":"2025-03-30T23:31:35","modified_gmt":"2025-03-30T21:31:35","slug":"stade-deau-vive-du-rebech","status":"publish","type":"page","link":"https:\/\/www.foixeauvive.com\/en\/stade-deau-vive-du-rebech\/","title":{"rendered":"Stade d&rsquo;Eau Vive du Rebech"},"content":{"rendered":"<div class=\"yoast-breadcrumbs\"><span><span><a href=\"https:\/\/www.foixeauvive.com\/en\/\">Accueil<\/a><\/span> \u00bb <span class=\"breadcrumb_last\" aria-current=\"page\"><strong>Stade d&rsquo;Eau Vive du Rebech<\/strong><\/span><\/span><\/div>\n\n\n<div style=\"height:30px\" aria-hidden=\"true\" class=\"wp-block-spacer\"><\/div>\n\n\n\n<p class=\"justify has-medium-font-size\">Le stade d&rsquo;eau vive est d\u00e9coup\u00e9 en <strong>5 secteurs de navigation ind\u00e9pendants<\/strong> et est libre d&rsquo;acc\u00e8s.<\/p>\n\n\n\n<div style=\"height:30px\" aria-hidden=\"true\" class=\"wp-block-spacer\"><\/div>\n\n\n\n<div class=\"wp-block-columns is-layout-flex wp-container-core-columns-is-layout-1 wp-block-columns-is-layout-flex\">\n<div class=\"wp-block-column is-layout-flow wp-block-column-is-layout-flow\">\n<figure class=\"wp-block-image size-large border-grey-img wp-container-content-1 wp-duotone-unset-1\"><a href=\"https:\/\/www.foixeauvive.com\/en\/stade-deau-vive-du-rebech\/carte-stade-deau-vive-du-rebech-foix-zoom-portrait\/\"><img data-recalc-dims=\"1\" loading=\"lazy\" decoding=\"async\" width=\"407\" height=\"1024\" src=\"https:\/\/i0.wp.com\/www.foixeauvive.com\/wp-content\/uploads\/2025\/03\/carte-stade-deau-vive-du-Rebech-Foix-Zoom-portrait.webp?resize=407%2C1024&#038;ssl=1\" alt=\"carte - stade d'eau vive du Rebech - Foix - Zoom - portrait\" class=\"shadow-box wp-image-2078\" style=\"object-fit:cover\" title=\"\" srcset=\"https:\/\/i0.wp.com\/www.foixeauvive.com\/wp-content\/uploads\/2025\/03\/carte-stade-deau-vive-du-Rebech-Foix-Zoom-portrait.webp?resize=407%2C1024&amp;ssl=1 407w, https:\/\/i0.wp.com\/www.foixeauvive.com\/wp-content\/uploads\/2025\/03\/carte-stade-deau-vive-du-Rebech-Foix-Zoom-portrait.webp?resize=119%2C300&amp;ssl=1 119w, https:\/\/i0.wp.com\/www.foixeauvive.com\/wp-content\/uploads\/2025\/03\/carte-stade-deau-vive-du-Rebech-Foix-Zoom-portrait.webp?resize=768%2C1934&amp;ssl=1 768w, https:\/\/i0.wp.com\/www.foixeauvive.com\/wp-content\/uploads\/2025\/03\/carte-stade-deau-vive-du-Rebech-Foix-Zoom-portrait.webp?resize=610%2C1536&amp;ssl=1 610w, https:\/\/i0.wp.com\/www.foixeauvive.com\/wp-content\/uploads\/2025\/03\/carte-stade-deau-vive-du-Rebech-Foix-Zoom-portrait.webp?resize=813%2C2048&amp;ssl=1 813w, https:\/\/i0.wp.com\/www.foixeauvive.com\/wp-content\/uploads\/2025\/03\/carte-stade-deau-vive-du-Rebech-Foix-Zoom-portrait.webp?w=914&amp;ssl=1 914w\" sizes=\"auto, (max-width: 407px) 100vw, 407px\" \/><\/a><figcaption class=\"wp-element-caption\">Stade d&rsquo;eau vive du Rebech, Complexe sportif de l&rsquo;Ayroule &#8211; <a href=\"#location\">Boulevard Fran\u00e7ois Mitterand, 09000 Foix<\/a><\/figcaption><\/figure>\n<\/div>\n\n\n\n<div class=\"wp-block-column is-layout-flow wp-block-column-is-layout-flow\">\n<p class=\"has-text-align-left justify has-medium-font-size\">Les secteurs suivants sont munis de <strong>portes<\/strong> :<\/p>\n\n\n\n<div style=\"height:10px\" aria-hidden=\"true\" class=\"wp-block-spacer\"><\/div>\n\n\n\n<ul class=\"wp-block-list\">\n<li><strong>Bassin d&rsquo;\u00e9chauffement 1<\/strong><\/li>\n\n\n\n<li><strong>\u00cele<\/strong><\/li>\n\n\n\n<li><strong>Jump<\/strong><\/li>\n\n\n\n<li><strong>Les Jumeaux<\/strong><\/li>\n<\/ul>\n\n\n\n<div style=\"height:10px\" aria-hidden=\"true\" class=\"wp-block-spacer\"><\/div>\n\n\n\n<p class=\"has-text-align-left justify has-medium-font-size\">Le Bassin du Rebech est compos\u00e9 des secteurs suivants : <strong>Ile<\/strong>, <strong>Jump <\/strong>et <strong>Jumeaux<\/strong>.<\/p>\n\n\n\n<div style=\"height:10px\" aria-hidden=\"true\" class=\"wp-block-spacer\"><\/div>\n\n\n\n<p class=\"has-text-align-left justify has-medium-font-size\">Le bassin d&rsquo;entra\u00eenement est compos\u00e9 des secteurs suivants : <\/p>\n\n\n\n<div style=\"height:10px\" aria-hidden=\"true\" class=\"wp-block-spacer\"><\/div>\n\n\n\n<ul class=\"wp-block-list\">\n<li><strong>Bassin d&rsquo;Echauffement 1<\/strong><\/li>\n\n\n\n<li><strong>Bassin d&rsquo;Echauffement 2<\/strong><\/li>\n<\/ul>\n\n\n\n<div style=\"height:10px\" aria-hidden=\"true\" class=\"wp-block-spacer\"><\/div>\n\n\n\n<p class=\"justify has-medium-font-size\">Il y a un<strong> fort d\u00e9bit d&rsquo;Avril \u00e0 Jui<\/strong>n et g\u00e9n\u00e9ralement, un<strong> d\u00e9bit faible d\u2019Ao\u00fbt \u00e0 Octobre<\/strong>.<\/p>\n\n\n\n<p class=\"justify has-medium-font-size\"><br>Voici une table de correspondance approximative, entre la <em>station Vigicrues de Foix<\/em> et le d\u00e9bit au <strong>stade d&rsquo;eau vive du Rebech<\/strong> :<\/p>\n\n\n\n<div style=\"height:10px\" aria-hidden=\"true\" class=\"wp-block-spacer\"><\/div>\n\n\n\n<div style=\"height:10px\" aria-hidden=\"true\" class=\"wp-block-spacer\"><\/div>\n\n\n\n<p class=\"has-medium-font-size\"><strong>Correspondances <\/strong>:<\/p>\n\n\n\n<div style=\"height:10px\" aria-hidden=\"true\" class=\"wp-block-spacer\"><\/div>\n\n\n\n<p class=\"justify has-small-font-size\">&#8211;&nbsp;<em>0,30m<\/em>&nbsp;correspond \u00e0 <strong>22 m3\/s<\/strong> (d\u00e9bit mini pour une navigation optimale)<\/p>\n\n\n\n<p class=\"justify has-small-font-size\">&#8211;&nbsp;<em>0,45m<\/em>&nbsp;correspond \u00e0 <strong>30 m3\/s<\/strong> (d\u00e9bit des courses r\u00e9gionales \u00e0 Foix)<\/p>\n\n\n\n<p class=\"justify has-small-font-size\">&#8211;&nbsp;<em>0,70m<\/em>&nbsp;correspond \u00e0 <strong>50 m3\/s<\/strong> (conditions optimales)<\/p>\n\n\n\n<p class=\"justify has-small-font-size\">&#8211;&nbsp;<em>1,05m<\/em>&nbsp;correspond \u00e0 <strong>100 m3\/s<\/strong> (pagayeurs aguerris uniquement)<\/p>\n\n\n\n<p class=\"justify has-small-font-size\">&#8211;&nbsp;<em>1,30m<\/em>&nbsp;correspond \u00e0 <strong>150 m3\/s<\/strong> (navigation fortement d\u00e9conseill\u00e9e)<\/p>\n\n\n\n<div style=\"height:30px\" aria-hidden=\"true\" class=\"wp-block-spacer\"><\/div>\n\n\n\n<p class=\"justify has-medium-font-size\">Au-dessus de <em>1.30m<\/em> consid\u00e9rez que le bassin est en crue.<\/p>\n\n\n\n<p class=\"justify has-medium-font-size\">Dans tous les cas, soyez prudents et <strong>ne naviguez jamais seul<\/strong> !<\/p>\n\n\n\n<div style=\"height:25px\" aria-hidden=\"true\" class=\"wp-block-spacer\"><\/div>\n\n\n\n<div class=\"wp-block-buttons is-horizontal is-content-justification-center is-layout-flex wp-container-core-buttons-is-layout-1 wp-block-buttons-is-layout-flex\">\n<div class=\"wp-block-button is-style-fill\"><a class=\"wp-block-button__link has-white-color has-vivid-red-background-color has-text-color has-background has-link-color wp-element-button\" href=\"https:\/\/www.vigicrues.gouv.fr\/niv3-station.php?CdEntVigiCru=25&amp;CdStationHydro=O125251001&amp;GrdSerie=H&amp;ZoomInitial=1\" style=\"border-radius:5px\">Station Vigicrues de FOIX<\/a><\/div>\n<\/div>\n\n\n\n<div style=\"height:25px\" aria-hidden=\"true\" class=\"wp-block-spacer\"><\/div>\n\n\n\n<p class=\"has-text-align-left justify has-medium-font-size\">En application de la r\u00e9glementation mis en place par le gouvernement fran\u00e7ais et les protocoles d\u00e9finis par la FFCK et le club, l&rsquo;acc\u00e8s au stade d&rsquo;eau vive<strong> est libre.<\/strong><\/p>\n<\/div>\n<\/div>","protected":false},"excerpt":{"rendered":"<p>Le stade d&rsquo;eau vive est d\u00e9coup\u00e9 en 5 secteurs de navigation ind\u00e9pendants et est libre d&rsquo;acc\u00e8s. Les secteurs suivants sont munis de portes : Le Bassin du Rebech est compos\u00e9<\/p>\n<div><a class=\"btn-filled btn\" href=\"https:\/\/www.foixeauvive.com\/en\/stade-deau-vive-du-rebech\/\" title=\"Stade d&rsquo;Eau Vive du Rebech\">Read More<\/a><\/div>","protected":false},"author":6,"featured_media":0,"parent":0,"menu_order":0,"comment_status":"closed","ping_status":"closed","template":"page-templates\/full-width.php","meta":{"footnotes":""},"class_list":["post-164","page","type-page","status-publish","hentry"],"yoast_head":"<!-- This site is optimized with the Yoast SEO plugin v26.8 - https:\/\/yoast.com\/product\/yoast-seo-wordpress\/ -->\n<title>Stade d&#039;Eau Vive du Rebech - Rafting et Kayak en Ari\u00e8ge<\/title>\n<meta name=\"description\" content=\"Le Bassin du Rebech est compos\u00e9 des secteurs suivants : Ile, Jump et Jumeaux. Et le Bassin d&#039;Entra\u00eenement est lui-m\u00eame d\u00e9compos\u00e9 en deux secteurs : Bassin d&#039;\u00e9chauffement 1 &amp; Bassin d&#039;\u00e9chauffement 2.\" \/>\n<meta name=\"robots\" content=\"index, follow, max-snippet:-1, max-image-preview:large, max-video-preview:-1\" \/>\n<link rel=\"canonical\" href=\"https:\/\/www.foixeauvive.com\/en\/stade-deau-vive-du-rebech\/\" \/>\n<meta property=\"og:locale\" content=\"en_GB\" \/>\n<meta property=\"og:type\" content=\"article\" \/>\n<meta property=\"og:title\" content=\"Stade d&#039;Eau Vive du Rebech - Rafting et Kayak en Ari\u00e8ge\" \/>\n<meta property=\"og:description\" content=\"Le Bassin du Rebech est compos\u00e9 des secteurs suivants : Ile, Jump et Jumeaux. Et le Bassin d&#039;Entra\u00eenement est lui-m\u00eame d\u00e9compos\u00e9 en deux secteurs : Bassin d&#039;\u00e9chauffement 1 &amp; Bassin d&#039;\u00e9chauffement 2.\" \/>\n<meta property=\"og:url\" content=\"https:\/\/www.foixeauvive.com\/en\/stade-deau-vive-du-rebech\/\" \/>\n<meta property=\"og:site_name\" content=\"Rafting et Kayak en Ari\u00e8ge\" \/>\n<meta property=\"article:modified_time\" content=\"2025-03-30T21:31:35+00:00\" \/>\n<meta property=\"og:image\" content=\"https:\/\/www.foixeauvive.com\/wp-content\/uploads\/2025\/03\/carte-stade-deau-vive-du-Rebech-Foix-Zoom-portrait-407x1024.webp\" \/>\n<meta name=\"twitter:card\" content=\"summary_large_image\" \/>\n<meta name=\"twitter:label1\" content=\"Estimated reading time\" \/>\n\t<meta name=\"twitter:data1\" content=\"2 minutes\" \/>\n<script type=\"application\/ld+json\" class=\"yoast-schema-graph\">{\"@context\":\"https:\/\/schema.org\",\"@graph\":[{\"@type\":\"WebPage\",\"@id\":\"https:\/\/www.foixeauvive.com\/stade-deau-vive-du-rebech\/\",\"url\":\"https:\/\/www.foixeauvive.com\/stade-deau-vive-du-rebech\/\",\"name\":\"Stade d'Eau Vive du Rebech - Rafting et Kayak en Ari\u00e8ge\",\"isPartOf\":{\"@id\":\"https:\/\/www.foixeauvive.com\/#website\"},\"primaryImageOfPage\":{\"@id\":\"https:\/\/www.foixeauvive.com\/stade-deau-vive-du-rebech\/#primaryimage\"},\"image\":{\"@id\":\"https:\/\/www.foixeauvive.com\/stade-deau-vive-du-rebech\/#primaryimage\"},\"thumbnailUrl\":\"https:\/\/www.foixeauvive.com\/wp-content\/uploads\/2025\/03\/carte-stade-deau-vive-du-Rebech-Foix-Zoom-portrait-407x1024.webp\",\"datePublished\":\"2020-05-14T15:30:26+00:00\",\"dateModified\":\"2025-03-30T21:31:35+00:00\",\"description\":\"Le Bassin du Rebech est compos\u00e9 des secteurs suivants : Ile, Jump et Jumeaux. Et le Bassin d'Entra\u00eenement est lui-m\u00eame d\u00e9compos\u00e9 en deux secteurs : Bassin d'\u00e9chauffement 1 & Bassin d'\u00e9chauffement 2.\",\"breadcrumb\":{\"@id\":\"https:\/\/www.foixeauvive.com\/stade-deau-vive-du-rebech\/#breadcrumb\"},\"inLanguage\":\"en-GB\",\"potentialAction\":[{\"@type\":\"ReadAction\",\"target\":[\"https:\/\/www.foixeauvive.com\/stade-deau-vive-du-rebech\/\"]}]},{\"@type\":\"ImageObject\",\"inLanguage\":\"en-GB\",\"@id\":\"https:\/\/www.foixeauvive.com\/stade-deau-vive-du-rebech\/#primaryimage\",\"url\":\"https:\/\/www.foixeauvive.com\/wp-content\/uploads\/2025\/03\/carte-stade-deau-vive-du-Rebech-Foix-Zoom-portrait-407x1024.webp\",\"contentUrl\":\"https:\/\/www.foixeauvive.com\/wp-content\/uploads\/2025\/03\/carte-stade-deau-vive-du-Rebech-Foix-Zoom-portrait-407x1024.webp\"},{\"@type\":\"BreadcrumbList\",\"@id\":\"https:\/\/www.foixeauvive.com\/stade-deau-vive-du-rebech\/#breadcrumb\",\"itemListElement\":[{\"@type\":\"ListItem\",\"position\":1,\"name\":\"Accueil\",\"item\":\"https:\/\/www.foixeauvive.com\/\"},{\"@type\":\"ListItem\",\"position\":2,\"name\":\"Stade d&rsquo;Eau Vive du Rebech\"}]},{\"@type\":\"WebSite\",\"@id\":\"https:\/\/www.foixeauvive.com\/#website\",\"url\":\"https:\/\/www.foixeauvive.com\/\",\"name\":\"Rafting et Kayak en Ari\u00e8ge\",\"description\":\"Rafting, kayak et cano\u00eb sur Ari\u00e8ge \u00e0 Foix\",\"publisher\":{\"@id\":\"https:\/\/www.foixeauvive.com\/#organization\"},\"potentialAction\":[{\"@type\":\"SearchAction\",\"target\":{\"@type\":\"EntryPoint\",\"urlTemplate\":\"https:\/\/www.foixeauvive.com\/?s={search_term_string}\"},\"query-input\":{\"@type\":\"PropertyValueSpecification\",\"valueRequired\":true,\"valueName\":\"search_term_string\"}}],\"inLanguage\":\"en-GB\"},{\"@type\":\"Organization\",\"@id\":\"https:\/\/www.foixeauvive.com\/#organization\",\"name\":\"Rafting et Kayak en Ari\u00e8ge\",\"url\":\"https:\/\/www.foixeauvive.com\/\",\"logo\":{\"@type\":\"ImageObject\",\"inLanguage\":\"en-GB\",\"@id\":\"https:\/\/www.foixeauvive.com\/#\/schema\/logo\/image\/\",\"url\":\"https:\/\/i0.wp.com\/www.foixeauvive.com\/wp-content\/uploads\/2025\/03\/cropped-Logo_FCKEV_Foix-Canoe-Kayak-eau-Vive-200.png?fit=200%2C148&ssl=1\",\"contentUrl\":\"https:\/\/i0.wp.com\/www.foixeauvive.com\/wp-content\/uploads\/2025\/03\/cropped-Logo_FCKEV_Foix-Canoe-Kayak-eau-Vive-200.png?fit=200%2C148&ssl=1\",\"width\":200,\"height\":148,\"caption\":\"Rafting et Kayak en Ari\u00e8ge\"},\"image\":{\"@id\":\"https:\/\/www.foixeauvive.com\/#\/schema\/logo\/image\/\"}}]}<\/script>\n<!-- \/ Yoast SEO plugin. -->","yoast_head_json":{"title":"Stade d'Eau Vive du Rebech - Rafting et Kayak en Ari\u00e8ge","description":"Le Bassin du Rebech est compos\u00e9 des secteurs suivants : Ile, Jump et Jumeaux. Et le Bassin d'Entra\u00eenement est lui-m\u00eame d\u00e9compos\u00e9 en deux secteurs : Bassin d'\u00e9chauffement 1 & Bassin d'\u00e9chauffement 2.","robots":{"index":"index","follow":"follow","max-snippet":"max-snippet:-1","max-image-preview":"max-image-preview:large","max-video-preview":"max-video-preview:-1"},"canonical":"https:\/\/www.foixeauvive.com\/en\/stade-deau-vive-du-rebech\/","og_locale":"en_GB","og_type":"article","og_title":"Stade d'Eau Vive du Rebech - Rafting et Kayak en Ari\u00e8ge","og_description":"Le Bassin du Rebech est compos\u00e9 des secteurs suivants : Ile, Jump et Jumeaux. Et le Bassin d'Entra\u00eenement est lui-m\u00eame d\u00e9compos\u00e9 en deux secteurs : Bassin d'\u00e9chauffement 1 & Bassin d'\u00e9chauffement 2.","og_url":"https:\/\/www.foixeauvive.com\/en\/stade-deau-vive-du-rebech\/","og_site_name":"Rafting et Kayak en Ari\u00e8ge","article_modified_time":"2025-03-30T21:31:35+00:00","og_image":[{"url":"https:\/\/www.foixeauvive.com\/wp-content\/uploads\/2025\/03\/carte-stade-deau-vive-du-Rebech-Foix-Zoom-portrait-407x1024.webp","type":"","width":"","height":""}],"twitter_card":"summary_large_image","twitter_misc":{"Estimated reading time":"2 minutes"},"schema":{"@context":"https:\/\/schema.org","@graph":[{"@type":"WebPage","@id":"https:\/\/www.foixeauvive.com\/stade-deau-vive-du-rebech\/","url":"https:\/\/www.foixeauvive.com\/stade-deau-vive-du-rebech\/","name":"Stade d'Eau Vive du Rebech - Rafting et Kayak en Ari\u00e8ge","isPartOf":{"@id":"https:\/\/www.foixeauvive.com\/#website"},"primaryImageOfPage":{"@id":"https:\/\/www.foixeauvive.com\/stade-deau-vive-du-rebech\/#primaryimage"},"image":{"@id":"https:\/\/www.foixeauvive.com\/stade-deau-vive-du-rebech\/#primaryimage"},"thumbnailUrl":"https:\/\/www.foixeauvive.com\/wp-content\/uploads\/2025\/03\/carte-stade-deau-vive-du-Rebech-Foix-Zoom-portrait-407x1024.webp","datePublished":"2020-05-14T15:30:26+00:00","dateModified":"2025-03-30T21:31:35+00:00","description":"Le Bassin du Rebech est compos\u00e9 des secteurs suivants : Ile, Jump et Jumeaux. Et le Bassin d'Entra\u00eenement est lui-m\u00eame d\u00e9compos\u00e9 en deux secteurs : Bassin d'\u00e9chauffement 1 & Bassin d'\u00e9chauffement 2.","breadcrumb":{"@id":"https:\/\/www.foixeauvive.com\/stade-deau-vive-du-rebech\/#breadcrumb"},"inLanguage":"en-GB","potentialAction":[{"@type":"ReadAction","target":["https:\/\/www.foixeauvive.com\/stade-deau-vive-du-rebech\/"]}]},{"@type":"ImageObject","inLanguage":"en-GB","@id":"https:\/\/www.foixeauvive.com\/stade-deau-vive-du-rebech\/#primaryimage","url":"https:\/\/www.foixeauvive.com\/wp-content\/uploads\/2025\/03\/carte-stade-deau-vive-du-Rebech-Foix-Zoom-portrait-407x1024.webp","contentUrl":"https:\/\/www.foixeauvive.com\/wp-content\/uploads\/2025\/03\/carte-stade-deau-vive-du-Rebech-Foix-Zoom-portrait-407x1024.webp"},{"@type":"BreadcrumbList","@id":"https:\/\/www.foixeauvive.com\/stade-deau-vive-du-rebech\/#breadcrumb","itemListElement":[{"@type":"ListItem","position":1,"name":"Accueil","item":"https:\/\/www.foixeauvive.com\/"},{"@type":"ListItem","position":2,"name":"Stade d&rsquo;Eau Vive du Rebech"}]},{"@type":"WebSite","@id":"https:\/\/www.foixeauvive.com\/#website","url":"https:\/\/www.foixeauvive.com\/","name":"Rafting et Kayak en Ari\u00e8ge","description":"Rafting, kayak et cano\u00eb sur Ari\u00e8ge \u00e0 Foix","publisher":{"@id":"https:\/\/www.foixeauvive.com\/#organization"},"potentialAction":[{"@type":"SearchAction","target":{"@type":"EntryPoint","urlTemplate":"https:\/\/www.foixeauvive.com\/?s={search_term_string}"},"query-input":{"@type":"PropertyValueSpecification","valueRequired":true,"valueName":"search_term_string"}}],"inLanguage":"en-GB"},{"@type":"Organization","@id":"https:\/\/www.foixeauvive.com\/#organization","name":"Rafting et Kayak en Ari\u00e8ge","url":"https:\/\/www.foixeauvive.com\/","logo":{"@type":"ImageObject","inLanguage":"en-GB","@id":"https:\/\/www.foixeauvive.com\/#\/schema\/logo\/image\/","url":"https:\/\/i0.wp.com\/www.foixeauvive.com\/wp-content\/uploads\/2025\/03\/cropped-Logo_FCKEV_Foix-Canoe-Kayak-eau-Vive-200.png?fit=200%2C148&ssl=1","contentUrl":"https:\/\/i0.wp.com\/www.foixeauvive.com\/wp-content\/uploads\/2025\/03\/cropped-Logo_FCKEV_Foix-Canoe-Kayak-eau-Vive-200.png?fit=200%2C148&ssl=1","width":200,"height":148,"caption":"Rafting et Kayak en Ari\u00e8ge"},"image":{"@id":"https:\/\/www.foixeauvive.com\/#\/schema\/logo\/image\/"}}]}},"jetpack_sharing_enabled":true,"_links":{"self":[{"href":"https:\/\/www.foixeauvive.com\/en\/wp-json\/wp\/v2\/pages\/164","targetHints":{"allow":["GET"]}}],"collection":[{"href":"https:\/\/www.foixeauvive.com\/en\/wp-json\/wp\/v2\/pages"}],"about":[{"href":"https:\/\/www.foixeauvive.com\/en\/wp-json\/wp\/v2\/types\/page"}],"author":[{"embeddable":true,"href":"https:\/\/www.foixeauvive.com\/en\/wp-json\/wp\/v2\/users\/6"}],"replies":[{"embeddable":true,"href":"https:\/\/www.foixeauvive.com\/en\/wp-json\/wp\/v2\/comments?post=164"}],"version-history":[{"count":0,"href":"https:\/\/www.foixeauvive.com\/en\/wp-json\/wp\/v2\/pages\/164\/revisions"}],"wp:attachment":[{"href":"https:\/\/www.foixeauvive.com\/en\/wp-json\/wp\/v2\/media?parent=164"}],"curies":[{"name":"wp","href":"https:\/\/api.w.org\/{rel}","templated":true}]}}