{"id":198,"date":"2020-07-07T06:59:42","date_gmt":"2020-07-07T04:59:42","guid":{"rendered":"http:\/\/www.foixeauvive.com\/?page_id=198"},"modified":"2022-01-05T16:04:44","modified_gmt":"2022-01-05T15:04:44","slug":"partenaires","status":"publish","type":"page","link":"https:\/\/www.foixeauvive.com\/en\/partenaires\/","title":{"rendered":"Nos Partenaires"},"content":{"rendered":"<div style=\"height:50px\" aria-hidden=\"true\" class=\"wp-block-spacer\"><\/div>\n\n\n\n<p class=\"has-medium-font-size\"><strong>Partenaires Institutionnels<\/strong><\/p>\n\n\n\n<figure class=\"wp-block-gallery aligncenter columns-3 wp-block-gallery-1 is-layout-flex wp-block-gallery-is-layout-flex\"><ul class=\"blocks-gallery-grid\"><li class=\"blocks-gallery-item\"><figure><img data-recalc-dims=\"1\" loading=\"lazy\" decoding=\"async\" width=\"266\" height=\"190\" src=\"https:\/\/i0.wp.com\/www.foixeauvive.com\/wp-content\/uploads\/2020\/10\/ffck-1.jpg?resize=266%2C190\" alt=\"\" data-id=\"537\" data-full-url=\"http:\/\/www.foixeauvive.com\/wp-content\/uploads\/2020\/10\/ffck-1.jpg\" data-link=\"http:\/\/www.foixeauvive.com\/championnat-de-france-n2-2021\/ffck-1\/\" class=\"wp-image-537\"\/><\/figure><\/li><li class=\"blocks-gallery-item\"><figure><img data-recalc-dims=\"1\" loading=\"lazy\" decoding=\"async\" width=\"311\" height=\"162\" src=\"https:\/\/i0.wp.com\/www.foixeauvive.com\/wp-content\/uploads\/2020\/10\/foix.png?resize=311%2C162\" alt=\"\" data-id=\"520\" data-full-url=\"http:\/\/www.foixeauvive.com\/wp-content\/uploads\/2020\/10\/foix.png\" data-link=\"http:\/\/www.foixeauvive.com\/championnat-de-france-n2-2021\/foix\/\" class=\"wp-image-520\" srcset=\"https:\/\/i0.wp.com\/www.foixeauvive.com\/wp-content\/uploads\/2020\/10\/foix.png?w=311&amp;ssl=1 311w, https:\/\/i0.wp.com\/www.foixeauvive.com\/wp-content\/uploads\/2020\/10\/foix.png?resize=300%2C156&amp;ssl=1 300w\" sizes=\"auto, (max-width: 311px) 100vw, 311px\" \/><\/figure><\/li><li class=\"blocks-gallery-item\"><figure><img data-recalc-dims=\"1\" loading=\"lazy\" decoding=\"async\" width=\"1024\" height=\"566\" src=\"https:\/\/i0.wp.com\/www.foixeauvive.com\/wp-content\/uploads\/2020\/07\/5ariege-1024x566.png?resize=1024%2C566\" alt=\"\" data-id=\"312\" data-link=\"http:\/\/www.foixeauvive.com\/partenaires\/5ariege\/\" class=\"wp-image-312\" srcset=\"https:\/\/i0.wp.com\/www.foixeauvive.com\/wp-content\/uploads\/2020\/07\/5ariege.png?resize=1024%2C566&amp;ssl=1 1024w, https:\/\/i0.wp.com\/www.foixeauvive.com\/wp-content\/uploads\/2020\/07\/5ariege.png?resize=300%2C166&amp;ssl=1 300w, https:\/\/i0.wp.com\/www.foixeauvive.com\/wp-content\/uploads\/2020\/07\/5ariege.png?resize=768%2C424&amp;ssl=1 768w, https:\/\/i0.wp.com\/www.foixeauvive.com\/wp-content\/uploads\/2020\/07\/5ariege.png?w=1920&amp;ssl=1 1920w\" sizes=\"auto, (max-width: 1024px) 100vw, 1024px\" \/><\/figure><\/li><li class=\"blocks-gallery-item\"><figure><img data-recalc-dims=\"1\" loading=\"lazy\" decoding=\"async\" width=\"340\" height=\"104\" src=\"https:\/\/i0.wp.com\/www.foixeauvive.com\/wp-content\/uploads\/2020\/10\/agglo.png?resize=340%2C104\" alt=\"\" data-id=\"528\" data-full-url=\"http:\/\/www.foixeauvive.com\/wp-content\/uploads\/2020\/10\/agglo.png\" data-link=\"http:\/\/www.foixeauvive.com\/championnat-de-france-n2-2021\/agglo\/\" class=\"wp-image-528\" srcset=\"https:\/\/i0.wp.com\/www.foixeauvive.com\/wp-content\/uploads\/2020\/10\/agglo.png?w=340&amp;ssl=1 340w, https:\/\/i0.wp.com\/www.foixeauvive.com\/wp-content\/uploads\/2020\/10\/agglo.png?resize=300%2C92&amp;ssl=1 300w\" sizes=\"auto, (max-width: 340px) 100vw, 340px\" \/><\/figure><\/li><li class=\"blocks-gallery-item\"><figure><img data-recalc-dims=\"1\" loading=\"lazy\" decoding=\"async\" width=\"200\" height=\"200\" src=\"https:\/\/i0.wp.com\/www.foixeauvive.com\/wp-content\/uploads\/2020\/07\/6Occitanie.png?resize=200%2C200\" alt=\"\" data-id=\"313\" data-link=\"http:\/\/www.foixeauvive.com\/partenaires\/6occitanie\/\" class=\"wp-image-313\" srcset=\"https:\/\/i0.wp.com\/www.foixeauvive.com\/wp-content\/uploads\/2020\/07\/6Occitanie.png?w=200&amp;ssl=1 200w, https:\/\/i0.wp.com\/www.foixeauvive.com\/wp-content\/uploads\/2020\/07\/6Occitanie.png?resize=150%2C150&amp;ssl=1 150w\" sizes=\"auto, (max-width: 200px) 100vw, 200px\" \/><\/figure><\/li><\/ul><\/figure>\n\n\n\n<div style=\"height:25px\" aria-hidden=\"true\" class=\"wp-block-spacer\"><\/div>\n\n\n\n<hr class=\"wp-block-separator\"\/>\n\n\n\n<div style=\"height:25px\" aria-hidden=\"true\" class=\"wp-block-spacer\"><\/div>\n\n\n\n<p class=\"has-medium-font-size\"><strong>Partenaires  Premium<\/strong><\/p>\n\n\n\n<figure class=\"wp-block-gallery aligncenter columns-2 wp-block-gallery-2 is-layout-flex wp-block-gallery-is-layout-flex\"><ul class=\"blocks-gallery-grid\"><li class=\"blocks-gallery-item\"><figure><img data-recalc-dims=\"1\" loading=\"lazy\" decoding=\"async\" width=\"318\" height=\"159\" src=\"https:\/\/i0.wp.com\/www.foixeauvive.com\/wp-content\/uploads\/2020\/10\/edf.png?resize=318%2C159\" alt=\"\" data-id=\"534\" data-full-url=\"http:\/\/www.foixeauvive.com\/wp-content\/uploads\/2020\/10\/edf.png\" data-link=\"http:\/\/www.foixeauvive.com\/championnat-de-france-n2-2021\/edf\/\" class=\"wp-image-534\" srcset=\"https:\/\/i0.wp.com\/www.foixeauvive.com\/wp-content\/uploads\/2020\/10\/edf.png?w=318&amp;ssl=1 318w, https:\/\/i0.wp.com\/www.foixeauvive.com\/wp-content\/uploads\/2020\/10\/edf.png?resize=300%2C150&amp;ssl=1 300w\" sizes=\"auto, (max-width: 318px) 100vw, 318px\" \/><\/figure><\/li><li class=\"blocks-gallery-item\"><figure><img data-recalc-dims=\"1\" loading=\"lazy\" decoding=\"async\" width=\"641\" height=\"131\" src=\"https:\/\/i0.wp.com\/www.foixeauvive.com\/wp-content\/uploads\/2022\/01\/abellio.jpg?resize=641%2C131\" alt=\"\" data-id=\"756\" data-full-url=\"http:\/\/www.foixeauvive.com\/wp-content\/uploads\/2022\/01\/abellio.jpg\" data-link=\"http:\/\/www.foixeauvive.com\/partenaires\/abellio-3\/\" class=\"wp-image-756\" srcset=\"https:\/\/i0.wp.com\/www.foixeauvive.com\/wp-content\/uploads\/2022\/01\/abellio.jpg?w=641&amp;ssl=1 641w, https:\/\/i0.wp.com\/www.foixeauvive.com\/wp-content\/uploads\/2022\/01\/abellio.jpg?resize=300%2C61&amp;ssl=1 300w, https:\/\/i0.wp.com\/www.foixeauvive.com\/wp-content\/uploads\/2022\/01\/abellio.jpg?resize=228%2C47&amp;ssl=1 228w\" sizes=\"auto, (max-width: 641px) 100vw, 641px\" \/><\/figure><\/li><\/ul><\/figure>\n\n\n\n<div style=\"height:25px\" aria-hidden=\"true\" class=\"wp-block-spacer\"><\/div>\n\n\n\n<hr class=\"wp-block-separator\"\/>\n\n\n\n<div style=\"height:25px\" aria-hidden=\"true\" class=\"wp-block-spacer\"><\/div>\n\n\n\n<p class=\"has-medium-font-size\"><strong>Partenaires<\/strong><\/p>\n\n\n\n<figure class=\"wp-block-gallery columns-3 wp-block-gallery-3 is-layout-flex wp-block-gallery-is-layout-flex\"><ul class=\"blocks-gallery-grid\"><li class=\"blocks-gallery-item\"><figure><img data-recalc-dims=\"1\" loading=\"lazy\" decoding=\"async\" width=\"428\" height=\"197\" src=\"https:\/\/i0.wp.com\/www.foixeauvive.com\/wp-content\/uploads\/2020\/07\/rmaec.png?resize=428%2C197\" alt=\"\" data-id=\"347\" data-full-url=\"http:\/\/www.foixeauvive.com\/wp-content\/uploads\/2020\/07\/rmaec.png\" data-link=\"http:\/\/www.foixeauvive.com\/partenaires\/rmaec\/\" class=\"wp-image-347\" srcset=\"https:\/\/i0.wp.com\/www.foixeauvive.com\/wp-content\/uploads\/2020\/07\/rmaec.png?w=428&amp;ssl=1 428w, https:\/\/i0.wp.com\/www.foixeauvive.com\/wp-content\/uploads\/2020\/07\/rmaec.png?resize=300%2C138&amp;ssl=1 300w\" sizes=\"auto, (max-width: 428px) 100vw, 428px\" \/><\/figure><\/li><li class=\"blocks-gallery-item\"><figure><img data-recalc-dims=\"1\" loading=\"lazy\" decoding=\"async\" width=\"668\" height=\"628\" src=\"https:\/\/i0.wp.com\/www.foixeauvive.com\/wp-content\/uploads\/2020\/07\/maestriav2.png?resize=668%2C628\" alt=\"\" data-id=\"353\" data-full-url=\"http:\/\/www.foixeauvive.com\/wp-content\/uploads\/2020\/07\/maestriav2.png\" data-link=\"http:\/\/www.foixeauvive.com\/partenaires\/maestriav2\/\" class=\"wp-image-353\" srcset=\"https:\/\/i0.wp.com\/www.foixeauvive.com\/wp-content\/uploads\/2020\/07\/maestriav2.png?w=668&amp;ssl=1 668w, https:\/\/i0.wp.com\/www.foixeauvive.com\/wp-content\/uploads\/2020\/07\/maestriav2.png?resize=300%2C282&amp;ssl=1 300w\" sizes=\"auto, (max-width: 668px) 100vw, 668px\" \/><\/figure><\/li><li class=\"blocks-gallery-item\"><figure><img data-recalc-dims=\"1\" loading=\"lazy\" decoding=\"async\" width=\"409\" height=\"190\" src=\"https:\/\/i0.wp.com\/www.foixeauvive.com\/wp-content\/uploads\/2020\/07\/intersport.png?resize=409%2C190\" alt=\"\" data-id=\"344\" data-full-url=\"http:\/\/www.foixeauvive.com\/wp-content\/uploads\/2020\/07\/intersport.png\" data-link=\"http:\/\/www.foixeauvive.com\/partenaires\/intersport\/\" class=\"wp-image-344\" srcset=\"https:\/\/i0.wp.com\/www.foixeauvive.com\/wp-content\/uploads\/2020\/07\/intersport.png?w=409&amp;ssl=1 409w, https:\/\/i0.wp.com\/www.foixeauvive.com\/wp-content\/uploads\/2020\/07\/intersport.png?resize=300%2C139&amp;ssl=1 300w\" sizes=\"auto, (max-width: 409px) 100vw, 409px\" \/><\/figure><\/li><li class=\"blocks-gallery-item\"><figure><img data-recalc-dims=\"1\" loading=\"lazy\" decoding=\"async\" width=\"365\" height=\"138\" src=\"https:\/\/i0.wp.com\/www.foixeauvive.com\/wp-content\/uploads\/2020\/10\/biocoop.png?resize=365%2C138\" alt=\"\" data-id=\"531\" data-full-url=\"http:\/\/www.foixeauvive.com\/wp-content\/uploads\/2020\/10\/biocoop.png\" data-link=\"http:\/\/www.foixeauvive.com\/championnat-de-france-n2-2021\/biocoop\/\" class=\"wp-image-531\" srcset=\"https:\/\/i0.wp.com\/www.foixeauvive.com\/wp-content\/uploads\/2020\/10\/biocoop.png?w=365&amp;ssl=1 365w, https:\/\/i0.wp.com\/www.foixeauvive.com\/wp-content\/uploads\/2020\/10\/biocoop.png?resize=300%2C113&amp;ssl=1 300w\" sizes=\"auto, (max-width: 365px) 100vw, 365px\" \/><\/figure><\/li><li class=\"blocks-gallery-item\"><figure><img data-recalc-dims=\"1\" loading=\"lazy\" decoding=\"async\" width=\"333\" height=\"151\" src=\"https:\/\/i0.wp.com\/www.foixeauvive.com\/wp-content\/uploads\/2020\/10\/bureaux.jpg?resize=333%2C151\" alt=\"\" data-id=\"532\" data-full-url=\"http:\/\/www.foixeauvive.com\/wp-content\/uploads\/2020\/10\/bureaux.jpg\" data-link=\"http:\/\/www.foixeauvive.com\/championnat-de-france-n2-2021\/bureaux\/\" class=\"wp-image-532\" srcset=\"https:\/\/i0.wp.com\/www.foixeauvive.com\/wp-content\/uploads\/2020\/10\/bureaux.jpg?w=333&amp;ssl=1 333w, https:\/\/i0.wp.com\/www.foixeauvive.com\/wp-content\/uploads\/2020\/10\/bureaux.jpg?resize=300%2C136&amp;ssl=1 300w\" sizes=\"auto, (max-width: 333px) 100vw, 333px\" \/><\/figure><\/li><li class=\"blocks-gallery-item\"><figure><img data-recalc-dims=\"1\" loading=\"lazy\" decoding=\"async\" width=\"340\" height=\"148\" src=\"https:\/\/i0.wp.com\/www.foixeauvive.com\/wp-content\/uploads\/2020\/10\/asia.jpg?resize=340%2C148\" alt=\"\" data-id=\"530\" data-full-url=\"http:\/\/www.foixeauvive.com\/wp-content\/uploads\/2020\/10\/asia.jpg\" data-link=\"http:\/\/www.foixeauvive.com\/championnat-de-france-n2-2021\/asia\/\" class=\"wp-image-530\" srcset=\"https:\/\/i0.wp.com\/www.foixeauvive.com\/wp-content\/uploads\/2020\/10\/asia.jpg?w=340&amp;ssl=1 340w, https:\/\/i0.wp.com\/www.foixeauvive.com\/wp-content\/uploads\/2020\/10\/asia.jpg?resize=300%2C131&amp;ssl=1 300w\" sizes=\"auto, (max-width: 340px) 100vw, 340px\" \/><\/figure><\/li><\/ul><\/figure>\n\n\n\n<div style=\"height:25px\" aria-hidden=\"true\" class=\"wp-block-spacer\"><\/div>\n\n\n\n<hr class=\"wp-block-separator\"\/>\n\n\n\n<div style=\"height:25px\" aria-hidden=\"true\" class=\"wp-block-spacer\"><\/div>\n\n\n\n<p class=\"has-text-align-center has-large-font-size\">Pour devenir partenaires contactez nous au : <br><strong>06 52 50 10 22<\/strong><\/p>","protected":false},"excerpt":{"rendered":"<p>Partenaires Institutionnels Partenaires Premium Partenaires Pour devenir partenaires contactez nous au : 06 52 50 10 22<\/p>","protected":false},"author":6,"featured_media":0,"parent":0,"menu_order":0,"comment_status":"closed","ping_status":"closed","template":"","meta":{"footnotes":""},"class_list":["post-198","page","type-page","status-publish","hentry"],"yoast_head":"<!-- This site is optimized with the Yoast SEO plugin v26.8 - https:\/\/yoast.com\/product\/yoast-seo-wordpress\/ -->\n<title>Nos Partenaires - Rafting et Kayak en Ari\u00e8ge<\/title>\n<meta name=\"robots\" content=\"index, follow, max-snippet:-1, max-image-preview:large, max-video-preview:-1\" \/>\n<link rel=\"canonical\" href=\"https:\/\/www.foixeauvive.com\/en\/partenaires\/\" \/>\n<meta property=\"og:locale\" content=\"en_GB\" \/>\n<meta property=\"og:type\" content=\"article\" \/>\n<meta property=\"og:title\" content=\"Nos Partenaires - Rafting et Kayak en Ari\u00e8ge\" \/>\n<meta property=\"og:description\" content=\"Partenaires Institutionnels Partenaires Premium Partenaires Pour devenir partenaires contactez nous au : 06 52 50 10 22\" \/>\n<meta property=\"og:url\" content=\"https:\/\/www.foixeauvive.com\/en\/partenaires\/\" \/>\n<meta property=\"og:site_name\" content=\"Rafting et Kayak en Ari\u00e8ge\" \/>\n<meta property=\"article:modified_time\" content=\"2022-01-05T15:04:44+00:00\" \/>\n<meta property=\"og:image\" content=\"http:\/\/www.foixeauvive.com\/wp-content\/uploads\/2020\/10\/ffck-1.jpg\" \/>\n<meta name=\"twitter:card\" content=\"summary_large_image\" \/>\n<meta name=\"twitter:label1\" content=\"Estimated reading time\" \/>\n\t<meta name=\"twitter:data1\" content=\"3 minutes\" \/>\n<script type=\"application\/ld+json\" class=\"yoast-schema-graph\">{\"@context\":\"https:\/\/schema.org\",\"@graph\":[{\"@type\":\"WebPage\",\"@id\":\"https:\/\/www.foixeauvive.com\/partenaires\/\",\"url\":\"https:\/\/www.foixeauvive.com\/partenaires\/\",\"name\":\"Nos Partenaires - Rafting et Kayak en Ari\u00e8ge\",\"isPartOf\":{\"@id\":\"https:\/\/www.foixeauvive.com\/#website\"},\"primaryImageOfPage\":{\"@id\":\"https:\/\/www.foixeauvive.com\/partenaires\/#primaryimage\"},\"image\":{\"@id\":\"https:\/\/www.foixeauvive.com\/partenaires\/#primaryimage\"},\"thumbnailUrl\":\"http:\/\/www.foixeauvive.com\/wp-content\/uploads\/2020\/10\/ffck-1.jpg\",\"datePublished\":\"2020-07-07T04:59:42+00:00\",\"dateModified\":\"2022-01-05T15:04:44+00:00\",\"breadcrumb\":{\"@id\":\"https:\/\/www.foixeauvive.com\/partenaires\/#breadcrumb\"},\"inLanguage\":\"en-GB\",\"potentialAction\":[{\"@type\":\"ReadAction\",\"target\":[\"https:\/\/www.foixeauvive.com\/partenaires\/\"]}]},{\"@type\":\"ImageObject\",\"inLanguage\":\"en-GB\",\"@id\":\"https:\/\/www.foixeauvive.com\/partenaires\/#primaryimage\",\"url\":\"http:\/\/www.foixeauvive.com\/wp-content\/uploads\/2020\/10\/ffck-1.jpg\",\"contentUrl\":\"http:\/\/www.foixeauvive.com\/wp-content\/uploads\/2020\/10\/ffck-1.jpg\"},{\"@type\":\"BreadcrumbList\",\"@id\":\"https:\/\/www.foixeauvive.com\/partenaires\/#breadcrumb\",\"itemListElement\":[{\"@type\":\"ListItem\",\"position\":1,\"name\":\"Accueil\",\"item\":\"https:\/\/www.foixeauvive.com\/\"},{\"@type\":\"ListItem\",\"position\":2,\"name\":\"Nos Partenaires\"}]},{\"@type\":\"WebSite\",\"@id\":\"https:\/\/www.foixeauvive.com\/#website\",\"url\":\"https:\/\/www.foixeauvive.com\/\",\"name\":\"Rafting et Kayak en Ari\u00e8ge\",\"description\":\"Rafting, kayak et cano\u00eb sur Ari\u00e8ge \u00e0 Foix\",\"publisher\":{\"@id\":\"https:\/\/www.foixeauvive.com\/#organization\"},\"potentialAction\":[{\"@type\":\"SearchAction\",\"target\":{\"@type\":\"EntryPoint\",\"urlTemplate\":\"https:\/\/www.foixeauvive.com\/?s={search_term_string}\"},\"query-input\":{\"@type\":\"PropertyValueSpecification\",\"valueRequired\":true,\"valueName\":\"search_term_string\"}}],\"inLanguage\":\"en-GB\"},{\"@type\":\"Organization\",\"@id\":\"https:\/\/www.foixeauvive.com\/#organization\",\"name\":\"Rafting et Kayak en Ari\u00e8ge\",\"url\":\"https:\/\/www.foixeauvive.com\/\",\"logo\":{\"@type\":\"ImageObject\",\"inLanguage\":\"en-GB\",\"@id\":\"https:\/\/www.foixeauvive.com\/#\/schema\/logo\/image\/\",\"url\":\"https:\/\/i0.wp.com\/www.foixeauvive.com\/wp-content\/uploads\/2025\/03\/cropped-Logo_FCKEV_Foix-Canoe-Kayak-eau-Vive-200.png?fit=200%2C148&ssl=1\",\"contentUrl\":\"https:\/\/i0.wp.com\/www.foixeauvive.com\/wp-content\/uploads\/2025\/03\/cropped-Logo_FCKEV_Foix-Canoe-Kayak-eau-Vive-200.png?fit=200%2C148&ssl=1\",\"width\":200,\"height\":148,\"caption\":\"Rafting et Kayak en Ari\u00e8ge\"},\"image\":{\"@id\":\"https:\/\/www.foixeauvive.com\/#\/schema\/logo\/image\/\"}}]}<\/script>\n<!-- \/ Yoast SEO plugin. -->","yoast_head_json":{"title":"Nos Partenaires - Rafting et Kayak en Ari\u00e8ge","robots":{"index":"index","follow":"follow","max-snippet":"max-snippet:-1","max-image-preview":"max-image-preview:large","max-video-preview":"max-video-preview:-1"},"canonical":"https:\/\/www.foixeauvive.com\/en\/partenaires\/","og_locale":"en_GB","og_type":"article","og_title":"Nos Partenaires - Rafting et Kayak en Ari\u00e8ge","og_description":"Partenaires Institutionnels Partenaires Premium Partenaires Pour devenir partenaires contactez nous au : 06 52 50 10 22","og_url":"https:\/\/www.foixeauvive.com\/en\/partenaires\/","og_site_name":"Rafting et Kayak en Ari\u00e8ge","article_modified_time":"2022-01-05T15:04:44+00:00","og_image":[{"url":"http:\/\/www.foixeauvive.com\/wp-content\/uploads\/2020\/10\/ffck-1.jpg","type":"","width":"","height":""}],"twitter_card":"summary_large_image","twitter_misc":{"Estimated reading time":"3 minutes"},"schema":{"@context":"https:\/\/schema.org","@graph":[{"@type":"WebPage","@id":"https:\/\/www.foixeauvive.com\/partenaires\/","url":"https:\/\/www.foixeauvive.com\/partenaires\/","name":"Nos Partenaires - Rafting et Kayak en Ari\u00e8ge","isPartOf":{"@id":"https:\/\/www.foixeauvive.com\/#website"},"primaryImageOfPage":{"@id":"https:\/\/www.foixeauvive.com\/partenaires\/#primaryimage"},"image":{"@id":"https:\/\/www.foixeauvive.com\/partenaires\/#primaryimage"},"thumbnailUrl":"http:\/\/www.foixeauvive.com\/wp-content\/uploads\/2020\/10\/ffck-1.jpg","datePublished":"2020-07-07T04:59:42+00:00","dateModified":"2022-01-05T15:04:44+00:00","breadcrumb":{"@id":"https:\/\/www.foixeauvive.com\/partenaires\/#breadcrumb"},"inLanguage":"en-GB","potentialAction":[{"@type":"ReadAction","target":["https:\/\/www.foixeauvive.com\/partenaires\/"]}]},{"@type":"ImageObject","inLanguage":"en-GB","@id":"https:\/\/www.foixeauvive.com\/partenaires\/#primaryimage","url":"http:\/\/www.foixeauvive.com\/wp-content\/uploads\/2020\/10\/ffck-1.jpg","contentUrl":"http:\/\/www.foixeauvive.com\/wp-content\/uploads\/2020\/10\/ffck-1.jpg"},{"@type":"BreadcrumbList","@id":"https:\/\/www.foixeauvive.com\/partenaires\/#breadcrumb","itemListElement":[{"@type":"ListItem","position":1,"name":"Accueil","item":"https:\/\/www.foixeauvive.com\/"},{"@type":"ListItem","position":2,"name":"Nos Partenaires"}]},{"@type":"WebSite","@id":"https:\/\/www.foixeauvive.com\/#website","url":"https:\/\/www.foixeauvive.com\/","name":"Rafting et Kayak en Ari\u00e8ge","description":"Rafting, kayak et cano\u00eb sur Ari\u00e8ge \u00e0 Foix","publisher":{"@id":"https:\/\/www.foixeauvive.com\/#organization"},"potentialAction":[{"@type":"SearchAction","target":{"@type":"EntryPoint","urlTemplate":"https:\/\/www.foixeauvive.com\/?s={search_term_string}"},"query-input":{"@type":"PropertyValueSpecification","valueRequired":true,"valueName":"search_term_string"}}],"inLanguage":"en-GB"},{"@type":"Organization","@id":"https:\/\/www.foixeauvive.com\/#organization","name":"Rafting et Kayak en Ari\u00e8ge","url":"https:\/\/www.foixeauvive.com\/","logo":{"@type":"ImageObject","inLanguage":"en-GB","@id":"https:\/\/www.foixeauvive.com\/#\/schema\/logo\/image\/","url":"https:\/\/i0.wp.com\/www.foixeauvive.com\/wp-content\/uploads\/2025\/03\/cropped-Logo_FCKEV_Foix-Canoe-Kayak-eau-Vive-200.png?fit=200%2C148&ssl=1","contentUrl":"https:\/\/i0.wp.com\/www.foixeauvive.com\/wp-content\/uploads\/2025\/03\/cropped-Logo_FCKEV_Foix-Canoe-Kayak-eau-Vive-200.png?fit=200%2C148&ssl=1","width":200,"height":148,"caption":"Rafting et Kayak en Ari\u00e8ge"},"image":{"@id":"https:\/\/www.foixeauvive.com\/#\/schema\/logo\/image\/"}}]}},"jetpack_sharing_enabled":true,"_links":{"self":[{"href":"https:\/\/www.foixeauvive.com\/en\/wp-json\/wp\/v2\/pages\/198","targetHints":{"allow":["GET"]}}],"collection":[{"href":"https:\/\/www.foixeauvive.com\/en\/wp-json\/wp\/v2\/pages"}],"about":[{"href":"https:\/\/www.foixeauvive.com\/en\/wp-json\/wp\/v2\/types\/page"}],"author":[{"embeddable":true,"href":"https:\/\/www.foixeauvive.com\/en\/wp-json\/wp\/v2\/users\/6"}],"replies":[{"embeddable":true,"href":"https:\/\/www.foixeauvive.com\/en\/wp-json\/wp\/v2\/comments?post=198"}],"version-history":[{"count":0,"href":"https:\/\/www.foixeauvive.com\/en\/wp-json\/wp\/v2\/pages\/198\/revisions"}],"wp:attachment":[{"href":"https:\/\/www.foixeauvive.com\/en\/wp-json\/wp\/v2\/media?parent=198"}],"curies":[{"name":"wp","href":"https:\/\/api.w.org\/{rel}","templated":true}]}}