{"id":219,"date":"2020-07-07T09:26:06","date_gmt":"2020-07-07T07:26:06","guid":{"rendered":"http:\/\/www.foixeauvive.com\/?page_id=219"},"modified":"2020-07-10T08:58:48","modified_gmt":"2020-07-10T06:58:48","slug":"palmares","status":"publish","type":"page","link":"https:\/\/www.foixeauvive.com\/en\/palmares\/","title":{"rendered":"Palmar\u00e8s"},"content":{"rendered":"<hr class=\"wp-block-separator\"\/>\n\n\n\n<p class=\"has-text-align-left has-medium-font-size\"><strong><em>1989<\/em><br> C\u00e9line ROUAN<\/strong><br> est la premi\u00e8re Ari\u00e9geoise \u00e0 participer \u00e0 un championnat de France de cano\u00eb kayak, o\u00f9 elle termine 30\u00e9me en kayak cadette<\/p>\n\n\n\n<div style=\"height:20px\" aria-hidden=\"true\" class=\"wp-block-spacer\"><\/div>\n\n\n\n<p class=\"has-medium-font-size\"><strong><em>1995<\/em><br> Johanna DECIA<\/strong><br> 3\u00e9me au championnat de France N2 en kayak dame junior<\/p>\n\n\n\n<div style=\"height:20px\" aria-hidden=\"true\" class=\"wp-block-spacer\"><\/div>\n\n\n\n<p class=\"has-medium-font-size\"><strong><em>1999<\/em><\/strong><br> <strong>Aur\u00e9lien MAYNADIER<\/strong><br> 3\u00e9me au championnat de France en kayak cadet<\/p>\n\n\n\n<div style=\"height:20px\" aria-hidden=\"true\" class=\"wp-block-spacer\"><\/div>\n\n\n\n<p class=\"has-medium-font-size\"><strong><em>1999<\/em><\/strong><br> <strong>Aur\u00e9lien MAYNADIER, Jean Pascal THOMAS <\/strong>et<strong> R\u00e9mi DRAMARD<\/strong><br> 3\u00e9mes par \u00e9quipe au championnat de France Cadets<\/p>\n\n\n\n<div style=\"height:20px\" aria-hidden=\"true\" class=\"wp-block-spacer\"><\/div>\n\n\n\n<p class=\"has-medium-font-size\"><strong><em>2000<\/em><br> Jean Pascal THOMAS<\/strong><br> 2\u00e9me au championnat de France N2 en kayak junior<\/p>\n\n\n\n<div style=\"height:20px\" aria-hidden=\"true\" class=\"wp-block-spacer\"><\/div>\n\n\n\n<p class=\"has-medium-font-size\"><strong><em>2000<\/em><br> Aur\u00e9lien MAYNADIER, Jean Pascal THOMAS <\/strong><em>et<\/em><strong><em> <\/em>Benjamin ROLS<\/strong><br> 2\u00e9mes par \u00e9quipe au championnat de France juniors<\/p>\n\n\n\n<div style=\"height:20px\" aria-hidden=\"true\" class=\"wp-block-spacer\"><\/div>\n\n\n\n<p class=\"has-medium-font-size\"><strong><em>2001<\/em><\/strong><em> <\/em><br> <strong>Jean Pascal THOMAS<\/strong> <br> CHAMPION DE France et 6\u00e8me au championnat d\u2019Europe en kayak junior <\/p>\n\n\n\n<div style=\"height:20px\" aria-hidden=\"true\" class=\"wp-block-spacer\"><\/div>\n\n\n\n<p class=\"has-medium-font-size\"><strong><em>2002<\/em><\/strong><em> <\/em><br> <strong>Aur\u00e9lien MAYNADIER<\/strong>  <br> 2\u00e9me au championnat de France N2 en kayak senior <\/p>\n\n\n\n<div style=\"height:20px\" aria-hidden=\"true\" class=\"wp-block-spacer\"><\/div>\n\n\n\n<p class=\"has-medium-font-size\"><strong>2002<\/strong> <br> <strong>Florian BERAIL, S\u00e9bastien PERILHOU <\/strong>et<strong> Aymeric MAYNADIER,<\/strong>  <br> 3emes par \u00e9quipe au championnat de France Cadets <\/p>\n\n\n\n<div style=\"height:20px\" aria-hidden=\"true\" class=\"wp-block-spacer\"><\/div>\n\n\n\n<p class=\"has-medium-font-size\"><strong><em>2003<\/em><\/strong> <br> <strong>Aymeric MAYNADIER <\/strong>et<strong> S\u00e9bastien PERILHOU<\/strong>  <br> 2\u00e9mes au championnat de France,  <br> 11\u00e9mes en individuel et 2\u00e9mes en \u00e9quipe<br> au championnat d\u2019Europe en cano\u00eb biplace junior <\/p>\n\n\n\n<div style=\"height:20px\" aria-hidden=\"true\" class=\"wp-block-spacer\"><\/div>\n\n\n\n<p class=\"has-medium-font-size\"><strong><em>2003<\/em><\/strong><em> <\/em><br> <strong>Florian BERAIL<\/strong>  <br> 3\u00e9me au championnat de France en kayak cadet <\/p>\n\n\n\n<div style=\"height:20px\" aria-hidden=\"true\" class=\"wp-block-spacer\"><\/div>\n\n\n\n<p class=\"has-medium-font-size\"><strong><em>2003<\/em><\/strong> <br> <strong>Aur\u00e9lien MAYNADIER<\/strong>  <br> 34\u00e9me sur une manche de Coupe du Monde en kayak homme <\/p>\n\n\n\n<div style=\"height:20px\" aria-hidden=\"true\" class=\"wp-block-spacer\"><\/div>\n\n\n\n<p class=\"has-medium-font-size\"><strong><em>2004<\/em><\/strong> <br> <strong>Aymeric MAYNADIER <\/strong>et<strong> S\u00e9bastien PERILHOU<\/strong> <br> CHAMPIONS DE FRANCE,  <br> 3\u00e8me au championnat d\u2019Europe, 3\u00e8me en individuel et 4\u00e8me par \u00e9quipe au   championnat du Monde en cano\u00eb biplace juniors <\/p>\n\n\n\n<div style=\"height:20px\" aria-hidden=\"true\" class=\"wp-block-spacer\"><\/div>\n\n\n\n<p class=\"has-medium-font-size\"><strong><em>2004<\/em><\/strong> <br> <strong>Florian BERAIL, S\u00e9bastien PERILHOU <\/strong>et<strong> Aymeric MAYNADIER<\/strong>  <br> 2\u00e8me par \u00e9quipe au championnat de France Juniors <\/p>\n\n\n\n<div style=\"height:20px\" aria-hidden=\"true\" class=\"wp-block-spacer\"><\/div>\n\n\n\n<p class=\"has-medium-font-size\"><strong><em>2005<\/em><\/strong> <br> <strong>Aur\u00e9lien MAYNADIER<\/strong>  <br> 2\u00e8me aux Eurolympiques et 16\u00e8me au championnat d\u2019Europe des moins de 23 ans <\/p>\n\n\n\n<div style=\"height:20px\" aria-hidden=\"true\" class=\"wp-block-spacer\"><\/div>\n\n\n\n<p class=\"has-medium-font-size\"><strong><em>2005<\/em><\/strong> <br> <strong>Florian BERAIL<\/strong>  <br> 2\u00e8me au championnat de France junior,  <br> 11\u00e8me au championnat d\u2019Europe Juniors en individuel et  <br>CHAMPION D\u2019EUROPE junior par \u00e9quipe <\/p>\n\n\n\n<div style=\"height:20px\" aria-hidden=\"true\" class=\"wp-block-spacer\"><\/div>\n\n\n\n<p class=\"has-medium-font-size\"><strong><em>2008<\/em><\/strong> <br> <strong>Florian BERAIL, Aur\u00e9lien MAYNADIER <\/strong>et<strong> Damien LABORDE<\/strong>  <br> 2\u00e8me par \u00e9quipe au championnat de France seniors <\/p>\n\n\n\n<div style=\"height:20px\" aria-hidden=\"true\" class=\"wp-block-spacer\"><\/div>\n\n\n\n<p class=\"has-medium-font-size\"><strong><em>2009<\/em><\/strong> <br> <strong>Aymeric MAYNADIER <\/strong>et<strong> S\u00e9bastien PERILHOU<\/strong>  <br> 5\u00e8me au championnat d&rsquo;Europe (- de 23 ans) et  <br>CHAMPIONS D\u2019EUROPE par Equipe <\/p>\n\n\n\n<div style=\"height:20px\" aria-hidden=\"true\" class=\"wp-block-spacer\"><\/div>\n\n\n\n<p class=\"has-medium-font-size\"><strong><em>2011<\/em><\/strong> <br> <strong>Remy CASSAR, Vincent BOCCI <\/strong>et<strong> Axel RODRIGUEZ<\/strong>  <br> 2\u00e8mes par \u00e9quipe au championnat de France Cadets <\/p>","protected":false},"excerpt":{"rendered":"<p>1989 C\u00e9line ROUAN est la premi\u00e8re Ari\u00e9geoise \u00e0 participer \u00e0 un championnat de France de cano\u00eb kayak, o\u00f9 elle termine 30\u00e9me en kayak cadette 1995 Johanna DECIA 3\u00e9me au championnat<\/p>\n<div><a class=\"btn-filled btn\" href=\"https:\/\/www.foixeauvive.com\/en\/palmares\/\" title=\"Palmar\u00e8s\">Read More<\/a><\/div>","protected":false},"author":3,"featured_media":0,"parent":0,"menu_order":0,"comment_status":"closed","ping_status":"closed","template":"","meta":{"footnotes":""},"class_list":["post-219","page","type-page","status-publish","hentry"],"yoast_head":"<!-- This site is optimized with the Yoast SEO plugin v26.8 - https:\/\/yoast.com\/product\/yoast-seo-wordpress\/ -->\n<title>Palmar\u00e8s - Rafting et Kayak en Ari\u00e8ge<\/title>\n<meta name=\"robots\" content=\"index, follow, max-snippet:-1, max-image-preview:large, max-video-preview:-1\" \/>\n<link rel=\"canonical\" href=\"https:\/\/www.foixeauvive.com\/en\/palmares\/\" \/>\n<meta property=\"og:locale\" content=\"en_GB\" \/>\n<meta property=\"og:type\" content=\"article\" \/>\n<meta property=\"og:title\" content=\"Palmar\u00e8s - Rafting et Kayak en Ari\u00e8ge\" \/>\n<meta property=\"og:description\" content=\"1989 C\u00e9line ROUAN est la premi\u00e8re Ari\u00e9geoise \u00e0 participer \u00e0 un championnat de France de cano\u00eb kayak, o\u00f9 elle termine 30\u00e9me en kayak cadette 1995 Johanna DECIA 3\u00e9me au championnatRead More\" \/>\n<meta property=\"og:url\" content=\"https:\/\/www.foixeauvive.com\/en\/palmares\/\" \/>\n<meta property=\"og:site_name\" content=\"Rafting et Kayak en Ari\u00e8ge\" \/>\n<meta property=\"article:modified_time\" content=\"2020-07-10T06:58:48+00:00\" \/>\n<meta name=\"twitter:card\" content=\"summary_large_image\" \/>\n<meta name=\"twitter:label1\" content=\"Estimated reading time\" \/>\n\t<meta name=\"twitter:data1\" content=\"2 minutes\" \/>\n<script type=\"application\/ld+json\" class=\"yoast-schema-graph\">{\"@context\":\"https:\/\/schema.org\",\"@graph\":[{\"@type\":\"WebPage\",\"@id\":\"https:\/\/www.foixeauvive.com\/palmares\/\",\"url\":\"https:\/\/www.foixeauvive.com\/palmares\/\",\"name\":\"Palmar\u00e8s - Rafting et Kayak en Ari\u00e8ge\",\"isPartOf\":{\"@id\":\"https:\/\/www.foixeauvive.com\/#website\"},\"datePublished\":\"2020-07-07T07:26:06+00:00\",\"dateModified\":\"2020-07-10T06:58:48+00:00\",\"breadcrumb\":{\"@id\":\"https:\/\/www.foixeauvive.com\/palmares\/#breadcrumb\"},\"inLanguage\":\"en-GB\",\"potentialAction\":[{\"@type\":\"ReadAction\",\"target\":[\"https:\/\/www.foixeauvive.com\/palmares\/\"]}]},{\"@type\":\"BreadcrumbList\",\"@id\":\"https:\/\/www.foixeauvive.com\/palmares\/#breadcrumb\",\"itemListElement\":[{\"@type\":\"ListItem\",\"position\":1,\"name\":\"Accueil\",\"item\":\"https:\/\/www.foixeauvive.com\/\"},{\"@type\":\"ListItem\",\"position\":2,\"name\":\"Palmar\u00e8s\"}]},{\"@type\":\"WebSite\",\"@id\":\"https:\/\/www.foixeauvive.com\/#website\",\"url\":\"https:\/\/www.foixeauvive.com\/\",\"name\":\"Rafting et Kayak en Ari\u00e8ge\",\"description\":\"Rafting, kayak et cano\u00eb sur Ari\u00e8ge \u00e0 Foix\",\"publisher\":{\"@id\":\"https:\/\/www.foixeauvive.com\/#organization\"},\"potentialAction\":[{\"@type\":\"SearchAction\",\"target\":{\"@type\":\"EntryPoint\",\"urlTemplate\":\"https:\/\/www.foixeauvive.com\/?s={search_term_string}\"},\"query-input\":{\"@type\":\"PropertyValueSpecification\",\"valueRequired\":true,\"valueName\":\"search_term_string\"}}],\"inLanguage\":\"en-GB\"},{\"@type\":\"Organization\",\"@id\":\"https:\/\/www.foixeauvive.com\/#organization\",\"name\":\"Rafting et Kayak en Ari\u00e8ge\",\"url\":\"https:\/\/www.foixeauvive.com\/\",\"logo\":{\"@type\":\"ImageObject\",\"inLanguage\":\"en-GB\",\"@id\":\"https:\/\/www.foixeauvive.com\/#\/schema\/logo\/image\/\",\"url\":\"https:\/\/i0.wp.com\/www.foixeauvive.com\/wp-content\/uploads\/2025\/03\/cropped-Logo_FCKEV_Foix-Canoe-Kayak-eau-Vive-200.png?fit=200%2C148&ssl=1\",\"contentUrl\":\"https:\/\/i0.wp.com\/www.foixeauvive.com\/wp-content\/uploads\/2025\/03\/cropped-Logo_FCKEV_Foix-Canoe-Kayak-eau-Vive-200.png?fit=200%2C148&ssl=1\",\"width\":200,\"height\":148,\"caption\":\"Rafting et Kayak en Ari\u00e8ge\"},\"image\":{\"@id\":\"https:\/\/www.foixeauvive.com\/#\/schema\/logo\/image\/\"}}]}<\/script>\n<!-- \/ Yoast SEO plugin. -->","yoast_head_json":{"title":"Palmar\u00e8s - Rafting et Kayak en Ari\u00e8ge","robots":{"index":"index","follow":"follow","max-snippet":"max-snippet:-1","max-image-preview":"max-image-preview:large","max-video-preview":"max-video-preview:-1"},"canonical":"https:\/\/www.foixeauvive.com\/en\/palmares\/","og_locale":"en_GB","og_type":"article","og_title":"Palmar\u00e8s - Rafting et Kayak en Ari\u00e8ge","og_description":"1989 C\u00e9line ROUAN est la premi\u00e8re Ari\u00e9geoise \u00e0 participer \u00e0 un championnat de France de cano\u00eb kayak, o\u00f9 elle termine 30\u00e9me en kayak cadette 1995 Johanna DECIA 3\u00e9me au championnatRead More","og_url":"https:\/\/www.foixeauvive.com\/en\/palmares\/","og_site_name":"Rafting et Kayak en Ari\u00e8ge","article_modified_time":"2020-07-10T06:58:48+00:00","twitter_card":"summary_large_image","twitter_misc":{"Estimated reading time":"2 minutes"},"schema":{"@context":"https:\/\/schema.org","@graph":[{"@type":"WebPage","@id":"https:\/\/www.foixeauvive.com\/palmares\/","url":"https:\/\/www.foixeauvive.com\/palmares\/","name":"Palmar\u00e8s - Rafting et Kayak en Ari\u00e8ge","isPartOf":{"@id":"https:\/\/www.foixeauvive.com\/#website"},"datePublished":"2020-07-07T07:26:06+00:00","dateModified":"2020-07-10T06:58:48+00:00","breadcrumb":{"@id":"https:\/\/www.foixeauvive.com\/palmares\/#breadcrumb"},"inLanguage":"en-GB","potentialAction":[{"@type":"ReadAction","target":["https:\/\/www.foixeauvive.com\/palmares\/"]}]},{"@type":"BreadcrumbList","@id":"https:\/\/www.foixeauvive.com\/palmares\/#breadcrumb","itemListElement":[{"@type":"ListItem","position":1,"name":"Accueil","item":"https:\/\/www.foixeauvive.com\/"},{"@type":"ListItem","position":2,"name":"Palmar\u00e8s"}]},{"@type":"WebSite","@id":"https:\/\/www.foixeauvive.com\/#website","url":"https:\/\/www.foixeauvive.com\/","name":"Rafting et Kayak en Ari\u00e8ge","description":"Rafting, kayak et cano\u00eb sur Ari\u00e8ge \u00e0 Foix","publisher":{"@id":"https:\/\/www.foixeauvive.com\/#organization"},"potentialAction":[{"@type":"SearchAction","target":{"@type":"EntryPoint","urlTemplate":"https:\/\/www.foixeauvive.com\/?s={search_term_string}"},"query-input":{"@type":"PropertyValueSpecification","valueRequired":true,"valueName":"search_term_string"}}],"inLanguage":"en-GB"},{"@type":"Organization","@id":"https:\/\/www.foixeauvive.com\/#organization","name":"Rafting et Kayak en Ari\u00e8ge","url":"https:\/\/www.foixeauvive.com\/","logo":{"@type":"ImageObject","inLanguage":"en-GB","@id":"https:\/\/www.foixeauvive.com\/#\/schema\/logo\/image\/","url":"https:\/\/i0.wp.com\/www.foixeauvive.com\/wp-content\/uploads\/2025\/03\/cropped-Logo_FCKEV_Foix-Canoe-Kayak-eau-Vive-200.png?fit=200%2C148&ssl=1","contentUrl":"https:\/\/i0.wp.com\/www.foixeauvive.com\/wp-content\/uploads\/2025\/03\/cropped-Logo_FCKEV_Foix-Canoe-Kayak-eau-Vive-200.png?fit=200%2C148&ssl=1","width":200,"height":148,"caption":"Rafting et Kayak en Ari\u00e8ge"},"image":{"@id":"https:\/\/www.foixeauvive.com\/#\/schema\/logo\/image\/"}}]}},"jetpack_sharing_enabled":true,"_links":{"self":[{"href":"https:\/\/www.foixeauvive.com\/en\/wp-json\/wp\/v2\/pages\/219","targetHints":{"allow":["GET"]}}],"collection":[{"href":"https:\/\/www.foixeauvive.com\/en\/wp-json\/wp\/v2\/pages"}],"about":[{"href":"https:\/\/www.foixeauvive.com\/en\/wp-json\/wp\/v2\/types\/page"}],"author":[{"embeddable":true,"href":"https:\/\/www.foixeauvive.com\/en\/wp-json\/wp\/v2\/users\/3"}],"replies":[{"embeddable":true,"href":"https:\/\/www.foixeauvive.com\/en\/wp-json\/wp\/v2\/comments?post=219"}],"version-history":[{"count":0,"href":"https:\/\/www.foixeauvive.com\/en\/wp-json\/wp\/v2\/pages\/219\/revisions"}],"wp:attachment":[{"href":"https:\/\/www.foixeauvive.com\/en\/wp-json\/wp\/v2\/media?parent=219"}],"curies":[{"name":"wp","href":"https:\/\/api.w.org\/{rel}","templated":true}]}}