{"id":3990,"date":"2025-04-02T12:57:00","date_gmt":"2025-04-02T10:57:00","guid":{"rendered":"https:\/\/www.foixeauvive.com\/?page_id=3990"},"modified":"2025-12-03T07:59:04","modified_gmt":"2025-12-03T06:59:04","slug":"le-petit-journal","status":"publish","type":"page","link":"https:\/\/www.foixeauvive.com\/en\/le-petit-journal\/","title":{"rendered":"Le Petit Journal"},"content":{"rendered":"<div class=\"yoast-breadcrumbs\"><span><span><a href=\"https:\/\/www.foixeauvive.com\/en\/\">Accueil<\/a><\/span> \u00bb <span class=\"breadcrumb_last\" aria-current=\"page\"><strong>Le Petit Journal<\/strong><\/span><\/span><\/div>\n\n\n<div style=\"height:20px\" aria-hidden=\"true\" class=\"wp-block-spacer\"><\/div>\n\n\n\n<div style=\"height:60px\" aria-hidden=\"true\" class=\"wp-block-spacer\"><\/div>\n\n\n\n<div class=\"wp-block-query is-layout-flow wp-block-query-is-layout-flow\"><ul class=\"wp-block-post-template is-layout-flow wp-block-post-template-is-layout-flow\"><li class=\"wp-block-post post-5831 post type-post status-publish format-standard has-post-thumbnail hentry category-publications\">\n\n<div class=\"wp-block-columns are-vertically-aligned-center is-layout-flex wp-container-core-columns-is-layout-1 wp-block-columns-is-layout-flex\">\n<div class=\"wp-block-column is-vertically-aligned-center is-layout-flow wp-block-column-is-layout-flow\" style=\"flex-basis:40%\"><figure class=\"aligncenter wp-block-post-featured-image\"><a href=\"https:\/\/www.foixeauvive.com\/en\/le-petit-journal-publication-numero-3\/\" target=\"_self\"  ><img data-recalc-dims=\"1\" loading=\"lazy\" decoding=\"async\" width=\"1140\" height=\"779\" src=\"https:\/\/i0.wp.com\/www.foixeauvive.com\/wp-content\/uploads\/2025\/12\/IMG_1399.jpeg?resize=1140%2C779&#038;ssl=1\" class=\"attachment-post-thumbnail size-post-thumbnail wp-post-image\" alt=\"Le Petit Journal &#8211; Publication Num\u00e9ro 3\" style=\"object-fit:cover;\" srcset=\"https:\/\/i0.wp.com\/www.foixeauvive.com\/wp-content\/uploads\/2025\/12\/IMG_1399.jpeg?w=2002&amp;ssl=1 2002w, https:\/\/i0.wp.com\/www.foixeauvive.com\/wp-content\/uploads\/2025\/12\/IMG_1399.jpeg?resize=300%2C205&amp;ssl=1 300w, https:\/\/i0.wp.com\/www.foixeauvive.com\/wp-content\/uploads\/2025\/12\/IMG_1399.jpeg?resize=1024%2C700&amp;ssl=1 1024w, https:\/\/i0.wp.com\/www.foixeauvive.com\/wp-content\/uploads\/2025\/12\/IMG_1399.jpeg?resize=768%2C525&amp;ssl=1 768w, https:\/\/i0.wp.com\/www.foixeauvive.com\/wp-content\/uploads\/2025\/12\/IMG_1399.jpeg?resize=1536%2C1050&amp;ssl=1 1536w, https:\/\/i0.wp.com\/www.foixeauvive.com\/wp-content\/uploads\/2025\/12\/IMG_1399.jpeg?resize=18%2C12&amp;ssl=1 18w\" sizes=\"auto, (max-width: 1140px) 100vw, 1140px\" \/><\/a><\/figure><\/div>\n\n\n\n<div class=\"wp-block-column is-vertically-aligned-center is-layout-flow wp-block-column-is-layout-flow\" style=\"flex-basis:75%\"><h2 class=\"wp-block-post-title\"><a href=\"https:\/\/www.foixeauvive.com\/en\/le-petit-journal-publication-numero-3\/\" target=\"_self\" >Le Petit Journal &#8211; Publication Num\u00e9ro 3<\/a><\/h2>\n\n<div style=\"font-size:1rem;\" class=\"has-link-color wp-elements-0c74de2178fd8d93aef4908f6d32ecce wp-block-post-author has-text-color has-black-color\"><div class=\"wp-block-post-author__content\"><p class=\"wp-block-post-author__name\">L\u00e9ny Teinturier<\/p><\/div><\/div>\n\n\n<div style=\"height:20px\" aria-hidden=\"true\" class=\"wp-block-spacer\"><\/div>\n\n\n<div style=\"font-size:2rem;\" class=\"justify wp-block-post-excerpt\"><p class=\"wp-block-post-excerpt__excerpt\">Que se passe t-il au FCKEV en cette fin d\u2019ann\u00e9e? Un coach sportif au top dans le trail Des belles rencontres Et surtout du partage! \u00c0 tr\u00e8s vite pour le prochain num\u00e9ros<\/p><p class=\"wp-block-post-excerpt__more-text\"><a class=\"wp-block-post-excerpt__more-link\" href=\"https:\/\/www.foixeauvive.com\/en\/le-petit-journal-publication-numero-3\/\"><br>Lire la suite<\/a><\/p><\/div><\/div>\n<\/div>\n\n<\/li><li class=\"wp-block-post post-3976 post type-post status-publish format-standard has-post-thumbnail hentry category-publications\">\n\n<div class=\"wp-block-columns are-vertically-aligned-center is-layout-flex wp-container-core-columns-is-layout-2 wp-block-columns-is-layout-flex\">\n<div class=\"wp-block-column is-vertically-aligned-center is-layout-flow wp-block-column-is-layout-flow\" style=\"flex-basis:40%\"><figure class=\"aligncenter wp-block-post-featured-image\"><a href=\"https:\/\/www.foixeauvive.com\/en\/le-petit-journal-foix-canoe-kayak-eau-vive-publication-numero-2\/\" target=\"_self\"  ><img data-recalc-dims=\"1\" loading=\"lazy\" decoding=\"async\" width=\"516\" height=\"313\" src=\"https:\/\/i0.wp.com\/www.foixeauvive.com\/wp-content\/uploads\/2025\/04\/Couverture-Le-Petit-Journal-Foix-Canoe-Kayak-Eau-Vive-Publication-Numero-2-Eva-Pietracha-Janvier-2025-e1745350500987.webp?resize=516%2C313&#038;ssl=1\" class=\"attachment-post-thumbnail size-post-thumbnail wp-post-image\" alt=\"Le Petit Journal &#8211; Publication Num\u00e9ro 2\" style=\"object-fit:cover;\" srcset=\"https:\/\/i0.wp.com\/www.foixeauvive.com\/wp-content\/uploads\/2025\/04\/Couverture-Le-Petit-Journal-Foix-Canoe-Kayak-Eau-Vive-Publication-Numero-2-Eva-Pietracha-Janvier-2025-e1745350500987.webp?w=516&amp;ssl=1 516w, https:\/\/i0.wp.com\/www.foixeauvive.com\/wp-content\/uploads\/2025\/04\/Couverture-Le-Petit-Journal-Foix-Canoe-Kayak-Eau-Vive-Publication-Numero-2-Eva-Pietracha-Janvier-2025-e1745350500987.webp?resize=300%2C182&amp;ssl=1 300w, https:\/\/i0.wp.com\/www.foixeauvive.com\/wp-content\/uploads\/2025\/04\/Couverture-Le-Petit-Journal-Foix-Canoe-Kayak-Eau-Vive-Publication-Numero-2-Eva-Pietracha-Janvier-2025-e1745350500987.webp?resize=18%2C12&amp;ssl=1 18w\" sizes=\"auto, (max-width: 516px) 100vw, 516px\" \/><\/a><\/figure><\/div>\n\n\n\n<div class=\"wp-block-column is-vertically-aligned-center is-layout-flow wp-block-column-is-layout-flow\" style=\"flex-basis:75%\"><h2 class=\"wp-block-post-title\"><a href=\"https:\/\/www.foixeauvive.com\/en\/le-petit-journal-foix-canoe-kayak-eau-vive-publication-numero-2\/\" target=\"_self\" >Le Petit Journal &#8211; Publication Num\u00e9ro 2<\/a><\/h2>\n\n<div style=\"font-size:1rem;\" class=\"has-link-color wp-elements-0c74de2178fd8d93aef4908f6d32ecce wp-block-post-author has-text-color has-black-color\"><div class=\"wp-block-post-author__content\"><p class=\"wp-block-post-author__name\">Club de Foix<\/p><\/div><\/div>\n\n\n<div style=\"height:20px\" aria-hidden=\"true\" class=\"wp-block-spacer\"><\/div>\n\n\n<div style=\"font-size:2rem;\" class=\"justify wp-block-post-excerpt\"><p class=\"wp-block-post-excerpt__excerpt\">5 ans de pr\u00e9paration d\u00e9j\u00e0 ! La Mairie de Foix, la Communaut\u00e9 d\u2019Agglom\u00e9ration Foix Varilhes, le D\u00e9partement d\u2019Ari\u00e8ge ainsi que la R\u00e9gion Occitanie sont avec nous depuis le d\u00e9but. Gr\u00e2ce \u00e0 eux, nous avons pu avoir ces magnifiques bassins d\u2019eau&hellip;<\/p><p class=\"wp-block-post-excerpt__more-text\"><a class=\"wp-block-post-excerpt__more-link\" href=\"https:\/\/www.foixeauvive.com\/en\/le-petit-journal-foix-canoe-kayak-eau-vive-publication-numero-2\/\"><br>Lire la suite<\/a><\/p><\/div><\/div>\n<\/div>\n\n<\/li><li class=\"wp-block-post post-3973 post type-post status-publish format-standard has-post-thumbnail hentry category-publications\">\n\n<div class=\"wp-block-columns are-vertically-aligned-center is-layout-flex wp-container-core-columns-is-layout-3 wp-block-columns-is-layout-flex\">\n<div class=\"wp-block-column is-vertically-aligned-center is-layout-flow wp-block-column-is-layout-flow\" style=\"flex-basis:40%\"><figure class=\"aligncenter wp-block-post-featured-image\"><a href=\"https:\/\/www.foixeauvive.com\/en\/le-petit-journal-foix-canoe-kayak-eau-vive-publication-numero-1\/\" target=\"_self\"  ><img data-recalc-dims=\"1\" loading=\"lazy\" decoding=\"async\" width=\"1024\" height=\"614\" src=\"https:\/\/i0.wp.com\/www.foixeauvive.com\/wp-content\/uploads\/2025\/04\/Couverture-Le-Petit-Journal-Foix-Canoe-Kayak-Eau-Vive-Publication-Numero-1-Defile-carnaval-Mai-2024.webp?resize=1024%2C614&#038;ssl=1\" class=\"attachment-post-thumbnail size-post-thumbnail wp-post-image\" alt=\"Le Petit Journal &#8211; Publication Num\u00e9ro 1\" style=\"object-fit:cover;\" srcset=\"https:\/\/i0.wp.com\/www.foixeauvive.com\/wp-content\/uploads\/2025\/04\/Couverture-Le-Petit-Journal-Foix-Canoe-Kayak-Eau-Vive-Publication-Numero-1-Defile-carnaval-Mai-2024.webp?w=1024&amp;ssl=1 1024w, https:\/\/i0.wp.com\/www.foixeauvive.com\/wp-content\/uploads\/2025\/04\/Couverture-Le-Petit-Journal-Foix-Canoe-Kayak-Eau-Vive-Publication-Numero-1-Defile-carnaval-Mai-2024.webp?resize=300%2C180&amp;ssl=1 300w, https:\/\/i0.wp.com\/www.foixeauvive.com\/wp-content\/uploads\/2025\/04\/Couverture-Le-Petit-Journal-Foix-Canoe-Kayak-Eau-Vive-Publication-Numero-1-Defile-carnaval-Mai-2024.webp?resize=768%2C461&amp;ssl=1 768w, https:\/\/i0.wp.com\/www.foixeauvive.com\/wp-content\/uploads\/2025\/04\/Couverture-Le-Petit-Journal-Foix-Canoe-Kayak-Eau-Vive-Publication-Numero-1-Defile-carnaval-Mai-2024.webp?resize=18%2C12&amp;ssl=1 18w\" sizes=\"auto, (max-width: 1024px) 100vw, 1024px\" \/><\/a><\/figure><\/div>\n\n\n\n<div class=\"wp-block-column is-vertically-aligned-center is-layout-flow wp-block-column-is-layout-flow\" style=\"flex-basis:75%\"><h2 class=\"wp-block-post-title\"><a href=\"https:\/\/www.foixeauvive.com\/en\/le-petit-journal-foix-canoe-kayak-eau-vive-publication-numero-1\/\" target=\"_self\" >Le Petit Journal &#8211; Publication Num\u00e9ro 1<\/a><\/h2>\n\n<div style=\"font-size:1rem;\" class=\"has-link-color wp-elements-0c74de2178fd8d93aef4908f6d32ecce wp-block-post-author has-text-color has-black-color\"><div class=\"wp-block-post-author__content\"><p class=\"wp-block-post-author__name\">Club de Foix<\/p><\/div><\/div>\n\n\n<div style=\"height:20px\" aria-hidden=\"true\" class=\"wp-block-spacer\"><\/div>\n\n\n<div style=\"font-size:2rem;\" class=\"justify wp-block-post-excerpt\"><p class=\"wp-block-post-excerpt__excerpt\">D\u2019ann\u00e9e en ann\u00e9e notre club, en m\u00eame temps qu\u2019il prend de plus en plus de notori\u00e9t\u00e9, augmente son activit\u00e9. Sans notre partenaire principal la ville de Foix, sans les dirigeants qui s\u2019investissent quotidiennement, sans nos deux salari\u00e9s et surtout sans&hellip;<\/p><p class=\"wp-block-post-excerpt__more-text\"><a class=\"wp-block-post-excerpt__more-link\" href=\"https:\/\/www.foixeauvive.com\/en\/le-petit-journal-foix-canoe-kayak-eau-vive-publication-numero-1\/\"><br>Lire la suite<\/a><\/p><\/div><\/div>\n<\/div>\n\n<\/li><\/ul><\/div>","protected":false},"excerpt":{"rendered":"","protected":false},"author":7,"featured_media":0,"parent":0,"menu_order":0,"comment_status":"closed","ping_status":"closed","template":"page-templates\/full-width.php","meta":{"footnotes":""},"class_list":["post-3990","page","type-page","status-publish","hentry"],"yoast_head":"<!-- This site is optimized with the Yoast SEO plugin v26.8 - https:\/\/yoast.com\/product\/yoast-seo-wordpress\/ -->\n<title>Le Petit Journal - Rafting et Kayak en Ari\u00e8ge<\/title>\n<meta name=\"robots\" content=\"index, follow, max-snippet:-1, max-image-preview:large, max-video-preview:-1\" \/>\n<link rel=\"canonical\" href=\"https:\/\/www.foixeauvive.com\/en\/le-petit-journal\/\" \/>\n<meta property=\"og:locale\" content=\"en_GB\" \/>\n<meta property=\"og:type\" content=\"article\" \/>\n<meta property=\"og:title\" content=\"Le Petit Journal - Rafting et Kayak en Ari\u00e8ge\" \/>\n<meta property=\"og:url\" content=\"https:\/\/www.foixeauvive.com\/en\/le-petit-journal\/\" \/>\n<meta property=\"og:site_name\" content=\"Rafting et Kayak en Ari\u00e8ge\" \/>\n<meta property=\"article:modified_time\" content=\"2025-12-03T06:59:04+00:00\" \/>\n<meta name=\"twitter:card\" content=\"summary_large_image\" \/>\n<script type=\"application\/ld+json\" class=\"yoast-schema-graph\">{\"@context\":\"https:\/\/schema.org\",\"@graph\":[{\"@type\":\"WebPage\",\"@id\":\"https:\/\/www.foixeauvive.com\/le-petit-journal\/\",\"url\":\"https:\/\/www.foixeauvive.com\/le-petit-journal\/\",\"name\":\"Le Petit Journal - Rafting et Kayak en Ari\u00e8ge\",\"isPartOf\":{\"@id\":\"https:\/\/www.foixeauvive.com\/#website\"},\"datePublished\":\"2025-04-02T10:57:00+00:00\",\"dateModified\":\"2025-12-03T06:59:04+00:00\",\"breadcrumb\":{\"@id\":\"https:\/\/www.foixeauvive.com\/le-petit-journal\/#breadcrumb\"},\"inLanguage\":\"en-GB\",\"potentialAction\":[{\"@type\":\"ReadAction\",\"target\":[\"https:\/\/www.foixeauvive.com\/le-petit-journal\/\"]}]},{\"@type\":\"BreadcrumbList\",\"@id\":\"https:\/\/www.foixeauvive.com\/le-petit-journal\/#breadcrumb\",\"itemListElement\":[{\"@type\":\"ListItem\",\"position\":1,\"name\":\"Accueil\",\"item\":\"https:\/\/www.foixeauvive.com\/\"},{\"@type\":\"ListItem\",\"position\":2,\"name\":\"Le Petit Journal\"}]},{\"@type\":\"WebSite\",\"@id\":\"https:\/\/www.foixeauvive.com\/#website\",\"url\":\"https:\/\/www.foixeauvive.com\/\",\"name\":\"Rafting et Kayak en Ari\u00e8ge\",\"description\":\"Rafting, kayak et cano\u00eb sur Ari\u00e8ge \u00e0 Foix\",\"publisher\":{\"@id\":\"https:\/\/www.foixeauvive.com\/#organization\"},\"potentialAction\":[{\"@type\":\"SearchAction\",\"target\":{\"@type\":\"EntryPoint\",\"urlTemplate\":\"https:\/\/www.foixeauvive.com\/?s={search_term_string}\"},\"query-input\":{\"@type\":\"PropertyValueSpecification\",\"valueRequired\":true,\"valueName\":\"search_term_string\"}}],\"inLanguage\":\"en-GB\"},{\"@type\":\"Organization\",\"@id\":\"https:\/\/www.foixeauvive.com\/#organization\",\"name\":\"Rafting et Kayak en Ari\u00e8ge\",\"url\":\"https:\/\/www.foixeauvive.com\/\",\"logo\":{\"@type\":\"ImageObject\",\"inLanguage\":\"en-GB\",\"@id\":\"https:\/\/www.foixeauvive.com\/#\/schema\/logo\/image\/\",\"url\":\"https:\/\/i0.wp.com\/www.foixeauvive.com\/wp-content\/uploads\/2025\/03\/cropped-Logo_FCKEV_Foix-Canoe-Kayak-eau-Vive-200.png?fit=200%2C148&ssl=1\",\"contentUrl\":\"https:\/\/i0.wp.com\/www.foixeauvive.com\/wp-content\/uploads\/2025\/03\/cropped-Logo_FCKEV_Foix-Canoe-Kayak-eau-Vive-200.png?fit=200%2C148&ssl=1\",\"width\":200,\"height\":148,\"caption\":\"Rafting et Kayak en Ari\u00e8ge\"},\"image\":{\"@id\":\"https:\/\/www.foixeauvive.com\/#\/schema\/logo\/image\/\"}}]}<\/script>\n<!-- \/ Yoast SEO plugin. -->","yoast_head_json":{"title":"Le Petit Journal - Rafting et Kayak en Ari\u00e8ge","robots":{"index":"index","follow":"follow","max-snippet":"max-snippet:-1","max-image-preview":"max-image-preview:large","max-video-preview":"max-video-preview:-1"},"canonical":"https:\/\/www.foixeauvive.com\/en\/le-petit-journal\/","og_locale":"en_GB","og_type":"article","og_title":"Le Petit Journal - Rafting et Kayak en Ari\u00e8ge","og_url":"https:\/\/www.foixeauvive.com\/en\/le-petit-journal\/","og_site_name":"Rafting et Kayak en Ari\u00e8ge","article_modified_time":"2025-12-03T06:59:04+00:00","twitter_card":"summary_large_image","schema":{"@context":"https:\/\/schema.org","@graph":[{"@type":"WebPage","@id":"https:\/\/www.foixeauvive.com\/le-petit-journal\/","url":"https:\/\/www.foixeauvive.com\/le-petit-journal\/","name":"Le Petit Journal - Rafting et Kayak en Ari\u00e8ge","isPartOf":{"@id":"https:\/\/www.foixeauvive.com\/#website"},"datePublished":"2025-04-02T10:57:00+00:00","dateModified":"2025-12-03T06:59:04+00:00","breadcrumb":{"@id":"https:\/\/www.foixeauvive.com\/le-petit-journal\/#breadcrumb"},"inLanguage":"en-GB","potentialAction":[{"@type":"ReadAction","target":["https:\/\/www.foixeauvive.com\/le-petit-journal\/"]}]},{"@type":"BreadcrumbList","@id":"https:\/\/www.foixeauvive.com\/le-petit-journal\/#breadcrumb","itemListElement":[{"@type":"ListItem","position":1,"name":"Accueil","item":"https:\/\/www.foixeauvive.com\/"},{"@type":"ListItem","position":2,"name":"Le Petit Journal"}]},{"@type":"WebSite","@id":"https:\/\/www.foixeauvive.com\/#website","url":"https:\/\/www.foixeauvive.com\/","name":"Rafting et Kayak en Ari\u00e8ge","description":"Rafting, kayak et cano\u00eb sur Ari\u00e8ge \u00e0 Foix","publisher":{"@id":"https:\/\/www.foixeauvive.com\/#organization"},"potentialAction":[{"@type":"SearchAction","target":{"@type":"EntryPoint","urlTemplate":"https:\/\/www.foixeauvive.com\/?s={search_term_string}"},"query-input":{"@type":"PropertyValueSpecification","valueRequired":true,"valueName":"search_term_string"}}],"inLanguage":"en-GB"},{"@type":"Organization","@id":"https:\/\/www.foixeauvive.com\/#organization","name":"Rafting et Kayak en Ari\u00e8ge","url":"https:\/\/www.foixeauvive.com\/","logo":{"@type":"ImageObject","inLanguage":"en-GB","@id":"https:\/\/www.foixeauvive.com\/#\/schema\/logo\/image\/","url":"https:\/\/i0.wp.com\/www.foixeauvive.com\/wp-content\/uploads\/2025\/03\/cropped-Logo_FCKEV_Foix-Canoe-Kayak-eau-Vive-200.png?fit=200%2C148&ssl=1","contentUrl":"https:\/\/i0.wp.com\/www.foixeauvive.com\/wp-content\/uploads\/2025\/03\/cropped-Logo_FCKEV_Foix-Canoe-Kayak-eau-Vive-200.png?fit=200%2C148&ssl=1","width":200,"height":148,"caption":"Rafting et Kayak en Ari\u00e8ge"},"image":{"@id":"https:\/\/www.foixeauvive.com\/#\/schema\/logo\/image\/"}}]}},"jetpack_sharing_enabled":true,"_links":{"self":[{"href":"https:\/\/www.foixeauvive.com\/en\/wp-json\/wp\/v2\/pages\/3990","targetHints":{"allow":["GET"]}}],"collection":[{"href":"https:\/\/www.foixeauvive.com\/en\/wp-json\/wp\/v2\/pages"}],"about":[{"href":"https:\/\/www.foixeauvive.com\/en\/wp-json\/wp\/v2\/types\/page"}],"author":[{"embeddable":true,"href":"https:\/\/www.foixeauvive.com\/en\/wp-json\/wp\/v2\/users\/7"}],"replies":[{"embeddable":true,"href":"https:\/\/www.foixeauvive.com\/en\/wp-json\/wp\/v2\/comments?post=3990"}],"version-history":[{"count":0,"href":"https:\/\/www.foixeauvive.com\/en\/wp-json\/wp\/v2\/pages\/3990\/revisions"}],"wp:attachment":[{"href":"https:\/\/www.foixeauvive.com\/en\/wp-json\/wp\/v2\/media?parent=3990"}],"curies":[{"name":"wp","href":"https:\/\/api.w.org\/{rel}","templated":true}]}}