{"id":5647,"date":"2025-12-03T08:18:40","date_gmt":"2025-12-03T07:18:40","guid":{"rendered":"https:\/\/www.foixeauvive.com\/?page_id=5647"},"modified":"2025-12-03T08:43:12","modified_gmt":"2025-12-03T07:43:12","slug":"__trashed","status":"publish","type":"page","link":"https:\/\/www.foixeauvive.com\/en\/__trashed\/","title":{"rendered":"La Boutique du Club"},"content":{"rendered":"<div class=\"yoast-breadcrumbs\"><span><span><a href=\"https:\/\/www.foixeauvive.com\/en\/\">Accueil<\/a><\/span> \u00bb <span class=\"breadcrumb_last\" aria-current=\"page\"><strong>La Boutique du Club<\/strong><\/span><\/span><\/div>\n\n\n<div style=\"height:20px\" aria-hidden=\"true\" class=\"wp-block-spacer\"><\/div>\n\n\n\n<h2 class=\"wp-block-heading\">Pr\u00e9ambule<\/h2>\n\n\n\n<p>Ci dessous les diff\u00e9rents produits propos\u00e9s par le club vous sont pr\u00e9sent\u00e9s.<br>Pour commander rien de plus simple :<br>Envoyer un mail \u00e0 <span class=\"wp-rich-text-font-awesome-icon wp-font-awesome-icon\"><svg aria-hidden=\"true\" focusable=\"false\" data-prefix=\"fas\" data-icon=\"at\" class=\"svg-inline--fa fa-at\" role=\"img\" xmlns=\"http:\/\/www.w3.org\/2000\/svg\" viewbox=\"0 0 512 512\"><path fill=\"currentColor\" d=\"M256 64C150 64 64 150 64 256s86 192 192 192c17.7 0 32 14.3 32 32s-14.3 32-32 32C114.6 512 0 397.4 0 256S114.6 0 256 0S512 114.6 512 256l0 32c0 53-43 96-96 96c-29.3 0-55.6-13.2-73.2-33.9C320 371.1 289.5 384 256 384c-70.7 0-128-57.3-128-128s57.3-128 128-128c27.9 0 53.7 8.9 74.7 24.1c5.7-5 13.1-8.1 21.3-8.1c17.7 0 32 14.3 32 32l0 80 0 32c0 17.7 14.3 32 32 32s32-14.3 32-32l0-32c0-106-86-192-192-192zm64 192a64 64 0 1 0 -128 0 64 64 0 1 0 128 0z\"><\/path><\/svg><\/span><a href=\"mailto:lenyt@foixeauvive.com\">lenyt@foixeauvive.com<\/a> contenant le num\u00e9ros de l\u2019article, la taille, une sp\u00e9cificit\u00e9 et la quantit\u00e9.<\/p>\n\n\n\n<h2 class=\"wp-block-heading\">La boutique<\/h2>\n\n\n\n<div class=\"wp-block-columns is-layout-flex wp-container-core-columns-is-layout-2 wp-block-columns-is-layout-flex\">\n<div class=\"wp-block-column is-layout-flow wp-block-column-is-layout-flow\">\n<div class=\"wp-block-columns is-layout-flex wp-container-core-columns-is-layout-1 wp-block-columns-is-layout-flex\">\n<div class=\"wp-block-column is-layout-flow wp-block-column-is-layout-flow\">\n<figure class=\"wp-block-image size-large\"><img data-recalc-dims=\"1\" loading=\"lazy\" decoding=\"async\" width=\"751\" height=\"1024\" src=\"https:\/\/i0.wp.com\/www.foixeauvive.com\/wp-content\/uploads\/2025\/12\/IMG_1392-1.png?resize=751%2C1024&#038;ssl=1\" alt=\"\" class=\"wp-image-5822\" srcset=\"https:\/\/i0.wp.com\/www.foixeauvive.com\/wp-content\/uploads\/2025\/12\/IMG_1392-1.png?resize=751%2C1024&amp;ssl=1 751w, https:\/\/i0.wp.com\/www.foixeauvive.com\/wp-content\/uploads\/2025\/12\/IMG_1392-1.png?resize=220%2C300&amp;ssl=1 220w, https:\/\/i0.wp.com\/www.foixeauvive.com\/wp-content\/uploads\/2025\/12\/IMG_1392-1.png?resize=768%2C1047&amp;ssl=1 768w, https:\/\/i0.wp.com\/www.foixeauvive.com\/wp-content\/uploads\/2025\/12\/IMG_1392-1.png?resize=1127%2C1536&amp;ssl=1 1127w, https:\/\/i0.wp.com\/www.foixeauvive.com\/wp-content\/uploads\/2025\/12\/IMG_1392-1.png?resize=1502%2C2048&amp;ssl=1 1502w, https:\/\/i0.wp.com\/www.foixeauvive.com\/wp-content\/uploads\/2025\/12\/IMG_1392-1.png?resize=9%2C12&amp;ssl=1 9w, https:\/\/i0.wp.com\/www.foixeauvive.com\/wp-content\/uploads\/2025\/12\/IMG_1392-1.png?w=2280&amp;ssl=1 2280w\" sizes=\"auto, (max-width: 751px) 100vw, 751px\" \/><\/figure>\n<\/div>\n\n\n\n<div class=\"wp-block-column is-layout-flow wp-block-column-is-layout-flow\">\n<figure class=\"wp-block-image size-large is-resized\"><img data-recalc-dims=\"1\" loading=\"lazy\" decoding=\"async\" width=\"661\" height=\"1024\" src=\"https:\/\/i0.wp.com\/www.foixeauvive.com\/wp-content\/uploads\/2025\/12\/IMG_1393.png?resize=661%2C1024&#038;ssl=1\" alt=\"\" class=\"wp-image-5823\" style=\"width:182px;height:auto\" srcset=\"https:\/\/i0.wp.com\/www.foixeauvive.com\/wp-content\/uploads\/2025\/12\/IMG_1393.png?resize=661%2C1024&amp;ssl=1 661w, https:\/\/i0.wp.com\/www.foixeauvive.com\/wp-content\/uploads\/2025\/12\/IMG_1393.png?resize=194%2C300&amp;ssl=1 194w, https:\/\/i0.wp.com\/www.foixeauvive.com\/wp-content\/uploads\/2025\/12\/IMG_1393.png?resize=768%2C1191&amp;ssl=1 768w, https:\/\/i0.wp.com\/www.foixeauvive.com\/wp-content\/uploads\/2025\/12\/IMG_1393.png?resize=991%2C1536&amp;ssl=1 991w, https:\/\/i0.wp.com\/www.foixeauvive.com\/wp-content\/uploads\/2025\/12\/IMG_1393.png?resize=1321%2C2048&amp;ssl=1 1321w, https:\/\/i0.wp.com\/www.foixeauvive.com\/wp-content\/uploads\/2025\/12\/IMG_1393.png?resize=8%2C12&amp;ssl=1 8w\" sizes=\"auto, (max-width: 661px) 100vw, 661px\" \/><\/figure>\n<\/div>\n<\/div>\n<\/div>\n\n\n\n<div class=\"wp-block-column is-layout-flow wp-block-column-is-layout-flow\">\n<p>Pull avec le logo du club c\u00f4t\u00e9 c\u0153ur, et le dessin dans le dos<\/p>\n\n\n\n<p><\/p>\n\n\n\n<p class=\"has-text-align-center\"><mark style=\"background-color:rgba(0, 0, 0, 0)\" class=\"has-inline-color has-luminous-vivid-amber-color\">Prix : 40\u20ac<\/mark><\/p>\n<\/div>\n<\/div>\n\n\n\n<div class=\"wp-block-columns is-layout-flex wp-container-core-columns-is-layout-4 wp-block-columns-is-layout-flex\">\n<div class=\"wp-block-column is-layout-flow wp-block-column-is-layout-flow\">\n<div class=\"wp-block-columns is-layout-flex wp-container-core-columns-is-layout-3 wp-block-columns-is-layout-flex\">\n<div class=\"wp-block-column is-layout-flow wp-block-column-is-layout-flow\">\n<figure class=\"wp-block-image size-large is-resized\"><img data-recalc-dims=\"1\" loading=\"lazy\" decoding=\"async\" width=\"809\" height=\"1024\" src=\"https:\/\/i0.wp.com\/www.foixeauvive.com\/wp-content\/uploads\/2025\/12\/IMG_1395.png?resize=809%2C1024&#038;ssl=1\" alt=\"\" class=\"wp-image-5824\" style=\"width:172px;height:auto\" srcset=\"https:\/\/i0.wp.com\/www.foixeauvive.com\/wp-content\/uploads\/2025\/12\/IMG_1395.png?resize=809%2C1024&amp;ssl=1 809w, https:\/\/i0.wp.com\/www.foixeauvive.com\/wp-content\/uploads\/2025\/12\/IMG_1395.png?resize=237%2C300&amp;ssl=1 237w, https:\/\/i0.wp.com\/www.foixeauvive.com\/wp-content\/uploads\/2025\/12\/IMG_1395.png?resize=768%2C972&amp;ssl=1 768w, https:\/\/i0.wp.com\/www.foixeauvive.com\/wp-content\/uploads\/2025\/12\/IMG_1395.png?resize=1213%2C1536&amp;ssl=1 1213w, https:\/\/i0.wp.com\/www.foixeauvive.com\/wp-content\/uploads\/2025\/12\/IMG_1395.png?resize=1618%2C2048&amp;ssl=1 1618w, https:\/\/i0.wp.com\/www.foixeauvive.com\/wp-content\/uploads\/2025\/12\/IMG_1395.png?resize=9%2C12&amp;ssl=1 9w, https:\/\/i0.wp.com\/www.foixeauvive.com\/wp-content\/uploads\/2025\/12\/IMG_1395.png?w=1879&amp;ssl=1 1879w\" sizes=\"auto, (max-width: 809px) 100vw, 809px\" \/><\/figure>\n<\/div>\n\n\n\n<div class=\"wp-block-column is-layout-flow wp-block-column-is-layout-flow\">\n<figure class=\"wp-block-image size-large\"><img data-recalc-dims=\"1\" loading=\"lazy\" decoding=\"async\" width=\"951\" height=\"1024\" src=\"https:\/\/i0.wp.com\/www.foixeauvive.com\/wp-content\/uploads\/2025\/12\/IMG_1394.png?resize=951%2C1024&#038;ssl=1\" alt=\"\" class=\"wp-image-5825\" srcset=\"https:\/\/i0.wp.com\/www.foixeauvive.com\/wp-content\/uploads\/2025\/12\/IMG_1394.png?resize=951%2C1024&amp;ssl=1 951w, https:\/\/i0.wp.com\/www.foixeauvive.com\/wp-content\/uploads\/2025\/12\/IMG_1394.png?resize=279%2C300&amp;ssl=1 279w, https:\/\/i0.wp.com\/www.foixeauvive.com\/wp-content\/uploads\/2025\/12\/IMG_1394.png?resize=768%2C827&amp;ssl=1 768w, https:\/\/i0.wp.com\/www.foixeauvive.com\/wp-content\/uploads\/2025\/12\/IMG_1394.png?resize=1427%2C1536&amp;ssl=1 1427w, https:\/\/i0.wp.com\/www.foixeauvive.com\/wp-content\/uploads\/2025\/12\/IMG_1394.png?resize=1902%2C2048&amp;ssl=1 1902w, https:\/\/i0.wp.com\/www.foixeauvive.com\/wp-content\/uploads\/2025\/12\/IMG_1394.png?resize=11%2C12&amp;ssl=1 11w, https:\/\/i0.wp.com\/www.foixeauvive.com\/wp-content\/uploads\/2025\/12\/IMG_1394.png?w=2280&amp;ssl=1 2280w\" sizes=\"auto, (max-width: 951px) 100vw, 951px\" \/><\/figure>\n<\/div>\n<\/div>\n<\/div>\n\n\n\n<div class=\"wp-block-column is-layout-flow wp-block-column-is-layout-flow\">\n<p>Parka hiver longue avec le logo du club brod\u00e9 dans le dos<\/p>\n\n\n\n<p class=\"has-text-align-center\"><mark style=\"background-color:rgba(0, 0, 0, 0)\" class=\"has-inline-color has-luminous-vivid-amber-color\">Prix : 88\u20ac<\/mark><\/p>\n<\/div>\n<\/div>\n\n\n\n<div class=\"wp-block-columns is-layout-flex wp-container-core-columns-is-layout-6 wp-block-columns-is-layout-flex\">\n<div class=\"wp-block-column is-layout-flow wp-block-column-is-layout-flow\">\n<div class=\"wp-block-columns is-layout-flex wp-container-core-columns-is-layout-5 wp-block-columns-is-layout-flex\">\n<div class=\"wp-block-column is-layout-flow wp-block-column-is-layout-flow\">\n<figure class=\"wp-block-image size-large is-resized\"><img data-recalc-dims=\"1\" loading=\"lazy\" decoding=\"async\" width=\"752\" height=\"1024\" src=\"https:\/\/i0.wp.com\/www.foixeauvive.com\/wp-content\/uploads\/2025\/12\/IMG_1397.png?resize=752%2C1024&#038;ssl=1\" alt=\"\" class=\"wp-image-5826\" style=\"width:172px;height:auto\" srcset=\"https:\/\/i0.wp.com\/www.foixeauvive.com\/wp-content\/uploads\/2025\/12\/IMG_1397.png?resize=752%2C1024&amp;ssl=1 752w, https:\/\/i0.wp.com\/www.foixeauvive.com\/wp-content\/uploads\/2025\/12\/IMG_1397.png?resize=220%2C300&amp;ssl=1 220w, https:\/\/i0.wp.com\/www.foixeauvive.com\/wp-content\/uploads\/2025\/12\/IMG_1397.png?resize=768%2C1045&amp;ssl=1 768w, https:\/\/i0.wp.com\/www.foixeauvive.com\/wp-content\/uploads\/2025\/12\/IMG_1397.png?resize=1129%2C1536&amp;ssl=1 1129w, https:\/\/i0.wp.com\/www.foixeauvive.com\/wp-content\/uploads\/2025\/12\/IMG_1397.png?resize=1505%2C2048&amp;ssl=1 1505w, https:\/\/i0.wp.com\/www.foixeauvive.com\/wp-content\/uploads\/2025\/12\/IMG_1397.png?resize=9%2C12&amp;ssl=1 9w, https:\/\/i0.wp.com\/www.foixeauvive.com\/wp-content\/uploads\/2025\/12\/IMG_1397.png?w=2280&amp;ssl=1 2280w\" sizes=\"auto, (max-width: 752px) 100vw, 752px\" \/><\/figure>\n<\/div>\n\n\n\n<div class=\"wp-block-column is-layout-flow wp-block-column-is-layout-flow\">\n<figure class=\"wp-block-image size-large is-resized\"><img data-recalc-dims=\"1\" loading=\"lazy\" decoding=\"async\" width=\"737\" height=\"1024\" src=\"https:\/\/i0.wp.com\/www.foixeauvive.com\/wp-content\/uploads\/2025\/12\/IMG_1396.png?resize=737%2C1024&#038;ssl=1\" alt=\"\" class=\"wp-image-5827\" style=\"width:175px;height:auto\" srcset=\"https:\/\/i0.wp.com\/www.foixeauvive.com\/wp-content\/uploads\/2025\/12\/IMG_1396.png?resize=737%2C1024&amp;ssl=1 737w, https:\/\/i0.wp.com\/www.foixeauvive.com\/wp-content\/uploads\/2025\/12\/IMG_1396.png?resize=216%2C300&amp;ssl=1 216w, https:\/\/i0.wp.com\/www.foixeauvive.com\/wp-content\/uploads\/2025\/12\/IMG_1396.png?resize=768%2C1067&amp;ssl=1 768w, https:\/\/i0.wp.com\/www.foixeauvive.com\/wp-content\/uploads\/2025\/12\/IMG_1396.png?resize=1106%2C1536&amp;ssl=1 1106w, https:\/\/i0.wp.com\/www.foixeauvive.com\/wp-content\/uploads\/2025\/12\/IMG_1396.png?resize=1475%2C2048&amp;ssl=1 1475w, https:\/\/i0.wp.com\/www.foixeauvive.com\/wp-content\/uploads\/2025\/12\/IMG_1396.png?resize=9%2C12&amp;ssl=1 9w, https:\/\/i0.wp.com\/www.foixeauvive.com\/wp-content\/uploads\/2025\/12\/IMG_1396.png?w=2280&amp;ssl=1 2280w\" sizes=\"auto, (max-width: 737px) 100vw, 737px\" \/><\/figure>\n<\/div>\n<\/div>\n<\/div>\n\n\n\n<div class=\"wp-block-column is-layout-flow wp-block-column-is-layout-flow\">\n<p>T-Shirt avec le logo du club cot\u00e9 c\u0153ur et le dessin dans le dos<\/p>\n\n\n\n<p class=\"has-text-align-center\"><mark style=\"background-color:rgba(0, 0, 0, 0)\" class=\"has-inline-color has-luminous-vivid-amber-color\">Prix : 15\u20ac<\/mark><\/p>\n<\/div>\n<\/div>\n\n\n\n<p><\/p>","protected":false},"excerpt":{"rendered":"<p>Pr\u00e9ambule Ci dessous les diff\u00e9rents produits propos\u00e9s par le club vous sont pr\u00e9sent\u00e9s.Pour commander rien de plus simple :Envoyer un mail \u00e0 lenyt@foixeauvive.com contenant le num\u00e9ros de l\u2019article, la taille,<\/p>\n<div><a class=\"btn-filled btn\" href=\"https:\/\/www.foixeauvive.com\/en\/__trashed\/\" title=\"La Boutique du Club\">Read More<\/a><\/div>","protected":false},"author":10,"featured_media":0,"parent":0,"menu_order":0,"comment_status":"closed","ping_status":"closed","template":"","meta":{"footnotes":""},"class_list":["post-5647","page","type-page","status-publish","hentry"],"yoast_head":"<!-- This site is optimized with the Yoast SEO plugin v26.8 - https:\/\/yoast.com\/product\/yoast-seo-wordpress\/ -->\n<title>La Boutique du Club - Rafting et Kayak en Ari\u00e8ge<\/title>\n<meta name=\"robots\" content=\"index, follow, max-snippet:-1, max-image-preview:large, max-video-preview:-1\" \/>\n<link rel=\"canonical\" href=\"https:\/\/www.foixeauvive.com\/en\/__trashed\/\" \/>\n<meta property=\"og:locale\" content=\"en_GB\" \/>\n<meta property=\"og:type\" content=\"article\" \/>\n<meta property=\"og:title\" content=\"La Boutique du Club - Rafting et Kayak en Ari\u00e8ge\" \/>\n<meta property=\"og:description\" content=\"Pr\u00e9ambule Ci dessous les diff\u00e9rents produits propos\u00e9s par le club vous sont pr\u00e9sent\u00e9s.Pour commander rien de plus simple :Envoyer un mail \u00e0 lenyt@foixeauvive.com contenant le num\u00e9ros de l\u2019article, la taille,Read More\" \/>\n<meta property=\"og:url\" content=\"https:\/\/www.foixeauvive.com\/en\/__trashed\/\" \/>\n<meta property=\"og:site_name\" content=\"Rafting et Kayak en Ari\u00e8ge\" \/>\n<meta property=\"article:modified_time\" content=\"2025-12-03T07:43:12+00:00\" \/>\n<meta property=\"og:image\" content=\"https:\/\/www.foixeauvive.com\/wp-content\/uploads\/2025\/12\/IMG_1392-1-751x1024.png\" \/>\n<meta name=\"twitter:card\" content=\"summary_large_image\" \/>\n<meta name=\"twitter:label1\" content=\"Estimated reading time\" \/>\n\t<meta name=\"twitter:data1\" content=\"2 minutes\" \/>\n<script type=\"application\/ld+json\" class=\"yoast-schema-graph\">{\"@context\":\"https:\/\/schema.org\",\"@graph\":[{\"@type\":\"WebPage\",\"@id\":\"https:\/\/www.foixeauvive.com\/__trashed\/\",\"url\":\"https:\/\/www.foixeauvive.com\/__trashed\/\",\"name\":\"La Boutique du Club - Rafting et Kayak en Ari\u00e8ge\",\"isPartOf\":{\"@id\":\"https:\/\/www.foixeauvive.com\/#website\"},\"primaryImageOfPage\":{\"@id\":\"https:\/\/www.foixeauvive.com\/__trashed\/#primaryimage\"},\"image\":{\"@id\":\"https:\/\/www.foixeauvive.com\/__trashed\/#primaryimage\"},\"thumbnailUrl\":\"https:\/\/www.foixeauvive.com\/wp-content\/uploads\/2025\/12\/IMG_1392-1-751x1024.png\",\"datePublished\":\"2025-12-03T07:18:40+00:00\",\"dateModified\":\"2025-12-03T07:43:12+00:00\",\"breadcrumb\":{\"@id\":\"https:\/\/www.foixeauvive.com\/__trashed\/#breadcrumb\"},\"inLanguage\":\"en-GB\",\"potentialAction\":[{\"@type\":\"ReadAction\",\"target\":[\"https:\/\/www.foixeauvive.com\/__trashed\/\"]}]},{\"@type\":\"ImageObject\",\"inLanguage\":\"en-GB\",\"@id\":\"https:\/\/www.foixeauvive.com\/__trashed\/#primaryimage\",\"url\":\"https:\/\/www.foixeauvive.com\/wp-content\/uploads\/2025\/12\/IMG_1392-1-751x1024.png\",\"contentUrl\":\"https:\/\/www.foixeauvive.com\/wp-content\/uploads\/2025\/12\/IMG_1392-1-751x1024.png\"},{\"@type\":\"BreadcrumbList\",\"@id\":\"https:\/\/www.foixeauvive.com\/__trashed\/#breadcrumb\",\"itemListElement\":[{\"@type\":\"ListItem\",\"position\":1,\"name\":\"Accueil\",\"item\":\"https:\/\/www.foixeauvive.com\/\"},{\"@type\":\"ListItem\",\"position\":2,\"name\":\"La Boutique du Club\"}]},{\"@type\":\"WebSite\",\"@id\":\"https:\/\/www.foixeauvive.com\/#website\",\"url\":\"https:\/\/www.foixeauvive.com\/\",\"name\":\"Rafting et Kayak en Ari\u00e8ge\",\"description\":\"Rafting, kayak et cano\u00eb sur Ari\u00e8ge \u00e0 Foix\",\"publisher\":{\"@id\":\"https:\/\/www.foixeauvive.com\/#organization\"},\"potentialAction\":[{\"@type\":\"SearchAction\",\"target\":{\"@type\":\"EntryPoint\",\"urlTemplate\":\"https:\/\/www.foixeauvive.com\/?s={search_term_string}\"},\"query-input\":{\"@type\":\"PropertyValueSpecification\",\"valueRequired\":true,\"valueName\":\"search_term_string\"}}],\"inLanguage\":\"en-GB\"},{\"@type\":\"Organization\",\"@id\":\"https:\/\/www.foixeauvive.com\/#organization\",\"name\":\"Rafting et Kayak en Ari\u00e8ge\",\"url\":\"https:\/\/www.foixeauvive.com\/\",\"logo\":{\"@type\":\"ImageObject\",\"inLanguage\":\"en-GB\",\"@id\":\"https:\/\/www.foixeauvive.com\/#\/schema\/logo\/image\/\",\"url\":\"https:\/\/i0.wp.com\/www.foixeauvive.com\/wp-content\/uploads\/2025\/03\/cropped-Logo_FCKEV_Foix-Canoe-Kayak-eau-Vive-200.png?fit=200%2C148&ssl=1\",\"contentUrl\":\"https:\/\/i0.wp.com\/www.foixeauvive.com\/wp-content\/uploads\/2025\/03\/cropped-Logo_FCKEV_Foix-Canoe-Kayak-eau-Vive-200.png?fit=200%2C148&ssl=1\",\"width\":200,\"height\":148,\"caption\":\"Rafting et Kayak en Ari\u00e8ge\"},\"image\":{\"@id\":\"https:\/\/www.foixeauvive.com\/#\/schema\/logo\/image\/\"}}]}<\/script>\n<!-- \/ Yoast SEO plugin. -->","yoast_head_json":{"title":"La Boutique du Club - Rafting et Kayak en Ari\u00e8ge","robots":{"index":"index","follow":"follow","max-snippet":"max-snippet:-1","max-image-preview":"max-image-preview:large","max-video-preview":"max-video-preview:-1"},"canonical":"https:\/\/www.foixeauvive.com\/en\/__trashed\/","og_locale":"en_GB","og_type":"article","og_title":"La Boutique du Club - Rafting et Kayak en Ari\u00e8ge","og_description":"Pr\u00e9ambule Ci dessous les diff\u00e9rents produits propos\u00e9s par le club vous sont pr\u00e9sent\u00e9s.Pour commander rien de plus simple :Envoyer un mail \u00e0 lenyt@foixeauvive.com contenant le num\u00e9ros de l\u2019article, la taille,Read More","og_url":"https:\/\/www.foixeauvive.com\/en\/__trashed\/","og_site_name":"Rafting et Kayak en Ari\u00e8ge","article_modified_time":"2025-12-03T07:43:12+00:00","og_image":[{"url":"https:\/\/www.foixeauvive.com\/wp-content\/uploads\/2025\/12\/IMG_1392-1-751x1024.png","type":"","width":"","height":""}],"twitter_card":"summary_large_image","twitter_misc":{"Estimated reading time":"2 minutes"},"schema":{"@context":"https:\/\/schema.org","@graph":[{"@type":"WebPage","@id":"https:\/\/www.foixeauvive.com\/__trashed\/","url":"https:\/\/www.foixeauvive.com\/__trashed\/","name":"La Boutique du Club - Rafting et Kayak en Ari\u00e8ge","isPartOf":{"@id":"https:\/\/www.foixeauvive.com\/#website"},"primaryImageOfPage":{"@id":"https:\/\/www.foixeauvive.com\/__trashed\/#primaryimage"},"image":{"@id":"https:\/\/www.foixeauvive.com\/__trashed\/#primaryimage"},"thumbnailUrl":"https:\/\/www.foixeauvive.com\/wp-content\/uploads\/2025\/12\/IMG_1392-1-751x1024.png","datePublished":"2025-12-03T07:18:40+00:00","dateModified":"2025-12-03T07:43:12+00:00","breadcrumb":{"@id":"https:\/\/www.foixeauvive.com\/__trashed\/#breadcrumb"},"inLanguage":"en-GB","potentialAction":[{"@type":"ReadAction","target":["https:\/\/www.foixeauvive.com\/__trashed\/"]}]},{"@type":"ImageObject","inLanguage":"en-GB","@id":"https:\/\/www.foixeauvive.com\/__trashed\/#primaryimage","url":"https:\/\/www.foixeauvive.com\/wp-content\/uploads\/2025\/12\/IMG_1392-1-751x1024.png","contentUrl":"https:\/\/www.foixeauvive.com\/wp-content\/uploads\/2025\/12\/IMG_1392-1-751x1024.png"},{"@type":"BreadcrumbList","@id":"https:\/\/www.foixeauvive.com\/__trashed\/#breadcrumb","itemListElement":[{"@type":"ListItem","position":1,"name":"Accueil","item":"https:\/\/www.foixeauvive.com\/"},{"@type":"ListItem","position":2,"name":"La Boutique du Club"}]},{"@type":"WebSite","@id":"https:\/\/www.foixeauvive.com\/#website","url":"https:\/\/www.foixeauvive.com\/","name":"Rafting et Kayak en Ari\u00e8ge","description":"Rafting, kayak et cano\u00eb sur Ari\u00e8ge \u00e0 Foix","publisher":{"@id":"https:\/\/www.foixeauvive.com\/#organization"},"potentialAction":[{"@type":"SearchAction","target":{"@type":"EntryPoint","urlTemplate":"https:\/\/www.foixeauvive.com\/?s={search_term_string}"},"query-input":{"@type":"PropertyValueSpecification","valueRequired":true,"valueName":"search_term_string"}}],"inLanguage":"en-GB"},{"@type":"Organization","@id":"https:\/\/www.foixeauvive.com\/#organization","name":"Rafting et Kayak en Ari\u00e8ge","url":"https:\/\/www.foixeauvive.com\/","logo":{"@type":"ImageObject","inLanguage":"en-GB","@id":"https:\/\/www.foixeauvive.com\/#\/schema\/logo\/image\/","url":"https:\/\/i0.wp.com\/www.foixeauvive.com\/wp-content\/uploads\/2025\/03\/cropped-Logo_FCKEV_Foix-Canoe-Kayak-eau-Vive-200.png?fit=200%2C148&ssl=1","contentUrl":"https:\/\/i0.wp.com\/www.foixeauvive.com\/wp-content\/uploads\/2025\/03\/cropped-Logo_FCKEV_Foix-Canoe-Kayak-eau-Vive-200.png?fit=200%2C148&ssl=1","width":200,"height":148,"caption":"Rafting et Kayak en Ari\u00e8ge"},"image":{"@id":"https:\/\/www.foixeauvive.com\/#\/schema\/logo\/image\/"}}]}},"jetpack_sharing_enabled":true,"_links":{"self":[{"href":"https:\/\/www.foixeauvive.com\/en\/wp-json\/wp\/v2\/pages\/5647","targetHints":{"allow":["GET"]}}],"collection":[{"href":"https:\/\/www.foixeauvive.com\/en\/wp-json\/wp\/v2\/pages"}],"about":[{"href":"https:\/\/www.foixeauvive.com\/en\/wp-json\/wp\/v2\/types\/page"}],"author":[{"embeddable":true,"href":"https:\/\/www.foixeauvive.com\/en\/wp-json\/wp\/v2\/users\/10"}],"replies":[{"embeddable":true,"href":"https:\/\/www.foixeauvive.com\/en\/wp-json\/wp\/v2\/comments?post=5647"}],"version-history":[{"count":0,"href":"https:\/\/www.foixeauvive.com\/en\/wp-json\/wp\/v2\/pages\/5647\/revisions"}],"wp:attachment":[{"href":"https:\/\/www.foixeauvive.com\/en\/wp-json\/wp\/v2\/media?parent=5647"}],"curies":[{"name":"wp","href":"https:\/\/api.w.org\/{rel}","templated":true}]}}