{"id":87,"date":"2019-05-11T20:08:52","date_gmt":"2019-05-11T18:08:52","guid":{"rendered":"http:\/\/www.foixeauvive.com\/?page_id=87"},"modified":"2025-11-15T19:26:35","modified_gmt":"2025-11-15T18:26:35","slug":"foix-canoe-kayak-eau-vive","status":"publish","type":"page","link":"https:\/\/www.foixeauvive.com\/en\/foix-canoe-kayak-eau-vive\/","title":{"rendered":"Foix Cano\u00eb Kayak Eau Vive"},"content":{"rendered":"<div class=\"yoast-breadcrumbs\"><span><span><a href=\"https:\/\/www.foixeauvive.com\/en\/\">Accueil<\/a><\/span> \u00bb <span class=\"breadcrumb_last\" aria-current=\"page\"><strong>Foix Cano\u00eb Kayak Eau Vive<\/strong><\/span><\/span><\/div>\n\n\n<div style=\"height:20px\" aria-hidden=\"true\" class=\"wp-block-spacer\"><\/div>\n\n\n\n<div style=\"height:40px\" aria-hidden=\"true\" class=\"wp-block-spacer\"><\/div>\n\n\n\n<div class=\"wp-block-cover has-custom-content-position is-position-bottom-center border-grey shadow-box has-medium-font-size wp-duotone-unset-1\" style=\"min-height:647px;aspect-ratio:unset;\"><span aria-hidden=\"true\" class=\"wp-block-cover__background has-background-dim-0 has-background-dim\"><\/span><img data-recalc-dims=\"1\" loading=\"lazy\" decoding=\"async\" width=\"1024\" height=\"768\" class=\"wp-block-cover__image-background wp-image-3413\" alt=\"Jeunes pagayeurs en Sortie club de Foix Cano\u00eb Kayak Eau Vive\" src=\"https:\/\/i0.wp.com\/www.foixeauvive.com\/wp-content\/uploads\/2025\/03\/Jeunes-pagayeurs-en-Sortie-club-de-Foix-Canoe-Kayak-Eau-Vive.webp?resize=1024%2C768&#038;ssl=1\" style=\"object-position:28% 69%\" data-object-fit=\"cover\" data-object-position=\"28% 69%\" srcset=\"https:\/\/i0.wp.com\/www.foixeauvive.com\/wp-content\/uploads\/2025\/03\/Jeunes-pagayeurs-en-Sortie-club-de-Foix-Canoe-Kayak-Eau-Vive.webp?w=1024&amp;ssl=1 1024w, https:\/\/i0.wp.com\/www.foixeauvive.com\/wp-content\/uploads\/2025\/03\/Jeunes-pagayeurs-en-Sortie-club-de-Foix-Canoe-Kayak-Eau-Vive.webp?resize=300%2C225&amp;ssl=1 300w, https:\/\/i0.wp.com\/www.foixeauvive.com\/wp-content\/uploads\/2025\/03\/Jeunes-pagayeurs-en-Sortie-club-de-Foix-Canoe-Kayak-Eau-Vive.webp?resize=768%2C576&amp;ssl=1 768w, https:\/\/i0.wp.com\/www.foixeauvive.com\/wp-content\/uploads\/2025\/03\/Jeunes-pagayeurs-en-Sortie-club-de-Foix-Canoe-Kayak-Eau-Vive.webp?resize=16%2C12&amp;ssl=1 16w\" sizes=\"auto, (max-width: 1024px) 100vw, 1024px\" \/><div class=\"wp-block-cover__inner-container is-layout-constrained wp-block-cover-is-layout-constrained\">\n<p class=\"has-text-align-center box-gold has-text-color has-background has-link-color wp-elements-c77359f6e24acacd500c40871f81ce17\" style=\"color:#bea118;background-color:#0a0a0a99;font-size:2rem\"><strong>Adh\u00e9rez au club de Foix Cano\u00eb Kayak Eau Vive !<\/strong><\/p>\n<\/div><\/div>\n\n\n\n<div style=\"height:40px\" aria-hidden=\"true\" class=\"wp-block-spacer\"><\/div>\n\n\n\n<p class=\"has-text-align-left justify has-medium-font-size\">La base d\u2019accueil est situ\u00e9e, en bordure de l\u2019Ari\u00e8ge, au complexe sportif de l\u2019Ayroule \u00e0 FOIX. Sa situation privil\u00e9gi\u00e9e lui permet de b\u00e9n\u00e9ficier des installations permanentes du <strong>stade d\u2019eau vive du R\u00e9bech<\/strong>.<\/p>\n\n\n\n<div style=\"height:10px\" aria-hidden=\"true\" class=\"wp-block-spacer\"><\/div>\n\n\n\n<p class=\"has-text-align-left justify has-medium-font-size\">Le b\u00e2timent d\u2019une surface utile de 330 m\u00b2, abrite des vestiaires, une salle d\u2019accueil \/ convivialit\u00e9 \/ r\u00e9unions, des locaux de stockage (s\u00e9choir, accessoires, petit mat\u00e9riel) ainsi qu\u2019un grand garage \u00e0 bateaux.<\/p>\n\n\n<div class=\"wp-block-image is-resized\">\n<figure class=\"aligncenter\"><img data-recalc-dims=\"1\" loading=\"lazy\" decoding=\"async\" width=\"636\" height=\"457\" src=\"https:\/\/i0.wp.com\/www.foixeauvive.com\/wp-content\/uploads\/2019\/05\/Sans-titre-1.png?resize=636%2C457\" alt=\"\" class=\"wp-image-50\" style=\"width:50px\" srcset=\"https:\/\/i0.wp.com\/www.foixeauvive.com\/wp-content\/uploads\/2019\/05\/Sans-titre-1.png?w=636&amp;ssl=1 636w, https:\/\/i0.wp.com\/www.foixeauvive.com\/wp-content\/uploads\/2019\/05\/Sans-titre-1.png?resize=300%2C216&amp;ssl=1 300w\" sizes=\"auto, (max-width: 636px) 100vw, 636px\" \/><\/figure><\/div>\n\n\n<div style=\"height:40px\" aria-hidden=\"true\" class=\"wp-block-spacer\"><\/div>\n\n\n\n<h2 class=\"wp-block-heading has-text-align-left\"><strong>Les Activit\u00e9s :<\/strong><\/h2>\n\n\n\n<div style=\"height:40px\" aria-hidden=\"true\" class=\"wp-block-spacer\"><\/div>\n\n\n\n<p class=\"has-text-align-left justify has-medium-font-size\"><strong>Foix Cano\u00eb Kayak Eau Vive<\/strong> est un club affili\u00e9 \u00e0 la <strong>F\u00e9d\u00e9ration Fran\u00e7aise de Cano\u00eb Kayak<\/strong>. Il est labellis\u00e9 <strong>Ecole Fran\u00e7aise de Cano\u00eb Kayak<\/strong> pour ses qualit\u00e9s d\u2019encadrement, de formation. La pratique au sein du club est orient\u00e9e vers les activit\u00e9s de loisirs et de comp\u00e9titions en eau vive<\/p>\n\n\n\n<p class=\"justify has-medium-font-size\"><strong>Le club propose les activit\u00e9s suivantes : <\/strong><\/p>\n\n\n\n<ul class=\"wp-block-list\">\n<li class=\"justify has-medium-font-size\">une \u00e9cole de pagaie, le mercredi apr\u00e8s midi et le samedi apr\u00e8s-midi, de 13 heures 30 \u00e0 16 heures 30, de septembre \u00e0 juin.<\/li>\n\n\n\n<li class=\"justify has-medium-font-size\">des sorties piscine sont propos\u00e9es durant l\u2019hiver.<\/li>\n\n\n\n<li class=\"justify has-medium-font-size\">des sorties ou stages en fin de semaines et vacances scolaires et selon un calendrier pr\u00e9\u00e9tabli.<\/li>\n\n\n\n<li class=\"justify has-medium-font-size\">des s\u00e9ances sont propos\u00e9es en soir\u00e9e pour comp\u00e9titeurs.<\/li>\n<\/ul>\n\n\n<div class=\"wp-block-image is-resized\">\n<figure class=\"aligncenter\"><img data-recalc-dims=\"1\" loading=\"lazy\" decoding=\"async\" width=\"636\" height=\"457\" src=\"https:\/\/i0.wp.com\/www.foixeauvive.com\/wp-content\/uploads\/2019\/05\/Sans-titre-1.png?resize=636%2C457\" alt=\"\" class=\"wp-image-50\" style=\"width:50px\" srcset=\"https:\/\/i0.wp.com\/www.foixeauvive.com\/wp-content\/uploads\/2019\/05\/Sans-titre-1.png?w=636&amp;ssl=1 636w, https:\/\/i0.wp.com\/www.foixeauvive.com\/wp-content\/uploads\/2019\/05\/Sans-titre-1.png?resize=300%2C216&amp;ssl=1 300w\" sizes=\"auto, (max-width: 636px) 100vw, 636px\" \/><\/figure><\/div>\n\n\n<div style=\"height:40px\" aria-hidden=\"true\" class=\"wp-block-spacer\"><\/div>\n\n\n<figure class=\"wp-block-image size-large border-grey-img\"><img data-recalc-dims=\"1\" loading=\"lazy\" decoding=\"async\" width=\"1024\" height=\"652\" class=\"wp-image-676 shadow-box\" src=\"https:\/\/i0.wp.com\/www.foixeauvive.com\/wp-content\/uploads\/2021\/03\/photo-6-1024x652.jpg?resize=1024%2C652\" alt=\"2 jeunes slalomeurs sur la rivi\u00e8re Ari\u00e8ge \u00e0 Foix avec le club de kayak et de rafting FCKEV - Foix Cano\u00eb Kayak eau Vive - Bas du stade du R\u00e9bech\" srcset=\"https:\/\/i0.wp.com\/www.foixeauvive.com\/wp-content\/uploads\/2021\/03\/photo-6-scaled.jpg?resize=1024%2C652&amp;ssl=1 1024w, https:\/\/i0.wp.com\/www.foixeauvive.com\/wp-content\/uploads\/2021\/03\/photo-6-scaled.jpg?resize=300%2C191&amp;ssl=1 300w, https:\/\/i0.wp.com\/www.foixeauvive.com\/wp-content\/uploads\/2021\/03\/photo-6-scaled.jpg?resize=768%2C489&amp;ssl=1 768w, https:\/\/i0.wp.com\/www.foixeauvive.com\/wp-content\/uploads\/2021\/03\/photo-6-scaled.jpg?resize=1536%2C978&amp;ssl=1 1536w, https:\/\/i0.wp.com\/www.foixeauvive.com\/wp-content\/uploads\/2021\/03\/photo-6-scaled.jpg?resize=2048%2C1304&amp;ssl=1 2048w, https:\/\/i0.wp.com\/www.foixeauvive.com\/wp-content\/uploads\/2021\/03\/photo-6-scaled.jpg?w=2280&amp;ssl=1 2280w\" sizes=\"auto, (max-width: 1024px) 100vw, 1024px\" \/><\/figure>\n\n\n<div style=\"height:40px\" aria-hidden=\"true\" class=\"wp-block-spacer\"><\/div>\n\n\n\n<h2 class=\"wp-block-heading has-text-align-left\"><strong>L\u2019adh\u00e9sion<\/strong><\/h2>\n\n\n\n<div style=\"height:40px\" aria-hidden=\"true\" class=\"wp-block-spacer\"><\/div>\n\n\n\n<p class=\"has-text-align-left justify has-medium-font-size\"><strong>Foix Cano\u00eb Kayak Eau Vive<\/strong> est une association type \u00ab\u00a0Loi 1901\u00a0\u00bb <\/p>\n\n\n\n<p class=\"justify has-medium-font-size\"> Le co\u00fbt de l\u2019adh\u00e9sion annuelle, par personne, est fix\u00e9 \u00e0 : <\/p>\n\n\n\n<figure class=\"wp-block-table\"><table  class=\"has-fixed-layout table table-hover\" ><tbody><tr><td><\/td><td class=\"has-text-align-center\" data-align=\"center\">PREMIERE ADHESION (Septembre)<\/td><td class=\"has-text-align-center\" data-align=\"center\">RENOUVELLEMENT<\/td><\/tr><tr><td>Enfant<\/td><td class=\"has-text-align-center\" data-align=\"center\">150\u20ac<\/td><td class=\"has-text-align-center\" data-align=\"center\">130\u20ac<\/td><\/tr><tr><td>Adulte<\/td><td class=\"has-text-align-center\" data-align=\"center\">160\u20ac<\/td><td class=\"has-text-align-center\" data-align=\"center\">140\u20ac<\/td><\/tr><tr><td>Adulte comp\u00e9tition<\/td><td class=\"has-text-align-center\" data-align=\"center\">170\u20ac<\/td><td class=\"has-text-align-center\" data-align=\"center\">150\u20ac<\/td><\/tr><\/tbody><\/table><\/figure>\n\n\n\n<ul class=\"wp-block-list\">\n<li class=\"has-medium-font-size\"><strong>R\u00e9duction de 20\u20ac<\/strong> d\u00e8s la 2\u00e8me licence d&rsquo;une m\u00eame famille (parent + enfant)<\/li>\n<\/ul>\n\n\n\n<p class=\"justify has-medium-font-size\">Les Coupons Sport R\u00e9gion, Tickets Loisirs CAF et MSA sont accept\u00e9s<\/p>\n\n\n\n<p class=\"justify has-medium-font-size\">Pour essayer l\u2019activit\u00e9, vos premi\u00e8res s\u00e9ances sont gratuites. Lors des d\u00e9placements, les frais de repas et d\u2019h\u00e9bergement restent \u00e0 la charge des participants.<\/p>\n\n\n<div class=\"wp-block-image is-resized\">\n<figure class=\"aligncenter\"><img data-recalc-dims=\"1\" loading=\"lazy\" decoding=\"async\" width=\"636\" height=\"457\" src=\"https:\/\/i0.wp.com\/www.foixeauvive.com\/wp-content\/uploads\/2019\/05\/Sans-titre-1.png?resize=636%2C457\" alt=\"\" class=\"wp-image-50\" style=\"width:50px\" srcset=\"https:\/\/i0.wp.com\/www.foixeauvive.com\/wp-content\/uploads\/2019\/05\/Sans-titre-1.png?w=636&amp;ssl=1 636w, https:\/\/i0.wp.com\/www.foixeauvive.com\/wp-content\/uploads\/2019\/05\/Sans-titre-1.png?resize=300%2C216&amp;ssl=1 300w\" sizes=\"auto, (max-width: 636px) 100vw, 636px\" \/><\/figure><\/div>\n\n\n<div style=\"height:40px\" aria-hidden=\"true\" class=\"wp-block-spacer\"><\/div>\n\n\n\n<h2 class=\"wp-block-heading has-text-align-left\"><strong>La s\u00e9curit\u00e9<\/strong><\/h2>\n\n\n\n<div style=\"height:40px\" aria-hidden=\"true\" class=\"wp-block-spacer\"><\/div>\n\n\n\n<p class=\"has-text-align-left justify has-medium-font-size\">Les sports d\u2019eau vive ne sont pas dangereux, mais la s\u00e9curit\u00e9 reste notre priorit\u00e9 majeur.<\/p>\n\n\n\n<p class=\"justify has-medium-font-size\">Les enfants sont accueillis \u00e0 <strong>partir de 6 ans<\/strong>. Ils doivent \u00eatre en possession de l&rsquo;attestation du savoir nager en s\u00e9curit\u00e9 (ASNS). Si n\u00e9cessaire, cette attestation peut \u00eatre valid\u00e9e par un moniteur du club. <\/p>\n\n\n\n<p class=\"has-medium-font-size\">A ce propos, il n\u2019est pas inutile de rappeler certaines r\u00e8gles \u00e9l\u00e9mentaires de s\u00e9curit\u00e9 : <\/p>\n\n\n\n<ul class=\"wp-block-list\">\n<li class=\"justify has-medium-font-size\">V\u00e9rifier l\u2019\u00e9tat et l\u2019\u00e9quipement du bateau avant d\u2019embarquer (cale-pieds, calage de si\u00e8ge, r\u00e9serves de flottabilit\u00e9)<\/li>\n\n\n\n<li class=\"justify has-medium-font-size\">Porter un gilet ferm\u00e9 et \u00e0 votre taille, ainsi qu\u2019un casque bien ajust\u00e9 et des chaussures de sport ferm\u00e9es<\/li>\n\n\n\n<li class=\"justify has-medium-font-size\">Ne jamais naviguer seul<\/li>\n\n\n\n<li class=\"justify has-medium-font-size\">Respecter les consignes<\/li>\n\n\n\n<li class=\"justify has-medium-font-size\">Ne pas embarquer en p\u00e9riode de crue, m\u00eame sur un parcours parfaitement connu.<\/li>\n<\/ul>\n\n\n\n<p class=\"justify has-medium-font-size\">Les moniteurs du club connaissent bien la rivi\u00e8re, n\u2019h\u00e9sitez pas \u00e0 leur demander conseil !<\/p>\n\n\n<div class=\"wp-block-image is-resized\">\n<figure class=\"aligncenter\"><img data-recalc-dims=\"1\" loading=\"lazy\" decoding=\"async\" width=\"636\" height=\"457\" src=\"https:\/\/i0.wp.com\/www.foixeauvive.com\/wp-content\/uploads\/2019\/05\/Sans-titre-1.png?resize=636%2C457\" alt=\"\" class=\"wp-image-50\" style=\"width:50px\" srcset=\"https:\/\/i0.wp.com\/www.foixeauvive.com\/wp-content\/uploads\/2019\/05\/Sans-titre-1.png?w=636&amp;ssl=1 636w, https:\/\/i0.wp.com\/www.foixeauvive.com\/wp-content\/uploads\/2019\/05\/Sans-titre-1.png?resize=300%2C216&amp;ssl=1 300w\" sizes=\"auto, (max-width: 636px) 100vw, 636px\" \/><\/figure><\/div>\n\n\n<div style=\"height:40px\" aria-hidden=\"true\" class=\"wp-block-spacer\"><\/div>\n\n\n\n<h2 class=\"wp-block-heading has-text-align-left\"><strong>La tenue vestimentaire<\/strong><\/h2>\n\n\n\n<div style=\"height:40px\" aria-hidden=\"true\" class=\"wp-block-spacer\"><\/div>\n\n\n\n<p class=\"has-text-align-left justify has-medium-font-size\">Pour commencer l&rsquo;activit\u00e9, le club vous pr\u00eate&nbsp;tout le mat\u00e9riel n\u00e9cessaire, il vous faut simplement pr\u00e9voir un maillot de bain, une serviette et des&nbsp;<strong><u>chaussures ferm\u00e9es<\/u><\/strong>&nbsp;(type basket)<\/p>\n\n\n\n<p class=\"has-text-align-left justify has-medium-font-size\">Vous pouvez \u00e9galement pr\u00e9voir si possible des v\u00eatements&nbsp;thermiques et un k-way<\/p>\n\n\n\n<div style=\"height:20px\" aria-hidden=\"true\" class=\"wp-block-spacer\"><\/div>\n\n\n\n<p class=\"has-text-align-center has-medium-font-size\">Plus d&rsquo;informations au <strong><a href=\"https:\/\/wa.me\/33652501022\" target=\"_blank\" rel=\"noreferrer noopener nofollow\">06 52 50 10 22<\/a><\/strong><\/p>\n\n\n\n<div style=\"height:20px\" aria-hidden=\"true\" class=\"wp-block-spacer\"><\/div>","protected":false},"excerpt":{"rendered":"<p>La base d\u2019accueil est situ\u00e9e, en bordure de l\u2019Ari\u00e8ge, au complexe sportif de l\u2019Ayroule \u00e0 FOIX. Sa situation privil\u00e9gi\u00e9e lui permet de b\u00e9n\u00e9ficier des installations permanentes du stade d\u2019eau vive<\/p>\n<div><a class=\"btn-filled btn\" href=\"https:\/\/www.foixeauvive.com\/en\/foix-canoe-kayak-eau-vive\/\" title=\"Foix Cano\u00eb Kayak Eau Vive\">Read More<\/a><\/div>","protected":false},"author":6,"featured_media":0,"parent":0,"menu_order":0,"comment_status":"closed","ping_status":"closed","template":"page-templates\/full-width.php","meta":{"footnotes":""},"class_list":["post-87","page","type-page","status-publish","hentry"],"yoast_head":"<!-- This site is optimized with the Yoast SEO plugin v26.8 - https:\/\/yoast.com\/product\/yoast-seo-wordpress\/ -->\n<title>Foix Cano\u00eb Kayak Eau Vive - Rafting et Kayak en Ari\u00e8ge<\/title>\n<meta name=\"robots\" content=\"index, follow, max-snippet:-1, max-image-preview:large, max-video-preview:-1\" \/>\n<link rel=\"canonical\" href=\"https:\/\/www.foixeauvive.com\/en\/foix-canoe-kayak-eau-vive\/\" \/>\n<meta property=\"og:locale\" content=\"en_GB\" \/>\n<meta property=\"og:type\" content=\"article\" \/>\n<meta property=\"og:title\" content=\"Foix Cano\u00eb Kayak Eau Vive - Rafting et Kayak en Ari\u00e8ge\" \/>\n<meta property=\"og:description\" content=\"La base d\u2019accueil est situ\u00e9e, en bordure de l\u2019Ari\u00e8ge, au complexe sportif de l\u2019Ayroule \u00e0 FOIX. Sa situation privil\u00e9gi\u00e9e lui permet de b\u00e9n\u00e9ficier des installations permanentes du stade d\u2019eau viveRead More\" \/>\n<meta property=\"og:url\" content=\"https:\/\/www.foixeauvive.com\/en\/foix-canoe-kayak-eau-vive\/\" \/>\n<meta property=\"og:site_name\" content=\"Rafting et Kayak en Ari\u00e8ge\" \/>\n<meta property=\"article:modified_time\" content=\"2025-11-15T18:26:35+00:00\" \/>\n<meta property=\"og:image\" content=\"https:\/\/www.foixeauvive.com\/wp-content\/uploads\/2025\/03\/Jeunes-pagayeurs-en-Sortie-club-de-Foix-Canoe-Kayak-Eau-Vive.webp\" \/>\n<meta name=\"twitter:card\" content=\"summary_large_image\" \/>\n<meta name=\"twitter:label1\" content=\"Estimated reading time\" \/>\n\t<meta name=\"twitter:data1\" content=\"4 minutes\" \/>\n<script type=\"application\/ld+json\" class=\"yoast-schema-graph\">{\"@context\":\"https:\/\/schema.org\",\"@graph\":[{\"@type\":\"WebPage\",\"@id\":\"https:\/\/www.foixeauvive.com\/foix-canoe-kayak-eau-vive\/\",\"url\":\"https:\/\/www.foixeauvive.com\/foix-canoe-kayak-eau-vive\/\",\"name\":\"Foix Cano\u00eb Kayak Eau Vive - Rafting et Kayak en Ari\u00e8ge\",\"isPartOf\":{\"@id\":\"https:\/\/www.foixeauvive.com\/#website\"},\"primaryImageOfPage\":{\"@id\":\"https:\/\/www.foixeauvive.com\/foix-canoe-kayak-eau-vive\/#primaryimage\"},\"image\":{\"@id\":\"https:\/\/www.foixeauvive.com\/foix-canoe-kayak-eau-vive\/#primaryimage\"},\"thumbnailUrl\":\"https:\/\/www.foixeauvive.com\/wp-content\/uploads\/2025\/03\/Jeunes-pagayeurs-en-Sortie-club-de-Foix-Canoe-Kayak-Eau-Vive.webp\",\"datePublished\":\"2019-05-11T18:08:52+00:00\",\"dateModified\":\"2025-11-15T18:26:35+00:00\",\"breadcrumb\":{\"@id\":\"https:\/\/www.foixeauvive.com\/foix-canoe-kayak-eau-vive\/#breadcrumb\"},\"inLanguage\":\"en-GB\",\"potentialAction\":[{\"@type\":\"ReadAction\",\"target\":[\"https:\/\/www.foixeauvive.com\/foix-canoe-kayak-eau-vive\/\"]}]},{\"@type\":\"ImageObject\",\"inLanguage\":\"en-GB\",\"@id\":\"https:\/\/www.foixeauvive.com\/foix-canoe-kayak-eau-vive\/#primaryimage\",\"url\":\"https:\/\/www.foixeauvive.com\/wp-content\/uploads\/2025\/03\/Jeunes-pagayeurs-en-Sortie-club-de-Foix-Canoe-Kayak-Eau-Vive.webp\",\"contentUrl\":\"https:\/\/www.foixeauvive.com\/wp-content\/uploads\/2025\/03\/Jeunes-pagayeurs-en-Sortie-club-de-Foix-Canoe-Kayak-Eau-Vive.webp\"},{\"@type\":\"BreadcrumbList\",\"@id\":\"https:\/\/www.foixeauvive.com\/foix-canoe-kayak-eau-vive\/#breadcrumb\",\"itemListElement\":[{\"@type\":\"ListItem\",\"position\":1,\"name\":\"Accueil\",\"item\":\"https:\/\/www.foixeauvive.com\/\"},{\"@type\":\"ListItem\",\"position\":2,\"name\":\"Foix Cano\u00eb Kayak Eau Vive\"}]},{\"@type\":\"WebSite\",\"@id\":\"https:\/\/www.foixeauvive.com\/#website\",\"url\":\"https:\/\/www.foixeauvive.com\/\",\"name\":\"Rafting et Kayak en Ari\u00e8ge\",\"description\":\"Rafting, kayak et cano\u00eb sur Ari\u00e8ge \u00e0 Foix\",\"publisher\":{\"@id\":\"https:\/\/www.foixeauvive.com\/#organization\"},\"potentialAction\":[{\"@type\":\"SearchAction\",\"target\":{\"@type\":\"EntryPoint\",\"urlTemplate\":\"https:\/\/www.foixeauvive.com\/?s={search_term_string}\"},\"query-input\":{\"@type\":\"PropertyValueSpecification\",\"valueRequired\":true,\"valueName\":\"search_term_string\"}}],\"inLanguage\":\"en-GB\"},{\"@type\":\"Organization\",\"@id\":\"https:\/\/www.foixeauvive.com\/#organization\",\"name\":\"Rafting et Kayak en Ari\u00e8ge\",\"url\":\"https:\/\/www.foixeauvive.com\/\",\"logo\":{\"@type\":\"ImageObject\",\"inLanguage\":\"en-GB\",\"@id\":\"https:\/\/www.foixeauvive.com\/#\/schema\/logo\/image\/\",\"url\":\"https:\/\/i0.wp.com\/www.foixeauvive.com\/wp-content\/uploads\/2025\/03\/cropped-Logo_FCKEV_Foix-Canoe-Kayak-eau-Vive-200.png?fit=200%2C148&ssl=1\",\"contentUrl\":\"https:\/\/i0.wp.com\/www.foixeauvive.com\/wp-content\/uploads\/2025\/03\/cropped-Logo_FCKEV_Foix-Canoe-Kayak-eau-Vive-200.png?fit=200%2C148&ssl=1\",\"width\":200,\"height\":148,\"caption\":\"Rafting et Kayak en Ari\u00e8ge\"},\"image\":{\"@id\":\"https:\/\/www.foixeauvive.com\/#\/schema\/logo\/image\/\"}}]}<\/script>\n<!-- \/ Yoast SEO plugin. -->","yoast_head_json":{"title":"Foix Cano\u00eb Kayak Eau Vive - Rafting et Kayak en Ari\u00e8ge","robots":{"index":"index","follow":"follow","max-snippet":"max-snippet:-1","max-image-preview":"max-image-preview:large","max-video-preview":"max-video-preview:-1"},"canonical":"https:\/\/www.foixeauvive.com\/en\/foix-canoe-kayak-eau-vive\/","og_locale":"en_GB","og_type":"article","og_title":"Foix Cano\u00eb Kayak Eau Vive - Rafting et Kayak en Ari\u00e8ge","og_description":"La base d\u2019accueil est situ\u00e9e, en bordure de l\u2019Ari\u00e8ge, au complexe sportif de l\u2019Ayroule \u00e0 FOIX. Sa situation privil\u00e9gi\u00e9e lui permet de b\u00e9n\u00e9ficier des installations permanentes du stade d\u2019eau viveRead More","og_url":"https:\/\/www.foixeauvive.com\/en\/foix-canoe-kayak-eau-vive\/","og_site_name":"Rafting et Kayak en Ari\u00e8ge","article_modified_time":"2025-11-15T18:26:35+00:00","og_image":[{"url":"https:\/\/www.foixeauvive.com\/wp-content\/uploads\/2025\/03\/Jeunes-pagayeurs-en-Sortie-club-de-Foix-Canoe-Kayak-Eau-Vive.webp","type":"","width":"","height":""}],"twitter_card":"summary_large_image","twitter_misc":{"Estimated reading time":"4 minutes"},"schema":{"@context":"https:\/\/schema.org","@graph":[{"@type":"WebPage","@id":"https:\/\/www.foixeauvive.com\/foix-canoe-kayak-eau-vive\/","url":"https:\/\/www.foixeauvive.com\/foix-canoe-kayak-eau-vive\/","name":"Foix Cano\u00eb Kayak Eau Vive - Rafting et Kayak en Ari\u00e8ge","isPartOf":{"@id":"https:\/\/www.foixeauvive.com\/#website"},"primaryImageOfPage":{"@id":"https:\/\/www.foixeauvive.com\/foix-canoe-kayak-eau-vive\/#primaryimage"},"image":{"@id":"https:\/\/www.foixeauvive.com\/foix-canoe-kayak-eau-vive\/#primaryimage"},"thumbnailUrl":"https:\/\/www.foixeauvive.com\/wp-content\/uploads\/2025\/03\/Jeunes-pagayeurs-en-Sortie-club-de-Foix-Canoe-Kayak-Eau-Vive.webp","datePublished":"2019-05-11T18:08:52+00:00","dateModified":"2025-11-15T18:26:35+00:00","breadcrumb":{"@id":"https:\/\/www.foixeauvive.com\/foix-canoe-kayak-eau-vive\/#breadcrumb"},"inLanguage":"en-GB","potentialAction":[{"@type":"ReadAction","target":["https:\/\/www.foixeauvive.com\/foix-canoe-kayak-eau-vive\/"]}]},{"@type":"ImageObject","inLanguage":"en-GB","@id":"https:\/\/www.foixeauvive.com\/foix-canoe-kayak-eau-vive\/#primaryimage","url":"https:\/\/www.foixeauvive.com\/wp-content\/uploads\/2025\/03\/Jeunes-pagayeurs-en-Sortie-club-de-Foix-Canoe-Kayak-Eau-Vive.webp","contentUrl":"https:\/\/www.foixeauvive.com\/wp-content\/uploads\/2025\/03\/Jeunes-pagayeurs-en-Sortie-club-de-Foix-Canoe-Kayak-Eau-Vive.webp"},{"@type":"BreadcrumbList","@id":"https:\/\/www.foixeauvive.com\/foix-canoe-kayak-eau-vive\/#breadcrumb","itemListElement":[{"@type":"ListItem","position":1,"name":"Accueil","item":"https:\/\/www.foixeauvive.com\/"},{"@type":"ListItem","position":2,"name":"Foix Cano\u00eb Kayak Eau Vive"}]},{"@type":"WebSite","@id":"https:\/\/www.foixeauvive.com\/#website","url":"https:\/\/www.foixeauvive.com\/","name":"Rafting et Kayak en Ari\u00e8ge","description":"Rafting, kayak et cano\u00eb sur Ari\u00e8ge \u00e0 Foix","publisher":{"@id":"https:\/\/www.foixeauvive.com\/#organization"},"potentialAction":[{"@type":"SearchAction","target":{"@type":"EntryPoint","urlTemplate":"https:\/\/www.foixeauvive.com\/?s={search_term_string}"},"query-input":{"@type":"PropertyValueSpecification","valueRequired":true,"valueName":"search_term_string"}}],"inLanguage":"en-GB"},{"@type":"Organization","@id":"https:\/\/www.foixeauvive.com\/#organization","name":"Rafting et Kayak en Ari\u00e8ge","url":"https:\/\/www.foixeauvive.com\/","logo":{"@type":"ImageObject","inLanguage":"en-GB","@id":"https:\/\/www.foixeauvive.com\/#\/schema\/logo\/image\/","url":"https:\/\/i0.wp.com\/www.foixeauvive.com\/wp-content\/uploads\/2025\/03\/cropped-Logo_FCKEV_Foix-Canoe-Kayak-eau-Vive-200.png?fit=200%2C148&ssl=1","contentUrl":"https:\/\/i0.wp.com\/www.foixeauvive.com\/wp-content\/uploads\/2025\/03\/cropped-Logo_FCKEV_Foix-Canoe-Kayak-eau-Vive-200.png?fit=200%2C148&ssl=1","width":200,"height":148,"caption":"Rafting et Kayak en Ari\u00e8ge"},"image":{"@id":"https:\/\/www.foixeauvive.com\/#\/schema\/logo\/image\/"}}]}},"jetpack_sharing_enabled":true,"_links":{"self":[{"href":"https:\/\/www.foixeauvive.com\/en\/wp-json\/wp\/v2\/pages\/87","targetHints":{"allow":["GET"]}}],"collection":[{"href":"https:\/\/www.foixeauvive.com\/en\/wp-json\/wp\/v2\/pages"}],"about":[{"href":"https:\/\/www.foixeauvive.com\/en\/wp-json\/wp\/v2\/types\/page"}],"author":[{"embeddable":true,"href":"https:\/\/www.foixeauvive.com\/en\/wp-json\/wp\/v2\/users\/6"}],"replies":[{"embeddable":true,"href":"https:\/\/www.foixeauvive.com\/en\/wp-json\/wp\/v2\/comments?post=87"}],"version-history":[{"count":0,"href":"https:\/\/www.foixeauvive.com\/en\/wp-json\/wp\/v2\/pages\/87\/revisions"}],"wp:attachment":[{"href":"https:\/\/www.foixeauvive.com\/en\/wp-json\/wp\/v2\/media?parent=87"}],"curies":[{"name":"wp","href":"https:\/\/api.w.org\/{rel}","templated":true}]}}